{"id":98,"date":"2023-08-01T20:01:35","date_gmt":"2023-08-01T20:01:35","guid":{"rendered":"https:\/\/staging-peru.mapbiomas.org\/?page_id=98"},"modified":"2025-05-30T15:07:28","modified_gmt":"2025-05-30T20:07:28","slug":"descargas","status":"publish","type":"page","link":"https:\/\/peru.mapbiomas.org\/en\/descargas\/","title":{"rendered":"Downloads"},"content":{"rendered":"<p>Descargue aqui mapas, datos estat\u00edsticos, mosaicos de im\u00e1genes Landsat, c\u00f3digos de leyenda, entre otros datos y materiales de comunicaci\u00f3n generados por MapBiomas Per\u00fa.<\/p>","protected":false},"excerpt":{"rendered":"<p>Descargue aqui mapas, datos estat\u00edsticos, mosaicos de im\u00e1genes Landsat, c\u00f3digos de leyenda, entre otros datos y materiales de comunicaci\u00f3n generados por MapBiomas Per\u00fa.<\/p>","protected":false},"author":2,"featured_media":0,"parent":0,"menu_order":0,"comment_status":"closed","ping_status":"closed","template":"page_download.php","meta":{"_uag_custom_page_level_css":""},"acf":[],"uagb_featured_image_src":{"full":false,"thumbnail":false,"medium":false,"medium_large":false,"large":false,"1536x1536":false,"2048x2048":false,"trp-custom-language-flag":false,"infographic":false,"team":false},"uagb_author_info":{"display_name":"Adriel Fernandes","author_link":"https:\/\/peru.mapbiomas.org\/en\/author\/adriel-fernandes\/"},"uagb_comment_info":0,"uagb_excerpt":"Descargue aqui mapas, datos estat\u00edsticos, mosaicos de im\u00e1genes Landsat, c\u00f3digos de leyenda, entre otros datos y materiales de comunicaci\u00f3n generados por MapBiomas Per\u00fa.","_links":{"self":[{"href":"https:\/\/peru.mapbiomas.org\/en\/wp-json\/wp\/v2\/pages\/98"}],"collection":[{"href":"https:\/\/peru.mapbiomas.org\/en\/wp-json\/wp\/v2\/pages"}],"about":[{"href":"https:\/\/peru.mapbiomas.org\/en\/wp-json\/wp\/v2\/types\/page"}],"author":[{"embeddable":true,"href":"https:\/\/peru.mapbiomas.org\/en\/wp-json\/wp\/v2\/users\/2"}],"replies":[{"embeddable":true,"href":"https:\/\/peru.mapbiomas.org\/en\/wp-json\/wp\/v2\/comments?post=98"}],"version-history":[{"count":3,"href":"https:\/\/peru.mapbiomas.org\/en\/wp-json\/wp\/v2\/pages\/98\/revisions"}],"predecessor-version":[{"id":1397,"href":"https:\/\/peru.mapbiomas.org\/en\/wp-json\/wp\/v2\/pages\/98\/revisions\/1397"}],"wp:attachment":[{"href":"https:\/\/peru.mapbiomas.org\/en\/wp-json\/wp\/v2\/media?parent=98"}],"curies":[{"name":"wp","href":"https:\/\/api.w.org\/{rel}","templated":true}]}}