{"id":95,"date":"2023-08-01T20:00:48","date_gmt":"2023-08-01T20:00:48","guid":{"rendered":"https:\/\/staging-peru.mapbiomas.org\/?page_id=95"},"modified":"2025-11-10T07:39:00","modified_gmt":"2025-11-10T12:39:00","slug":"estadisticas","status":"publish","type":"page","link":"https:\/\/peru.mapbiomas.org\/en\/estadisticas\/","title":{"rendered":"Statistics"},"content":{"rendered":"<p>Aqu\u00ed puede descargar la base de datos de las estad\u00edsticas de mapas de MapBiomas Per\u00fa<\/p>\n\n\n\n<p class=\"has-text-align-center\"><strong>Colecci\u00f3n 3 (actualizaci\u00f3n 05\/06\/2025)<\/strong><\/p>\n\n\n\n<ul>\n<li><strong>COBERTURA Y TRANSICIONES<\/strong> | Datos de superficie (ha) por clase de cobertura o uso del suelo en el periodo 1985 &#8211; 2024:\n<ul>\n<li><a rel=\"noreferrer noopener\" href=\"https:\/\/peru.mapbiomas.org\/wp-content\/uploads\/sites\/14\/2025\/06\/MAPBIOMAS-PERU-LULC-COL3-BIOMES.xlsx\" data-type=\"URL\" data-id=\"https:\/\/peru.mapbiomas.org\/wp-content\/uploads\/sites\/14\/2025\/06\/MAPBIOMAS-PERU-LULC-COL3-BIOMES.xlsx\" target=\"_blank\">BIOMAS<\/a><\/li>\n\n\n\n<li><a href=\"https:\/\/storage.googleapis.com\/mapbiomas-public\/initiatives\/peru\/collection_3\/statistics\/MAPBIOMAS-PERU-LULC-COL3-LIMITES-POLITICOS.xlsx\" data-type=\"URL\" target=\"_blank\" rel=\"noreferrer noopener\">L\u00cdMITES POL\u00cdTICOS<\/a><\/li>\n\n\n\n<li><a rel=\"noreferrer noopener\" href=\"https:\/\/peru.mapbiomas.org\/wp-content\/uploads\/sites\/14\/2025\/06\/MAPBIOMAS-PERU-LULC-COL3-CUENCAS.xlsx\" target=\"_blank\"><\/a><a rel=\"noreferrer noopener\" href=\"https:\/\/peru.mapbiomas.org\/wp-content\/uploads\/sites\/14\/2025\/06\/MAPBIOMAS-PERU-LULC-COL3-CUENCAS.xlsx\" target=\"_blank\">CUENCAS HIDROGR\u00c1FICAS<\/a><\/li>\n\n\n\n<li><a rel=\"noreferrer noopener\" href=\"https:\/\/peru.mapbiomas.org\/wp-content\/uploads\/sites\/14\/2025\/06\/MAPBIOMAS-PERU-LULC-COL3-AREAS-PROTEGIDAS.xlsx\" target=\"_blank\">\u00c1REAS NATURALES PROTEGIDAS<\/a><\/li>\n\n\n\n<li><a rel=\"noreferrer noopener\" href=\"https:\/\/peru.mapbiomas.org\/wp-content\/uploads\/sites\/14\/2025\/06\/MAPBIOMAS-PERU-LULC-COL3-ZONA-AMORTIGUAMIENTO.xlsx\" data-type=\"URL\" data-id=\"https:\/\/peru.mapbiomas.org\/wp-content\/uploads\/sites\/14\/2025\/06\/MAPBIOMAS-PERU-LULC-COL3-ZONA-AMORTIGUAMIENTO.xlsx\" target=\"_blank\">ZONA DE AMORTIGUAMIENTO<\/a><\/li>\n\n\n\n<li><a rel=\"noreferrer noopener\" href=\"https:\/\/peru.mapbiomas.org\/wp-content\/uploads\/sites\/14\/2025\/06\/MAPBIOMAS-PERU-LULC-COL3-AREAS-CONSERVACION-PRIVADA.xlsx\" target=\"_blank\">\u00c1REAS DE CONSERVACI\u00d3N PRIVADA<\/a><\/li>\n\n\n\n<li><a rel=\"noreferrer noopener\" href=\"https:\/\/peru.mapbiomas.org\/wp-content\/uploads\/sites\/14\/2025\/06\/MAPBIOMAS-PERU-LULC-COL3-AREAS-CONSERVACION-REGIONAL.xlsx\" target=\"_blank\"><\/a><a href=\"https:\/\/peru.mapbiomas.org\/wp-content\/uploads\/sites\/14\/2025\/06\/MAPBIOMAS-PERU-LULC-COL3-AREAS-CONSERVACION-REGIONAL-1.xlsx\" target=\"_blank\" rel=\"noreferrer noopener\">\u00c1REAS DE CONSERVACI\u00d3N REGIONAL<\/a><\/li>\n\n\n\n<li><a href=\"https:\/\/storage.googleapis.com\/mapbiomas-public\/initiatives\/peru\/collection_3\/statistics\/MAPBIOMAS-PERU-LULC-COL3-CN-TITULADA.xlsx\" target=\"_blank\" rel=\"noreferrer noopener\">COMUNIDADES NATIVAS TITULADAS<\/a><\/li>\n\n\n\n<li><a rel=\"noreferrer noopener\" href=\"https:\/\/peru.mapbiomas.org\/wp-content\/uploads\/sites\/14\/2025\/06\/MAPBIOMAS-PERU-LULC-COL3-SOLICITUD-AMPLIACION-TITULACION.xlsx\" target=\"_blank\">SOLICITUDES PARA COMUNIDADES NATIVAS<\/a><\/li>\n\n\n\n<li><a href=\"https:\/\/storage.googleapis.com\/mapbiomas-public\/initiatives\/peru\/collection_3\/statistics\/MAPBIOMAS-PERU-LULC-COL3-CC-TITULADA.xlsx\" target=\"_blank\" rel=\"noreferrer noopener\">COMUNIDADES CAMPESINAS TITULADAS<\/a><\/li>\n\n\n\n<li><a rel=\"noreferrer noopener\" href=\"https:\/\/peru.mapbiomas.org\/wp-content\/uploads\/sites\/14\/2025\/06\/MAPBIOMAS-PERU-LULC-COL3-COMUNIDAD-CAMPESINA-RECONOCIDA.xlsx\" target=\"_blank\"><\/a><a href=\"https:\/\/peru.mapbiomas.org\/wp-content\/uploads\/sites\/14\/2025\/06\/MAPBIOMAS-PERU-LULC-COL3-COMUNIDAD-CAMPESINA-RECONOCIDA.xlsx\" target=\"_blank\" rel=\"noreferrer noopener\">COMUNIDADES CAMPESINAS RECONOCIDAS<\/a><\/li>\n\n\n\n<li><a rel=\"noreferrer noopener\" href=\"https:\/\/peru.mapbiomas.org\/wp-content\/uploads\/sites\/14\/2025\/06\/MAPBIOMAS-PERU-LULC-COL3-RESERVA-TERRITORIAL.xlsx\" target=\"_blank\">RESERVA TERRITORIAL<\/a><\/li>\n\n\n\n<li><a rel=\"noreferrer noopener\" href=\"https:\/\/peru.mapbiomas.org\/wp-content\/uploads\/sites\/14\/2025\/06\/MAPBIOMAS-PERU-LULC-COL3-RESERVA-INDIGENA.xlsx\" target=\"_blank\">RESERVA IND\u00cdGENA<\/a><\/li>\n\n\n\n<li><a rel=\"noreferrer noopener\" href=\"https:\/\/peru.mapbiomas.org\/wp-content\/uploads\/sites\/14\/2025\/06\/MAPBIOMAS-PERU-LULC-COL3-RESERVA-BIOSFERA.xlsx\" target=\"_blank\">RESERVA DE BIOSFERA<\/a><\/li>\n\n\n\n<li><a rel=\"noreferrer noopener\" href=\"https:\/\/peru.mapbiomas.org\/wp-content\/uploads\/sites\/14\/2025\/06\/MAPBIOMAS-PERU-LULC-COL3-ECOZONA.xlsx\" target=\"_blank\">ECOZONAS<\/a><\/li>\n<\/ul>\n<\/li>\n<\/ul>\n\n\n\n<p><\/p>\n\n\n\n<ul>\n<li><strong>P\u00c9RDIDA Y VEGETACI\u00d3N SECUND\u00c1RIA | <\/strong>Datos de superficie (ha) de p\u00e9rdida y vegetaci\u00f3n secundaria en el periodo 2001 &#8211; 2024:\n<ul>\n<li><a href=\"https:\/\/peru.mapbiomas.org\/wp-content\/uploads\/sites\/14\/2025\/06\/MAPBIOMAS-PERU-LULC-COL3-PERDIDA-VEGETATION-SECUNDARIA-BIOMAS.xlsx\" data-type=\"URL\" target=\"_blank\" rel=\"noreferrer noopener\">BIOMAS<\/a><\/li>\n<\/ul>\n<\/li>\n<\/ul>\n\n\n\n<p class=\"has-text-align-center\"><strong>Collection 2<\/strong><\/p>\n\n\n\n<ul>\n<li><a rel=\"noreferrer noopener\" href=\"https:\/\/storage.googleapis.com\/mapbiomas-public\/initiatives\/peru\/collection_2\/download\/statistics_lulc_peru_col2.xlsx\" target=\"_blank\">LAND USE\/LAND COVER AND TRANSITIONS<\/a> - Extent data in hectares (ha) of land use and land cover changes by region, province and districts from 1985 to 2022.<\/li>\n<\/ul>\n\n\n\n<p><\/p>","protected":false},"excerpt":{"rendered":"<p>Aqu\u00ed puede descargar la base de datos de las estad\u00edsticas de mapas de MapBiomas Per\u00fa Colecci\u00f3n 3 (actualizaci\u00f3n 05\/06\/2025) Colecci\u00f3n 2<\/p>","protected":false},"author":2,"featured_media":0,"parent":0,"menu_order":0,"comment_status":"closed","ping_status":"closed","template":"","meta":{"_uag_custom_page_level_css":""},"acf":[],"uagb_featured_image_src":{"full":false,"thumbnail":false,"medium":false,"medium_large":false,"large":false,"1536x1536":false,"2048x2048":false,"trp-custom-language-flag":false,"infographic":false,"team":false},"uagb_author_info":{"display_name":"Adriel Fernandes","author_link":"https:\/\/peru.mapbiomas.org\/en\/author\/adriel-fernandes\/"},"uagb_comment_info":0,"uagb_excerpt":"Aqu\u00ed puede descargar la base de datos de las estad\u00edsticas de mapas de MapBiomas Per\u00fa Colecci\u00f3n 3 (actualizaci\u00f3n 05\/06\/2025) Colecci\u00f3n 2","_links":{"self":[{"href":"https:\/\/peru.mapbiomas.org\/en\/wp-json\/wp\/v2\/pages\/95"}],"collection":[{"href":"https:\/\/peru.mapbiomas.org\/en\/wp-json\/wp\/v2\/pages"}],"about":[{"href":"https:\/\/peru.mapbiomas.org\/en\/wp-json\/wp\/v2\/types\/page"}],"author":[{"embeddable":true,"href":"https:\/\/peru.mapbiomas.org\/en\/wp-json\/wp\/v2\/users\/2"}],"replies":[{"embeddable":true,"href":"https:\/\/peru.mapbiomas.org\/en\/wp-json\/wp\/v2\/comments?post=95"}],"version-history":[{"count":21,"href":"https:\/\/peru.mapbiomas.org\/en\/wp-json\/wp\/v2\/pages\/95\/revisions"}],"predecessor-version":[{"id":1731,"href":"https:\/\/peru.mapbiomas.org\/en\/wp-json\/wp\/v2\/pages\/95\/revisions\/1731"}],"wp:attachment":[{"href":"https:\/\/peru.mapbiomas.org\/en\/wp-json\/wp\/v2\/media?parent=95"}],"curies":[{"name":"wp","href":"https:\/\/api.w.org\/{rel}","templated":true}]}}