{"id":92,"date":"2023-08-01T19:59:46","date_gmt":"2023-08-01T19:59:46","guid":{"rendered":"https:\/\/staging-peru.mapbiomas.org\/?page_id=92"},"modified":"2024-11-06T13:40:10","modified_gmt":"2024-11-06T18:40:10","slug":"terminos-de-uso","status":"publish","type":"page","link":"https:\/\/peru.mapbiomas.org\/en\/terminos-de-uso\/","title":{"rendered":"Terms of Use"},"content":{"rendered":"<div class=\"wp-block-media-text alignwide has-media-on-the-right is-stacked-on-mobile\" style=\"grid-template-columns:auto 23%\"><div class=\"wp-block-media-text__content\">\n<p><\/p>\n\n\n\n<p style=\"font-size:14px\">Los datos de MapBiomas son p\u00fablicos, abiertos y gratuitos bajo licencia Creative Commons <a rel=\"noreferrer noopener\" href=\"https:\/\/creativecommons.org\/licenses\/by\/4.0\/\" target=\"_blank\">CC-BY<\/a> y referenciando la fuente observando el formato abajo:<\/p>\n\n\n\n<p><\/p>\n<\/div><figure class=\"wp-block-media-text__media\"><img decoding=\"async\" src=\"https:\/\/venezuela.mapbiomas.org\/wp-content\/uploads\/sites\/5\/2024\/10\/CC-BY.png\" alt=\"\" class=\"wp-image-765 size-full\" \/><\/figure><\/div>\n\n\n\n<figure class=\"wp-block-image\"><img alt=\"\" \/><\/figure>\n\n\n\n<p>\u00abMapBiomas \u2013 Colecci\u00f3n <strong>[version]<\/strong> de la Serie <strong>[anual\/mensual]<\/strong> de Mapas de <strong>[Cobertura y Uso del Suelo\/Superficie del agua]<\/strong> de Per\u00fa, consultada el <strong>[date]<\/strong> [date] through the link: <strong>[LINK]<\/strong>\u00bb<\/p>\n\n\n\n<p>Adem\u00e1s, hay <a href=\"https:\/\/brasil.mapbiomas.org\/artigos-mapbiomas\/\"><u>art\u00edculos cient\u00edficos de MapBiomas<\/u><\/a> que puede utilizarse para citarlos.<\/p>","protected":false},"excerpt":{"rendered":"<p>Los datos de MapBiomas son p\u00fablicos, abiertos y gratuitos bajo licencia Creative Commons CC-BY y referenciando la fuente observando el formato abajo: \u00abMapBiomas \u2013 Colecci\u00f3n [versi\u00f3n] de la Serie [anual\/mensual] de Mapas de [Cobertura y Uso del Suelo\/Superficie del agua] de Per\u00fa, consultada el [fecha] a trav\u00e9s del enlace: [ENLACE]\u00bb Adem\u00e1s, hay art\u00edculos cient\u00edficos de [&hellip;]<\/p>","protected":false},"author":2,"featured_media":0,"parent":0,"menu_order":0,"comment_status":"closed","ping_status":"closed","template":"","meta":{"_uag_custom_page_level_css":""},"acf":[],"uagb_featured_image_src":{"full":false,"thumbnail":false,"medium":false,"medium_large":false,"large":false,"1536x1536":false,"2048x2048":false,"trp-custom-language-flag":false,"infographic":false,"team":false},"uagb_author_info":{"display_name":"Adriel Fernandes","author_link":"https:\/\/peru.mapbiomas.org\/en\/author\/adriel-fernandes\/"},"uagb_comment_info":0,"uagb_excerpt":"Los datos de MapBiomas son p\u00fablicos, abiertos y gratuitos bajo licencia Creative Commons CC-BY y referenciando la fuente observando el formato abajo: \u00abMapBiomas \u2013 Colecci\u00f3n [versi\u00f3n] de la Serie [anual\/mensual] de Mapas de [Cobertura y Uso del Suelo\/Superficie del agua] de Per\u00fa, consultada el [fecha] a trav\u00e9s del enlace: [ENLACE]\u00bb Adem\u00e1s, hay art\u00edculos cient\u00edficos de&hellip;","_links":{"self":[{"href":"https:\/\/peru.mapbiomas.org\/en\/wp-json\/wp\/v2\/pages\/92"}],"collection":[{"href":"https:\/\/peru.mapbiomas.org\/en\/wp-json\/wp\/v2\/pages"}],"about":[{"href":"https:\/\/peru.mapbiomas.org\/en\/wp-json\/wp\/v2\/types\/page"}],"author":[{"embeddable":true,"href":"https:\/\/peru.mapbiomas.org\/en\/wp-json\/wp\/v2\/users\/2"}],"replies":[{"embeddable":true,"href":"https:\/\/peru.mapbiomas.org\/en\/wp-json\/wp\/v2\/comments?post=92"}],"version-history":[{"count":6,"href":"https:\/\/peru.mapbiomas.org\/en\/wp-json\/wp\/v2\/pages\/92\/revisions"}],"predecessor-version":[{"id":1181,"href":"https:\/\/peru.mapbiomas.org\/en\/wp-json\/wp\/v2\/pages\/92\/revisions\/1181"}],"wp:attachment":[{"href":"https:\/\/peru.mapbiomas.org\/en\/wp-json\/wp\/v2\/media?parent=92"}],"curies":[{"name":"wp","href":"https:\/\/api.w.org\/{rel}","templated":true}]}}