{"id":85,"date":"2023-08-01T19:57:47","date_gmt":"2023-08-01T19:57:47","guid":{"rendered":"https:\/\/staging-peru.mapbiomas.org\/?page_id=85"},"modified":"2024-02-09T19:28:06","modified_gmt":"2024-02-09T19:28:06","slug":"quienes-somos","status":"publish","type":"page","link":"https:\/\/peru.mapbiomas.org\/en\/quienes-somos\/","title":{"rendered":"About Us"},"content":{"rendered":"<p><strong>MapBiomas Peru <\/strong>is an initiative of the Instituto del Bien Com\u00fan (IBC) and was created together with the Amazonian Network of Georeferenced Socio-Environmental Information (RAISG).<\/p>\n\n\n\n<p><strong><em>Technical collaboration:<\/em><\/strong><\/p>\n\n\n\n<ul>\n<li>Ministerio del Ambiente (MINAM)<\/li>\n\n\n\n<li>Lapig<\/li>\n\n\n\n<li>Sala de Observaciones Per\u00fa &#8211; Universidad Nacional Agraria La Molina<\/li>\n<\/ul>\n\n\n\n<p><strong><em>Colaboraci\u00f3n tecnol\u00f3gica:<\/em><\/strong><\/p>\n\n\n\n<ul>\n<li>Google<\/li>\n\n\n\n<li>Ecostage<\/li>\n<\/ul>\n\n\n\n<p><strong><em>Funding:<\/em><\/strong><\/p>\n\n\n\n<ul>\n<li>Quadrature Climate Foundation<\/li>\n\n\n\n<li>Iniciativa Internacional de Clima y Bosques de Noruega (NICFI)<\/li>\n\n\n\n<li>Fundaci\u00f3n Gordon &amp; Betty Moore<\/li>\n\n\n\n<li>Fundaci\u00f3n Good Energies<\/li>\n<\/ul>\n\n\n\n<p><strong><em>General Coordination of MapBiomas Peru - Sandra R\u00edos (IBC) <\/em><\/strong>\u2013 Sandra R\u00edos (IBC)<\/p>\n\n\n\n<p>Click<a href=\"https:\/\/peru.mapbiomas.org\/en\/equipo\/\"> Here<\/a> to learn about the people who are part of MapBiomas Peru.<\/p>","protected":false},"excerpt":{"rendered":"<p>MapBiomas Per\u00fa es una iniciativa del Instituto del Bien Com\u00fan (IBC) y fue creada en conjunto con la Red Amaz\u00f3nica de Informaci\u00f3n Socioambiental Georreferenciada (RAISG). Colaboraci\u00f3n t\u00e9cnica: Colaboraci\u00f3n tecnol\u00f3gica: Financiamiento: Coordinaci\u00f3n General de MapBiomas Per\u00fa \u2013 Sandra R\u00edos (IBC) Haga clic aqu\u00ed para conocer las personas que hacen parte de MapBiomas Per\u00fa.<\/p>","protected":false},"author":2,"featured_media":0,"parent":0,"menu_order":0,"comment_status":"closed","ping_status":"closed","template":"","meta":{"_uag_custom_page_level_css":""},"acf":[],"uagb_featured_image_src":{"full":false,"thumbnail":false,"medium":false,"medium_large":false,"large":false,"1536x1536":false,"2048x2048":false,"trp-custom-language-flag":false,"infographic":false,"team":false},"uagb_author_info":{"display_name":"Adriel Fernandes","author_link":"https:\/\/peru.mapbiomas.org\/en\/author\/adriel-fernandes\/"},"uagb_comment_info":0,"uagb_excerpt":"MapBiomas Per\u00fa es una iniciativa del Instituto del Bien Com\u00fan (IBC) y fue creada en conjunto con la Red Amaz\u00f3nica de Informaci\u00f3n Socioambiental Georreferenciada (RAISG). Colaboraci\u00f3n t\u00e9cnica: Colaboraci\u00f3n tecnol\u00f3gica: Financiamiento: Coordinaci\u00f3n General de MapBiomas Per\u00fa \u2013 Sandra R\u00edos (IBC) Haga clic aqu\u00ed para conocer las personas que hacen parte de MapBiomas Per\u00fa.","_links":{"self":[{"href":"https:\/\/peru.mapbiomas.org\/en\/wp-json\/wp\/v2\/pages\/85"}],"collection":[{"href":"https:\/\/peru.mapbiomas.org\/en\/wp-json\/wp\/v2\/pages"}],"about":[{"href":"https:\/\/peru.mapbiomas.org\/en\/wp-json\/wp\/v2\/types\/page"}],"author":[{"embeddable":true,"href":"https:\/\/peru.mapbiomas.org\/en\/wp-json\/wp\/v2\/users\/2"}],"replies":[{"embeddable":true,"href":"https:\/\/peru.mapbiomas.org\/en\/wp-json\/wp\/v2\/comments?post=85"}],"version-history":[{"count":8,"href":"https:\/\/peru.mapbiomas.org\/en\/wp-json\/wp\/v2\/pages\/85\/revisions"}],"predecessor-version":[{"id":720,"href":"https:\/\/peru.mapbiomas.org\/en\/wp-json\/wp\/v2\/pages\/85\/revisions\/720"}],"wp:attachment":[{"href":"https:\/\/peru.mapbiomas.org\/en\/wp-json\/wp\/v2\/media?parent=85"}],"curies":[{"name":"wp","href":"https:\/\/api.w.org\/{rel}","templated":true}]}}