{"id":75,"date":"2023-08-01T19:52:07","date_gmt":"2023-08-01T19:52:07","guid":{"rendered":"https:\/\/staging-peru.mapbiomas.org\/?page_id=75"},"modified":"2025-05-30T12:56:57","modified_gmt":"2025-05-30T17:56:57","slug":"proyecto","status":"publish","type":"page","link":"https:\/\/peru.mapbiomas.org\/en\/proyecto\/","title":{"rendered":"Project"},"content":{"rendered":"<h4 class=\"wp-block-heading\"><strong>QU\u00c9 ES LA INICIATIVA MAPBIOMAS PER\u00da&nbsp;<\/strong>?<\/h4>\n\n\n\n<p>The \"Annual Land Cover and Land Use Mapping in Peru\" Project is an initiative that involves a collaborative network of land use, remote sensing, GIS and programming experts. It uses cloud processing and automated classifiers developed and operated from the Google Earth Engine platform to generate a historical series of annual maps of land cover and land use in Peru.<\/p>\n\n\n\n<h4 class=\"wp-block-heading\"><strong>ORIGIN<\/strong><\/h4>\n\n\n\n<p>The Instituto del Bien Com\u00fan (IBC) is the Peruvian member of the Red Amaz\u00f3nica de Informaci\u00f3n Socioambiental Georreferenciada (RAISG), where this type of information is generated in coordination with the other countries of the Amazon basin, to achieve the same objectives. Since 2009, within the framework of the work of RAISG, the generation of deforestation maps of the Peruvian Amazon began, applying increasingly advanced satellite data processing tools. In search of new alternatives for the automation of processes and the generation of information for longer intervals, in March 2017, the RAISG, in agreement with the General Coordination of MapBiomas Network, created the MapBiomas Amazon\u00eda initiative, of which IBC is a member.<\/p>\n\n\n\n<p>As part of the work with RAISG and MapBiomas, IBC has achieved the First Collection of Annual Maps of Coverage and Land Use for the entire Peruvian territory for the period 1985 - 2021. Thanks to this collaborative effort and the constant desire to improve, the third Map Collection for the years 1985 - 2024.<\/p>\n\n\n\n<h4 class=\"wp-block-heading\"><strong>PURPOSE<\/strong><\/h4>\n\n\n\n<p>To contribute to the understanding of land use dynamics in Peru based on:<\/p>\n\n\n\n<ul>\n<li>The development and implementation of a rapid, reliable, and low-cost methodology to generate annual maps of land cover and land use, from 1985 to the present (updating annually).<\/li>\n\n\n\n<li>Creation of a Web platform to facilitate the dissemination of the methodology and access to the results: Products and By-products.<\/li>\n\n\n\n<li>Establish a collaborative network of specialists in the different biomes for mapping land cover and land use and its dynamics of change.<\/li>\n<\/ul>\n\n\n\n<h4 class=\"wp-block-heading\"><strong>CHARACTERISTICS OF THE INITIATIVE<\/strong><\/h4>\n\n\n\n<ul>\n<li>Collaborative work with other institutions to optimize solutions.<\/li>\n\n\n\n<li>Distributed and automated data processing in partnership with Google Earth Engine.<\/li>\n\n\n\n<li>Generation of an open and replicable platform.<\/li>\n\n\n\n<li>Collaborative platform designed to incorporate contributions from the scientific community and others interested in collaborating.<\/li>\n<\/ul>","protected":false},"excerpt":{"rendered":"<p>QU\u00c9 ES LA INICIATIVA MAPBIOMAS PER\u00da&nbsp;? El Proyecto de \u201cMapeo Anual de Cobertura y Uso del Suelo en el Per\u00fa\u201d es una iniciativa que envuelve a una red colaborativa de especialistas en mapeo de coberturas y uso del suelo con sensores remotos, SIG y programaci\u00f3n. Utiliza procesamiento en la nube y clasificadores automatizados desarrollados y [&hellip;]<\/p>","protected":false},"author":2,"featured_media":0,"parent":0,"menu_order":0,"comment_status":"closed","ping_status":"closed","template":"","meta":{"_uag_custom_page_level_css":""},"acf":[],"uagb_featured_image_src":{"full":false,"thumbnail":false,"medium":false,"medium_large":false,"large":false,"1536x1536":false,"2048x2048":false,"trp-custom-language-flag":false,"infographic":false,"team":false},"uagb_author_info":{"display_name":"Adriel Fernandes","author_link":"https:\/\/peru.mapbiomas.org\/en\/author\/adriel-fernandes\/"},"uagb_comment_info":0,"uagb_excerpt":"QU\u00c9 ES LA INICIATIVA MAPBIOMAS PER\u00da&nbsp;? El Proyecto de \u201cMapeo Anual de Cobertura y Uso del Suelo en el Per\u00fa\u201d es una iniciativa que envuelve a una red colaborativa de especialistas en mapeo de coberturas y uso del suelo con sensores remotos, SIG y programaci\u00f3n. Utiliza procesamiento en la nube y clasificadores automatizados desarrollados y&hellip;","_links":{"self":[{"href":"https:\/\/peru.mapbiomas.org\/en\/wp-json\/wp\/v2\/pages\/75"}],"collection":[{"href":"https:\/\/peru.mapbiomas.org\/en\/wp-json\/wp\/v2\/pages"}],"about":[{"href":"https:\/\/peru.mapbiomas.org\/en\/wp-json\/wp\/v2\/types\/page"}],"author":[{"embeddable":true,"href":"https:\/\/peru.mapbiomas.org\/en\/wp-json\/wp\/v2\/users\/2"}],"replies":[{"embeddable":true,"href":"https:\/\/peru.mapbiomas.org\/en\/wp-json\/wp\/v2\/comments?post=75"}],"version-history":[{"count":6,"href":"https:\/\/peru.mapbiomas.org\/en\/wp-json\/wp\/v2\/pages\/75\/revisions"}],"predecessor-version":[{"id":1383,"href":"https:\/\/peru.mapbiomas.org\/en\/wp-json\/wp\/v2\/pages\/75\/revisions\/1383"}],"wp:attachment":[{"href":"https:\/\/peru.mapbiomas.org\/en\/wp-json\/wp\/v2\/media?parent=75"}],"curies":[{"name":"wp","href":"https:\/\/api.w.org\/{rel}","templated":true}]}}