{"id":690,"date":"2024-02-09T18:32:03","date_gmt":"2024-02-09T18:32:03","guid":{"rendered":"https:\/\/peru.mapbiomas.org\/?page_id=690"},"modified":"2025-10-30T10:18:14","modified_gmt":"2025-10-30T15:18:14","slug":"metodologia-mapbiomas-agua","status":"publish","type":"page","link":"https:\/\/peru.mapbiomas.org\/en\/metodologia-mapbiomas-agua\/","title":{"rendered":"Method MapBiomas Water"},"content":{"rendered":"<p><strong>PRESENTATION:<\/strong><\/p>\n\n\n\n<p>The MapBiomas Water \u2013 Peru initiative (Collection 3) aims to map the dynamics of surface water and glaciers across the national territory from 1985 to 2024.<\/p>\n\n\n\n<p>Unlike MapBiomas Land Cover and Use, the mapping of water bodies in MapBiomas Water is carried out at a monthly scale, and four types of products are available on the platform:<\/p>\n\n\n\n<ol>\n<li>Monthly and annual maps of water surface.<\/li>\n\n\n\n<li>Transition maps of water surface between the \u201cWater\u201d and \u201cNon-Water\u201d classes. This product was processed using the annual water surface database;<\/li>\n\n\n\n<li>Trend maps (increase and decrease) of water surface. This product was calculated using monthly water surface data in 5 km \u00d7 5 km grids.&nbsp;<\/li>\n\n\n\n<li>Maps of types of water bodies, based on their origin.<\/li>\n<\/ol>\n\n\n\n<p>The glacier mapping is conducted at an annual scale and corresponds to the same dataset displayed in the MapBiomas Land Cover and Use maps. Two types of products are available on the platform:<\/p>\n\n\n\n<ol>\n<li>Annual maps of glacier cover surface<\/li>\n\n\n\n<li>Trend maps (increase and decrease) of glacier cover. Similar to the water surface trend data, these were also calculated in 5 km \u00d7 5 km grids.<\/li>\n<\/ol>\n\n\n\n<p>If you wish to consult the complete MapBiomas Water methodology, the ATBD (Algorithm Theoretical Basis Document) is available at this <a href=\"https:\/\/peru.mapbiomas.org\/wp-content\/uploads\/sites\/14\/2025\/10\/ATBD-AGUA-PERU-Col3-Rev-01.pdf\" target=\"_blank\" rel=\"noreferrer noopener\">LINK<\/a>.<\/p>\n\n\n\n<p>If you wish to consult the complete Glacier detection methodology, the ATBD is available at this <a href=\"https:\/\/peru.mapbiomas.org\/wp-content\/uploads\/sites\/14\/2025\/10\/ATBD-GLACIARES-PERU-Col3.pdf\" target=\"_blank\" rel=\"noreferrer noopener\">LINK<\/a>.<\/p>\n\n\n\n<p><strong>GENERAL METHODOLOGY OF MAPBIOMAS WATER:<\/strong><\/p>\n\n\n\n<ol>\n<li>Preprocessing:<\/li>\n<\/ol>\n\n\n\n<p>The methodology for mapping surface water is based on subpixel classification of Landsat images with less than 70% cloud cover, using the Spectral Mixture Analysis (SMA) algorithm. This algorithm generates endmembers (pure spectral signatures of materials that make up a pixel) from the image bands. The endmembers used are:&nbsp;<\/p>\n\n\n\n<ul>\n<li>Green vegetation (GV)<\/li>\n\n\n\n<li>Non-photosynthetic vegetation (NPV)<\/li>\n\n\n\n<li>Soil<\/li>\n\n\n\n<li>Clouds<\/li>\n\n\n\n<li>Shade<\/li>\n\n\n\n<li>Snow<\/li>\n<\/ul>\n\n\n\n<p>This subpixel detection approach is useful for characterizing surface water mixed with other components, enabling the mapping of wetlands, floodplains, narrow rivers, and small water bodies.&nbsp;&nbsp;<\/p>\n\n\n\n<ol start=\"2\">\n<li>Surface Water Detection Algorithm<\/li>\n<\/ol>\n\n\n\n<p>Once the endmembers for each pixel are obtained, transition rules are applied using a set of linear functions based on fuzzy logic rules. Finally, thresholds are defined for each endmember to determine the degree of certainty that a pixel is classified as water.<\/p>\n\n\n\n<p>Due to the heterogeneity and particularity of Peru\u2019s geography, the classification methodology was adapted for specific regions. In Collection 3, there are 37 subregions covering the entire national territory, and each subregion uses endmembers and thresholds best suited for water detection.<\/p>\n\n\n\n<p>Figure 1 \u2013 Stages of surface water classification.<\/p>\n\n\n\n<figure class=\"wp-block-image size-large\"><img decoding=\"async\" loading=\"lazy\" width=\"1024\" height=\"687\" src=\"https:\/\/peru.mapbiomas.org\/wp-content\/uploads\/sites\/14\/2025\/10\/image-1-1024x687.png\" alt=\"\" class=\"wp-image-1691\" srcset=\"https:\/\/peru.mapbiomas.org\/wp-content\/uploads\/sites\/14\/2025\/10\/image-1-1024x687.png 1024w, https:\/\/peru.mapbiomas.org\/wp-content\/uploads\/sites\/14\/2025\/10\/image-1-300x201.png 300w, https:\/\/peru.mapbiomas.org\/wp-content\/uploads\/sites\/14\/2025\/10\/image-1-768x516.png 768w, https:\/\/peru.mapbiomas.org\/wp-content\/uploads\/sites\/14\/2025\/10\/image-1-1536x1031.png 1536w, https:\/\/peru.mapbiomas.org\/wp-content\/uploads\/sites\/14\/2025\/10\/image-1-18x12.png 18w, https:\/\/peru.mapbiomas.org\/wp-content\/uploads\/sites\/14\/2025\/10\/image-1.png 1600w\" sizes=\"(max-width: 1024px) 100vw, 1024px\" \/><\/figure>\n\n\n\n<p>The monthly maps were refined with procedures to restore false negatives and remove false positives, based on auxiliary mosaics (annual and decadal mosaics) and detection thresholds.<\/p>\n\n\n\n<p>Additionally, other false positives were removed considering factors such as slope, frequency, NDWI, CSF, and MapBiomas Land Cover and Use layers. To restore remaining false negatives, an inclusion filter based on a 4-year temporal window was applied.<\/p>\n\n\n\n<p>Finally, monthly surface water maps were generated, from which annual maps (frequency \u2265 6 months) were derived. These in turn serve as inputs for the classification of types of water bodies.<\/p>\n\n\n\n<ol start=\"3\">\n<li>Types of Water Bodies<\/li>\n<\/ol>\n\n\n\n<p>For the classification of water bodies, the following information extracted from the annual surface water mapping (permanent) was used: i) the first and last occurrence of the water body within the year,  ii) the total surface water frequency of the historical series, and iii) the annual frequency. This information was organized into raster data and used in an object segmentation algorithm.<\/p>\n\n\n\n<p>Figure 2 \u2013 Process of water body classification.<\/p>\n\n\n\n<figure class=\"wp-block-image size-large\"><img decoding=\"async\" loading=\"lazy\" width=\"1024\" height=\"275\" src=\"https:\/\/peru.mapbiomas.org\/wp-content\/uploads\/sites\/14\/2025\/10\/image-2-1024x275.png\" alt=\"\" class=\"wp-image-1692\" srcset=\"https:\/\/peru.mapbiomas.org\/wp-content\/uploads\/sites\/14\/2025\/10\/image-2-1024x275.png 1024w, https:\/\/peru.mapbiomas.org\/wp-content\/uploads\/sites\/14\/2025\/10\/image-2-300x81.png 300w, https:\/\/peru.mapbiomas.org\/wp-content\/uploads\/sites\/14\/2025\/10\/image-2-768x206.png 768w, https:\/\/peru.mapbiomas.org\/wp-content\/uploads\/sites\/14\/2025\/10\/image-2-1536x413.png 1536w, https:\/\/peru.mapbiomas.org\/wp-content\/uploads\/sites\/14\/2025\/10\/image-2-18x5.png 18w, https:\/\/peru.mapbiomas.org\/wp-content\/uploads\/sites\/14\/2025\/10\/image-2.png 1600w\" sizes=\"(max-width: 1024px) 100vw, 1024px\" \/><\/figure>\n\n\n\n<p>Subsequently, attributes were extracted from auxiliary maps of hydroelectric plants, mining, and aquaculture from the following entities:<\/p>\n\n\n\n<ul>\n<li>MapBiomas Peru Land Cover and Use Collection 2<\/li>\n\n\n\n<li>Ministry of Production<\/li>\n\n\n\n<li>Ministry of Energy and Mines<\/li>\n<\/ul>\n\n\n\n<p>The water body segments were classified using the Random Forest algorithm into seven categories:&nbsp;<\/p>\n\n\n\n<ol>\n<li>Rivers, lakes, and lagoons&nbsp;<\/li>\n\n\n\n<li>Regulated lagoons&nbsp;<\/li>\n\n\n\n<li>Glacial-origin lagoons&nbsp;<\/li>\n\n\n\n<li>Anthropogenic&nbsp;<\/li>\n\n\n\n<li>Hydroelectric&nbsp;&nbsp;<\/li>\n\n\n\n<li>Mining<\/li>\n\n\n\n<li>Aquaculture<\/li>\n<\/ol>\n\n\n\n<p>Additionally, a \u201cfalse positives\u201d class was included to eliminate persistent overestimations in the annual and monthly surface maps. Subsequently, spatial and frequency filters were applied, and additional samples and manually delineated polygons were incorporated to improve results.<\/p>","protected":false},"excerpt":{"rendered":"<p>PRESENTACI\u00d3N: La iniciativa MapBiomas Agua \u2013 Per\u00fa (Colecci\u00f3n 3) tiene como objetivo mapear la din\u00e1mica del agua superficial y los glaciares en todo el territorio nacional desde 1985 hasta el 2024. El mapeo de cuerpos de agua en MapBiomas Agua, a diferencia de MapBiomas Cobertura y Uso, es a una escala mensual, y son cuatro [&hellip;]<\/p>","protected":false},"author":2,"featured_media":0,"parent":0,"menu_order":0,"comment_status":"closed","ping_status":"closed","template":"","meta":{"_uag_custom_page_level_css":""},"acf":[],"uagb_featured_image_src":{"full":false,"thumbnail":false,"medium":false,"medium_large":false,"large":false,"1536x1536":false,"2048x2048":false,"trp-custom-language-flag":false,"infographic":false,"team":false},"uagb_author_info":{"display_name":"Adriel Fernandes","author_link":"https:\/\/peru.mapbiomas.org\/en\/author\/adriel-fernandes\/"},"uagb_comment_info":0,"uagb_excerpt":"PRESENTACI\u00d3N: La iniciativa MapBiomas Agua \u2013 Per\u00fa (Colecci\u00f3n 3) tiene como objetivo mapear la din\u00e1mica del agua superficial y los glaciares en todo el territorio nacional desde 1985 hasta el 2024. El mapeo de cuerpos de agua en MapBiomas Agua, a diferencia de MapBiomas Cobertura y Uso, es a una escala mensual, y son cuatro&hellip;","_links":{"self":[{"href":"https:\/\/peru.mapbiomas.org\/en\/wp-json\/wp\/v2\/pages\/690"}],"collection":[{"href":"https:\/\/peru.mapbiomas.org\/en\/wp-json\/wp\/v2\/pages"}],"about":[{"href":"https:\/\/peru.mapbiomas.org\/en\/wp-json\/wp\/v2\/types\/page"}],"author":[{"embeddable":true,"href":"https:\/\/peru.mapbiomas.org\/en\/wp-json\/wp\/v2\/users\/2"}],"replies":[{"embeddable":true,"href":"https:\/\/peru.mapbiomas.org\/en\/wp-json\/wp\/v2\/comments?post=690"}],"version-history":[{"count":8,"href":"https:\/\/peru.mapbiomas.org\/en\/wp-json\/wp\/v2\/pages\/690\/revisions"}],"predecessor-version":[{"id":1694,"href":"https:\/\/peru.mapbiomas.org\/en\/wp-json\/wp\/v2\/pages\/690\/revisions\/1694"}],"wp:attachment":[{"href":"https:\/\/peru.mapbiomas.org\/en\/wp-json\/wp\/v2\/media?parent=690"}],"curies":[{"name":"wp","href":"https:\/\/api.w.org\/{rel}","templated":true}]}}