{"id":626,"date":"2024-02-09T17:44:56","date_gmt":"2024-02-09T17:44:56","guid":{"rendered":"https:\/\/peru.mapbiomas.org\/?page_id=626"},"modified":"2025-03-18T13:29:40","modified_gmt":"2025-03-18T18:29:40","slug":"exactitud","status":"publish","type":"page","link":"https:\/\/peru.mapbiomas.org\/en\/exactitud\/","title":{"rendered":"Accuracy"},"content":{"rendered":"<h4 class=\"wp-block-heading\"><strong>ACCURACY ASSESSMENT ANALYSIS OF MAPBIOMAS' LAND COVER AND LAND USE MAPPING<\/strong><\/h4>\n\n\n\n<p><a href=\"https:\/\/peru.mapbiomas.org\/en\/estadisticas-de-precision\/coleccion-2\/\" data-type=\"URL\" data-id=\"https:\/\/peru.mapbiomas.org\/estadisticas-de-precision\/coleccion-2\/\">ACCESS THE ACCURACY STATISTICS PANEL FOR COLLECTION 1.0<\/a><\/p>\n\n\n\n<p>Accuracy analysis is the main way of assessing the quality of mapping performed by Mapbiomas. In addition to telling the overall classification accuracy, the analysis also reveals the accuracy and error rate for each classified class. MapBiomas evaluated global and per-class classification accuracy for each year between 1985 and 2021.<\/p>\n\n\n\n<p>Accuracy estimates were based on the evaluation of a pixel sample, which we call the reference database, consisting of ~ 71,500 samples. The number of pixels in the reference database was predetermined by statistical sampling techniques. Each year, each pixel from the reference database was evaluated by technicians trained in visual interpretation of Landsat images. Accuracy was assessed using metrics that compare the mapped class with the class evaluated by the technicians in the reference database.<\/p>\n\n\n\n<p>In each year, the accuracy analysis is done by cross-tabulating the sample frequencies of the mapped and real classes, in the format of Table 1. The frequencies <em>ni,j<\/em> represent the number of pixels in the sample classified as class i, and evaluated as class j. Marginal Line Totals <img decoding=\"async\" loading=\"lazy\" width=\"35\" height=\"24\" class=\"wp-image-637\" style=\"width: 35px\" src=\"https:\/\/peru.mapbiomas.org\/wp-content\/uploads\/sites\/14\/2024\/02\/image1.png\" alt=\"\" srcset=\"https:\/\/peru.mapbiomas.org\/wp-content\/uploads\/sites\/14\/2024\/02\/image1.png 35w, https:\/\/peru.mapbiomas.org\/wp-content\/uploads\/sites\/14\/2024\/02\/image1-18x12.png 18w\" sizes=\"(max-width: 35px) 100vw, 35px\" \/> , represent the number of samples mapped as class i, while the column marginal totals, <img decoding=\"async\" loading=\"lazy\" width=\"36\" height=\"23\" class=\"wp-image-638\" style=\"width: 36px\" src=\"https:\/\/peru.mapbiomas.org\/wp-content\/uploads\/sites\/14\/2024\/02\/image2.png\" alt=\"\" srcset=\"https:\/\/peru.mapbiomas.org\/wp-content\/uploads\/sites\/14\/2024\/02\/image2.png 36w, https:\/\/peru.mapbiomas.org\/wp-content\/uploads\/sites\/14\/2024\/02\/image2-18x12.png 18w\" sizes=\"(max-width: 36px) 100vw, 36px\" \/>&nbsp; , represent the number of samples that were evaluated by the technicians as class j. Table 1 is commonly called the error matrix or confusion matrix.<\/p>\n\n\n\n<p>Table 1: Generic sample error matrix<\/p>\n\n\n\n<figure class=\"wp-block-image size-large\"><img decoding=\"async\" loading=\"lazy\" width=\"1024\" height=\"195\" src=\"https:\/\/peru.mapbiomas.org\/wp-content\/uploads\/sites\/14\/2024\/02\/image12-1.png\" alt=\"\" class=\"wp-image-639\" srcset=\"https:\/\/peru.mapbiomas.org\/wp-content\/uploads\/sites\/14\/2024\/02\/image12-1.png 854w, https:\/\/peru.mapbiomas.org\/wp-content\/uploads\/sites\/14\/2024\/02\/image12-1-300x54.png 300w, https:\/\/peru.mapbiomas.org\/wp-content\/uploads\/sites\/14\/2024\/02\/image12-1-768x138.png 768w, https:\/\/peru.mapbiomas.org\/wp-content\/uploads\/sites\/14\/2024\/02\/image12-1-18x3.png 18w\" sizes=\"(max-width: 1024px) 100vw, 1024px\" \/><\/figure>\n\n\n\n<p>From the results in Table 1, the sample proportions in each cell of the table are estimated by <img decoding=\"async\" loading=\"lazy\" width=\"104\" height=\"39\" class=\"wp-image-642\" style=\"width: 104px\" src=\"https:\/\/peru.mapbiomas.org\/wp-content\/uploads\/sites\/14\/2024\/02\/image4.png\" alt=\"\" srcset=\"https:\/\/peru.mapbiomas.org\/wp-content\/uploads\/sites\/14\/2024\/02\/image4.png 104w, https:\/\/peru.mapbiomas.org\/wp-content\/uploads\/sites\/14\/2024\/02\/image4-18x7.png 18w\" sizes=\"(max-width: 104px) 100vw, 104px\" \/> <img decoding=\"async\" loading=\"lazy\" width=\"34\" height=\"19\" class=\"wp-image-640\" style=\"width: 34px\" src=\"https:\/\/peru.mapbiomas.org\/wp-content\/uploads\/sites\/14\/2024\/02\/image3.png\" alt=\"\" srcset=\"https:\/\/peru.mapbiomas.org\/wp-content\/uploads\/sites\/14\/2024\/02\/image3.png 34w, https:\/\/peru.mapbiomas.org\/wp-content\/uploads\/sites\/14\/2024\/02\/image3-18x10.png 18w\" sizes=\"(max-width: 34px) 100vw, 34px\" \/>. The matrix of values <img decoding=\"async\" loading=\"lazy\" width=\"24\" height=\"20\" class=\"wp-image-641\" style=\"width: 24px\" src=\"https:\/\/peru.mapbiomas.org\/wp-content\/uploads\/sites\/14\/2024\/02\/image5.png\" alt=\"\" srcset=\"https:\/\/peru.mapbiomas.org\/wp-content\/uploads\/sites\/14\/2024\/02\/image5.png 24w, https:\/\/peru.mapbiomas.org\/wp-content\/uploads\/sites\/14\/2024\/02\/image5-14x12.png 14w\" sizes=\"(max-width: 24px) 100vw, 24px\" \/> is used to estimate:<\/p>\n\n\n\n<ol>\n<li>User\u2019s Accuracies: These are the estimates of the fractions of pixels, for each classified class, correctly classified. The user\u2019s accuracy is associated with the error of commission, which is the error of assigning a pixel to class i, when it belongs to some other class. The user\u2019s accuracy for class i is estimated by <img decoding=\"async\" loading=\"lazy\" width=\"75\" height=\"21\" class=\"wp-image-643\" style=\"width: 75px\" src=\"https:\/\/peru.mapbiomas.org\/wp-content\/uploads\/sites\/14\/2024\/02\/image6.png\" alt=\"\" srcset=\"https:\/\/peru.mapbiomas.org\/wp-content\/uploads\/sites\/14\/2024\/02\/image6.png 75w, https:\/\/peru.mapbiomas.org\/wp-content\/uploads\/sites\/14\/2024\/02\/image6-18x5.png 18w\" sizes=\"(max-width: 75px) 100vw, 75px\" \/> and the commission error by <img decoding=\"async\" loading=\"lazy\" width=\"43\" height=\"21\" class=\"wp-image-644\" style=\"width: 43px\" src=\"https:\/\/peru.mapbiomas.org\/wp-content\/uploads\/sites\/14\/2024\/02\/image7.png\" alt=\"\" srcset=\"https:\/\/peru.mapbiomas.org\/wp-content\/uploads\/sites\/14\/2024\/02\/image7.png 43w, https:\/\/peru.mapbiomas.org\/wp-content\/uploads\/sites\/14\/2024\/02\/image7-18x9.png 18w\" sizes=\"(max-width: 43px) 100vw, 43px\" \/>. These metrics are associated with the reliability of each classified class.&nbsp;<\/li>\n\n\n\n<li>Producer\u2019s Accuracies: Are the sample fraction of pixels of each land cover\/use class correctly assigned to their classes by the classifiers. The producer's accuracy is associated with the omission error, which occurs when we fail to map a class j pixel correctly. The producer 's accuracy for class j is estimated by <img decoding=\"async\" loading=\"lazy\" width=\"73\" height=\"23\" class=\"wp-image-645\" style=\"width: 73px\" src=\"https:\/\/peru.mapbiomas.org\/wp-content\/uploads\/sites\/14\/2024\/02\/image9.png\" alt=\"\" srcset=\"https:\/\/peru.mapbiomas.org\/wp-content\/uploads\/sites\/14\/2024\/02\/image9.png 73w, https:\/\/peru.mapbiomas.org\/wp-content\/uploads\/sites\/14\/2024\/02\/image9-18x6.png 18w\" sizes=\"(max-width: 73px) 100vw, 73px\" \/> and the omission error by <img decoding=\"async\" loading=\"lazy\" width=\"45\" height=\"22\" class=\"wp-image-646\" style=\"width: 45px\" src=\"https:\/\/peru.mapbiomas.org\/wp-content\/uploads\/sites\/14\/2024\/02\/image8.png\" alt=\"\" srcset=\"https:\/\/peru.mapbiomas.org\/wp-content\/uploads\/sites\/14\/2024\/02\/image8.png 45w, https:\/\/peru.mapbiomas.org\/wp-content\/uploads\/sites\/14\/2024\/02\/image8-18x9.png 18w\" sizes=\"(max-width: 45px) 100vw, 45px\" \/>. These metrics are associated with the sensitivity of the classifier, that is, the ability to correctly distinguish one class from another.<\/li>\n\n\n\n<li>Global Accuracy: It is the estimate of the overall hit rate. The estimate is given by <img decoding=\"async\" loading=\"lazy\" width=\"69\" height=\"39\" class=\"wp-image-647\" style=\"width: 69px\" src=\"https:\/\/peru.mapbiomas.org\/wp-content\/uploads\/sites\/14\/2024\/02\/image10.png\" alt=\"\" srcset=\"https:\/\/peru.mapbiomas.org\/wp-content\/uploads\/sites\/14\/2024\/02\/image10.png 69w, https:\/\/peru.mapbiomas.org\/wp-content\/uploads\/sites\/14\/2024\/02\/image10-18x10.png 18w\" sizes=\"(max-width: 69px) 100vw, 69px\" \/>, the sum of the main diagonal of the proportions matrix. The complement of the total accuracy, or the total error <img decoding=\"async\" loading=\"lazy\" width=\"52\" height=\"27\" class=\"wp-image-648\" style=\"width: 52px\" src=\"https:\/\/peru.mapbiomas.org\/wp-content\/uploads\/sites\/14\/2024\/02\/image11.png\" alt=\"\" srcset=\"https:\/\/peru.mapbiomas.org\/wp-content\/uploads\/sites\/14\/2024\/02\/image11.png 52w, https:\/\/peru.mapbiomas.org\/wp-content\/uploads\/sites\/14\/2024\/02\/image11-18x9.png 18w\" sizes=\"(max-width: 52px) 100vw, 52px\" \/> is still decomposed into area (or quantity) disagreement and allocation disagreement<a href=\"http:\/\/mapbiomas.org\/pages\/accuracy-analysis#e1\">1<\/a>Area disagreement measures the fraction of the error attributed to the amount of area allocated incorrectly to the classes by the mapping, while the mismatch allocation to the ratio of class-displacement errors.<\/li>\n<\/ol>\n\n\n\n<p>The matrix also provides estimates of the different types of errors. For example, we show estimates of true class area composition in each mapping class. Thus, in addition to the hit rate of the class mapped as forest, for example, we also estimate the fraction of these areas that could be pasture or other classes of cover and land use, for each year. We understand that this level of transparency informs users and maximizes the potential of use across multiple types of users.<\/p>\n\n\n\n<p>1- <a href=\"https:\/\/www.tandfonline.com\/doi\/abs\/10.1080\/01431161.2011.552923\">Pontius Jr, R. G., &amp; Millones, M. (2011). Death to Kappa: birth of quantity disagreement and allocation disagreement for accuracy assessment. International Journal of Remote Sensing, 32(15), 4407-4429.<\/a><\/p>\n\n\n\n<hr class=\"wp-block-separator has-alpha-channel-opacity\" \/>\n\n\n\n<h4 class=\"wp-block-heading\"><strong>ABOUT THE GRAPHICS<\/strong><\/h4>\n\n\n\n<h4 class=\"wp-block-heading\"><strong>OVERALL STATISTICS<\/strong><\/h4>\n\n\n\n<p>They show the mean annual total accuracy and the error, decomposed in area and allocation disagreements.<img decoding=\"async\" loading=\"lazy\" width=\"1456\" height=\"483\" class=\"wp-image-649\" src=\"https:\/\/peru.mapbiomas.org\/wp-content\/uploads\/sites\/14\/2024\/02\/image15-1.png\" alt=\"\" srcset=\"https:\/\/peru.mapbiomas.org\/wp-content\/uploads\/sites\/14\/2024\/02\/image15-1.png 889w, https:\/\/peru.mapbiomas.org\/wp-content\/uploads\/sites\/14\/2024\/02\/image15-1-300x102.png 300w, https:\/\/peru.mapbiomas.org\/wp-content\/uploads\/sites\/14\/2024\/02\/image15-1-768x261.png 768w, https:\/\/peru.mapbiomas.org\/wp-content\/uploads\/sites\/14\/2024\/02\/image15-1-18x6.png 18w\" sizes=\"(max-width: 1456px) 100vw, 1456px\" \/><\/p>\n\n\n\n<ul>\n<li>GRAPH 1. ANNUAL TOTAL ACCURACY CHART:<\/li>\n<\/ul>\n\n\n\n<p>This graph shows the total accuracy and the total error per year. The total error is decomposed into area and allocation disagreements. Accuracy is plotted at the top and errors at the bottom of the chart.<\/p>\n\n\n\n<figure class=\"wp-block-image size-large\"><img decoding=\"async\" loading=\"lazy\" width=\"1024\" height=\"354\" src=\"https:\/\/peru.mapbiomas.org\/wp-content\/uploads\/sites\/14\/2024\/02\/image14-1.png\" alt=\"\" class=\"wp-image-632\" srcset=\"https:\/\/peru.mapbiomas.org\/wp-content\/uploads\/sites\/14\/2024\/02\/image14-1.png 887w, https:\/\/peru.mapbiomas.org\/wp-content\/uploads\/sites\/14\/2024\/02\/image14-1-300x90.png 300w, https:\/\/peru.mapbiomas.org\/wp-content\/uploads\/sites\/14\/2024\/02\/image14-1-768x229.png 768w, https:\/\/peru.mapbiomas.org\/wp-content\/uploads\/sites\/14\/2024\/02\/image14-1-18x5.png 18w\" sizes=\"(max-width: 1024px) 100vw, 1024px\" \/><\/figure>\n\n\n\n<ul>\n<li>GRAPH 2. MATRIX OF ERROS:<\/li>\n<\/ul>\n\n\n\n<p>This graph shows the user\u2019s and producer\u2019s accuracy, and the confusion between classes for each year. The first shows the confusion for each mapped class. The second shows the confusion for each real class.<\/p>\n\n\n\n<figure class=\"wp-block-image size-large\"><img decoding=\"async\" loading=\"lazy\" width=\"1024\" height=\"576\" src=\"https:\/\/peru.mapbiomas.org\/wp-content\/uploads\/sites\/14\/2024\/02\/image18-1.png\" alt=\"\" class=\"wp-image-633\" srcset=\"https:\/\/peru.mapbiomas.org\/wp-content\/uploads\/sites\/14\/2024\/02\/image18-1.png 762w, https:\/\/peru.mapbiomas.org\/wp-content\/uploads\/sites\/14\/2024\/02\/image18-1-300x190.png 300w, https:\/\/peru.mapbiomas.org\/wp-content\/uploads\/sites\/14\/2024\/02\/image18-1-18x12.png 18w\" sizes=\"(max-width: 1024px) 100vw, 1024px\" \/><\/figure>\n\n\n\n<figure class=\"wp-block-image size-full\"><img decoding=\"async\" loading=\"lazy\" width=\"986\" height=\"661\" src=\"https:\/\/peru.mapbiomas.org\/wp-content\/uploads\/sites\/14\/2024\/02\/image17-1.png\" alt=\"\" class=\"wp-image-634\" srcset=\"https:\/\/peru.mapbiomas.org\/wp-content\/uploads\/sites\/14\/2024\/02\/image17-1.png 733w, https:\/\/peru.mapbiomas.org\/wp-content\/uploads\/sites\/14\/2024\/02\/image17-1-300x213.png 300w, https:\/\/peru.mapbiomas.org\/wp-content\/uploads\/sites\/14\/2024\/02\/image17-1-18x12.png 18w\" sizes=\"(max-width: 986px) 100vw, 986px\" \/><\/figure>\n\n\n\n<ul>\n<li>GRAPH 3. CLASS HISTORY:<\/li>\n<\/ul>\n\n\n\n<p>This graph allows you to inspect the confusions of a particular class over time. The user\u2019s r and producer\u2019s accuracies for each class is displayed along with the confusions in each year.<\/p>\n\n\n\n<figure class=\"wp-block-image size-large\"><img decoding=\"async\" loading=\"lazy\" width=\"1024\" height=\"575\" src=\"https:\/\/peru.mapbiomas.org\/wp-content\/uploads\/sites\/14\/2024\/02\/image16-1.png\" alt=\"\" class=\"wp-image-635\" srcset=\"https:\/\/peru.mapbiomas.org\/wp-content\/uploads\/sites\/14\/2024\/02\/image16-1.png 656w, https:\/\/peru.mapbiomas.org\/wp-content\/uploads\/sites\/14\/2024\/02\/image16-1-300x149.png 300w, https:\/\/peru.mapbiomas.org\/wp-content\/uploads\/sites\/14\/2024\/02\/image16-1-18x9.png 18w\" sizes=\"(max-width: 1024px) 100vw, 1024px\" \/><\/figure>\n\n\n\n<figure class=\"wp-block-image size-large\"><img decoding=\"async\" loading=\"lazy\" width=\"1024\" height=\"567\" src=\"https:\/\/peru.mapbiomas.org\/wp-content\/uploads\/sites\/14\/2024\/02\/image13-1.png\" alt=\"\" class=\"wp-image-636\" srcset=\"https:\/\/peru.mapbiomas.org\/wp-content\/uploads\/sites\/14\/2024\/02\/image13-1.png 656w, https:\/\/peru.mapbiomas.org\/wp-content\/uploads\/sites\/14\/2024\/02\/image13-1-300x135.png 300w, https:\/\/peru.mapbiomas.org\/wp-content\/uploads\/sites\/14\/2024\/02\/image13-1-18x8.png 18w\" sizes=\"(max-width: 1024px) 100vw, 1024px\" \/><\/figure>\n\n\n\n<p><strong><a href=\"https:\/\/peru.mapbiomas.org\/en\/estadisticas-de-precision\/coleccion-2\/\" data-type=\"URL\" data-id=\"https:\/\/peru.mapbiomas.org\/estadisticas-de-precision\/coleccion-2\/\">ACCESS THE ACCURACY STATISTICS PANEL FOR COLLECTION 1.0<\/a><\/strong><\/p>\n\n\n\n<p><\/p>","protected":false},"excerpt":{"rendered":"<p>ESTIMACIONES DE LA PRECISI\u00d3N DEL MAPEO DE LA COBERTURA DEL SUELO POR EL PROYECTO MAPBIOMAS ACCESO AL PANEL DE ESTAD\u00cdSTICAS DE LA COLECCI\u00d3N 2.0 El an\u00e1lisis de precisi\u00f3n es la principal forma de evaluar la calidad del mapeo realizado por MapBiomas. Adem\u00e1s de decir cu\u00e1l es la tasa de aciertos general, el an\u00e1lisis de precisi\u00f3n [&hellip;]<\/p>","protected":false},"author":2,"featured_media":0,"parent":0,"menu_order":0,"comment_status":"closed","ping_status":"closed","template":"","meta":{"_uag_custom_page_level_css":""},"acf":[],"uagb_featured_image_src":{"full":false,"thumbnail":false,"medium":false,"medium_large":false,"large":false,"1536x1536":false,"2048x2048":false,"trp-custom-language-flag":false,"infographic":false,"team":false},"uagb_author_info":{"display_name":"Adriel Fernandes","author_link":"https:\/\/peru.mapbiomas.org\/en\/author\/adriel-fernandes\/"},"uagb_comment_info":0,"uagb_excerpt":"ESTIMACIONES DE LA PRECISI\u00d3N DEL MAPEO DE LA COBERTURA DEL SUELO POR EL PROYECTO MAPBIOMAS ACCESO AL PANEL DE ESTAD\u00cdSTICAS DE LA COLECCI\u00d3N 2.0 El an\u00e1lisis de precisi\u00f3n es la principal forma de evaluar la calidad del mapeo realizado por MapBiomas. Adem\u00e1s de decir cu\u00e1l es la tasa de aciertos general, el an\u00e1lisis de precisi\u00f3n&hellip;","_links":{"self":[{"href":"https:\/\/peru.mapbiomas.org\/en\/wp-json\/wp\/v2\/pages\/626"}],"collection":[{"href":"https:\/\/peru.mapbiomas.org\/en\/wp-json\/wp\/v2\/pages"}],"about":[{"href":"https:\/\/peru.mapbiomas.org\/en\/wp-json\/wp\/v2\/types\/page"}],"author":[{"embeddable":true,"href":"https:\/\/peru.mapbiomas.org\/en\/wp-json\/wp\/v2\/users\/2"}],"replies":[{"embeddable":true,"href":"https:\/\/peru.mapbiomas.org\/en\/wp-json\/wp\/v2\/comments?post=626"}],"version-history":[{"count":18,"href":"https:\/\/peru.mapbiomas.org\/en\/wp-json\/wp\/v2\/pages\/626\/revisions"}],"predecessor-version":[{"id":1359,"href":"https:\/\/peru.mapbiomas.org\/en\/wp-json\/wp\/v2\/pages\/626\/revisions\/1359"}],"wp:attachment":[{"href":"https:\/\/peru.mapbiomas.org\/en\/wp-json\/wp\/v2\/media?parent=626"}],"curies":[{"name":"wp","href":"https:\/\/api.w.org\/{rel}","templated":true}]}}