{"id":550,"date":"2024-08-27T17:07:40","date_gmt":"2024-08-27T22:07:40","guid":{"rendered":"https:\/\/peru.mapbiomas.org\/?page_id=550"},"modified":"2024-11-19T16:37:43","modified_gmt":"2024-11-19T21:37:43","slug":"primera-edicion-del-premio-mapbiomas-peru","status":"publish","type":"page","link":"https:\/\/peru.mapbiomas.org\/en\/primera-edicion-del-premio-mapbiomas-peru\/","title":{"rendered":"1st Edition of MapBiomas Peru Award"},"content":{"rendered":"<div class=\"wp-block-uagb-container uagb-block-7145b60c alignfull uagb-is-root-container\"><div class=\"uagb-container-inner-blocks-wrap\">\n<div class=\"wp-block-uagb-container uagb-block-4cb54439\"><\/div>\n\n\n\n<div class=\"wp-block-uagb-container uagb-block-b86ea3ef\">\n<figure class=\"wp-block-image size-large\"><img decoding=\"async\" loading=\"lazy\" width=\"1024\" height=\"647\" src=\"https:\/\/peru.mapbiomas.org\/wp-content\/uploads\/sites\/14\/2024\/08\/Premio-MapBiomas-Peru-verde-1-1024x647.png\" alt=\"\" class=\"wp-image-1076\" srcset=\"https:\/\/peru.mapbiomas.org\/wp-content\/uploads\/sites\/14\/2024\/08\/Premio-MapBiomas-Peru-verde-1-1024x647.png 1024w, https:\/\/peru.mapbiomas.org\/wp-content\/uploads\/sites\/14\/2024\/08\/Premio-MapBiomas-Peru-verde-1-300x189.png 300w, https:\/\/peru.mapbiomas.org\/wp-content\/uploads\/sites\/14\/2024\/08\/Premio-MapBiomas-Peru-verde-1-768x485.png 768w, https:\/\/peru.mapbiomas.org\/wp-content\/uploads\/sites\/14\/2024\/08\/Premio-MapBiomas-Peru-verde-1-1536x970.png 1536w, https:\/\/peru.mapbiomas.org\/wp-content\/uploads\/sites\/14\/2024\/08\/Premio-MapBiomas-Peru-verde-1-2048x1294.png 2048w, https:\/\/peru.mapbiomas.org\/wp-content\/uploads\/sites\/14\/2024\/08\/Premio-MapBiomas-Peru-verde-1-18x12.png 18w\" sizes=\"(max-width: 1024px) 100vw, 1024px\" \/><\/figure>\n<\/div>\n\n\n\n<div class=\"wp-block-uagb-container uagb-block-b4fe5430\"><\/div>\n<\/div><\/div>\n\n\n\n<div style=\"height:40px\" aria-hidden=\"true\" class=\"wp-block-spacer\"><\/div>\n\n\n\n<p>This 1st edition of the MapBiomas Per\u00fa Award, organized by MapBiomas Per\u00fa and coordinated by the Instituto del Bien Com\u00fan (IBC) in collaboration with the Universidad Nacional Agraria La Molina (UNALM) and the Sociedad Geogr\u00e1fica de Lima, seeks to award two (2) works that use data and generated products by MapBiomas Per\u00fa (e.g. <a href=\"https:\/\/plataforma.peru.mapbiomas.org\/\">land cover and land use data<\/a>, <a href=\"https:\/\/plataforma.peru.mapbiomas.org\/agua\">surface water map<\/a>).<\/p>\n\n\n\n<p class=\" translation-block\">The three categories of the award are the following:<\/p>\n\n\n\n<p>General Category: works prepared by researchers, postgraduate students, technicians, teachers or any professional who uses data or products from MapBiomas Peru for research or educational purposes.<\/p>\n\n\n\n<p class=\" translation-block\">Youth Category: works created by pre-graduate and university students until 2023.<br>Review the rules here <a href=\"https:\/\/peru.mapbiomas.org\/wp-content\/uploads\/sites\/14\/2024\/05\/Bases-premio-MB-Peru_Feb2024_EN.pdf\" target=\"_self\">aqu\u00ed<\/a> (only in Spanish)<\/p>\n\n\n\n<figure class=\"wp-block-embed is-type-video is-provider-youtube wp-block-embed-youtube wp-embed-aspect-16-9 wp-has-aspect-ratio\"><div class=\"wp-block-embed__wrapper\">\n<iframe loading=\"lazy\" title=\"Premio MapBiomas Per\u00fa - Primera Edici\u00f3n\" width=\"500\" height=\"281\" src=\"https:\/\/www.youtube.com\/embed\/9Gx6A3qHJ60?feature=oembed\" frameborder=\"0\" allow=\"accelerometer; autoplay; clipboard-write; encrypted-media; gyroscope; picture-in-picture; web-share\" referrerpolicy=\"strict-origin-when-cross-origin\" allowfullscreen><\/iframe>\n<\/div><\/figure>\n\n\n\n<div style=\"height:40px\" aria-hidden=\"true\" class=\"wp-block-spacer\"><\/div>\n\n\n\n<h4 class=\"wp-block-heading has-text-align-center awards-category-title\">Winners <br>General<\/h4>\n\n\n\n<div style=\"height:40px\" aria-hidden=\"true\" class=\"wp-block-spacer\"><\/div>\n\n\n\n<div class=\"wp-block-uagb-container uagb-block-cc9506c7 alignfull uagb-is-root-container\"><div class=\"uagb-container-inner-blocks-wrap\">\n<div class=\"wp-block-uagb-container uagb-block-e165886a\">\n<div class=\"wp-block-uagb-info-box uagb-block-bcb36a09 uagb-infobox__content-wrap  uagb-infobox-icon-right-title uagb-infobox-right uagb-infobox-image-valign-middle peru-award-infobox\"><div class=\"uagb-ifb-content\"><div class=\"uagb-ifb-right-title-image\"><div class=\"uagb-ifb-title-wrap\"><h3 class=\"uagb-ifb-title\">1st place<br><\/h3><\/div><div class=\"uagb-ifb-image-content\"><img decoding=\"async\" src=\"https:\/\/peru.mapbiomas.org\/wp-content\/uploads\/sites\/14\/2024\/08\/Moises-Asencio-Primer-Lugar-Categoria-General-169x300.png\" alt=\"\" width=\"\" height=\"0\" loading=\"lazy\"\/><\/div><\/div><\/div><\/div>\n<\/div>\n\n\n\n<div class=\"wp-block-uagb-container peru-award-infobox-text uagb-block-304e7eb6\">\n<h6 class=\"wp-block-heading has-text-align-center\"><strong><a href=\"https:\/\/peru.mapbiomas.org\/wp-content\/uploads\/sites\/14\/2024\/08\/CG_005_MoisesAscencio_Poster.pdf\" target=\"_blank\" rel=\"noreferrer noopener\">Determination of water erosion in the years 2006, 2010, 2014, 2018 and 2022 in the Neshuya subcuenca, Ucayali region.<\/a><\/strong><\/h6>\n\n\n\n<p class=\"has-text-align-center\"><strong>Mois\u00e9s Leonardo Ascencio Sanchez<\/strong><\/p>\n\n\n\n<p class=\"has-text-align-center\">Instituto Nacional de Innovaci\u00f3n Agraria<\/p>\n<\/div>\n<\/div><\/div>\n\n\n\n<div class=\"wp-block-uagb-container uagb-block-1b025434 alignfull uagb-is-root-container\"><div class=\"uagb-container-inner-blocks-wrap\">\n<div class=\"wp-block-uagb-container uagb-block-4b119c04\">\n<div class=\"wp-block-uagb-info-box uagb-block-e546ca2f uagb-infobox__content-wrap  uagb-infobox-icon-left-title uagb-infobox-left uagb-infobox-image-valign-middle peru-award-infobox\"><div class=\"uagb-ifb-content\"><div class=\"uagb-ifb-left-title-image\"><div class=\"uagb-ifb-image-content\"><img decoding=\"async\" src=\"https:\/\/peru.mapbiomas.org\/wp-content\/uploads\/sites\/14\/2024\/08\/Sally-Torres-Segundo-Lugar-Categoria-General-169x300.png\" alt=\"\" width=\"\" height=\"0\" loading=\"lazy\"\/><\/div><div class=\"uagb-ifb-title-wrap\"><h3 class=\"uagb-ifb-title\">2nd place<br><\/h3><\/div><\/div><\/div><\/div>\n<\/div>\n\n\n\n<div class=\"wp-block-uagb-container peru-award-infobox-text uagb-block-ca281019\">\n<h6 class=\"wp-block-heading has-text-align-center\"><strong><a href=\"https:\/\/storage.googleapis.com\/mapbiomas-public\/initiatives\/peru\/collection_2\/download\/cg_004_sallytorres_annatorres_infografia.pdf\" target=\"_blank\" rel=\"noreferrer noopener\">Vulnerability of an urban ANP: Map of the loss and fragmentation of wetlands in Chorrillos.<\/a><\/strong><\/h6>\n\n\n\n<p class=\"has-text-align-center\"><strong>Sally Torres Mallma &amp; Anna Torres Mallma<\/strong><\/p>\n\n\n\n<p class=\"has-text-align-center\">Universidad Ricardo Palma<\/p>\n<\/div>\n<\/div><\/div>\n\n\n\n<div class=\"wp-block-uagb-container uagb-block-299221da alignfull uagb-is-root-container\"><div class=\"uagb-container-inner-blocks-wrap\">\n<div class=\"wp-block-uagb-container uagb-block-c4103ea9\">\n<div class=\"wp-block-uagb-info-box uagb-block-1a746233 uagb-infobox__content-wrap  uagb-infobox-icon-right-title uagb-infobox-right uagb-infobox-image-valign-middle peru-award-infobox\"><div class=\"uagb-ifb-content\"><div class=\"uagb-ifb-right-title-image\"><div class=\"uagb-ifb-title-wrap\"><h3 class=\"uagb-ifb-title\">Menci\u00f3n Honrosa<br><\/h3><\/div><div class=\"uagb-ifb-image-content\"><img decoding=\"async\" src=\"https:\/\/peru.mapbiomas.org\/wp-content\/uploads\/sites\/14\/2024\/08\/Ricardo-de-la-Cruz-Mencion-Honrosa-Categoia-General-169x300.png\" alt=\"\" width=\"\" height=\"0\" loading=\"lazy\"\/><\/div><\/div><\/div><\/div>\n<\/div>\n\n\n\n<div class=\"wp-block-uagb-container peru-award-infobox-text uagb-block-eeae3639\">\n<h6 class=\"wp-block-heading has-text-align-center\"><strong><a href=\"https:\/\/peru.mapbiomas.org\/wp-content\/uploads\/sites\/14\/2024\/08\/CG_003_RicardoDelaCruz_EdgarArana_NellyCabrera_Poster.pdf\" target=\"_blank\" rel=\"noreferrer noopener\">Quantification of Carbon Emissions from Forest Fires: An Integrated Approach using MapBiomas for RAGEI 2021<\/a><\/strong><\/h6>\n\n\n\n<p class=\"has-text-align-center\"><strong>Ricardo de la Cruz, Edgar Arana &amp; Nelly Cabrera<\/strong><\/p>\n\n\n\n<p class=\"has-text-align-center\">Servicio Nacional Forestal y de Fauna Silvestre<\/p>\n<\/div>\n<\/div><\/div>\n\n\n\n<div style=\"height:40px\" aria-hidden=\"true\" class=\"wp-block-spacer\"><\/div>\n\n\n\n<h4 class=\"wp-block-heading has-text-align-center awards-category-title blue\">Winners&nbsp;<br>Youth<\/h4>\n\n\n\n<div class=\"wp-block-uagb-container uagb-block-32921f9b alignfull uagb-is-root-container\"><div class=\"uagb-container-inner-blocks-wrap\">\n<div class=\"wp-block-uagb-container uagb-block-c483a5d4\">\n<div class=\"wp-block-uagb-info-box uagb-block-093d0b66 uagb-infobox__content-wrap  uagb-infobox-icon-right-title uagb-infobox-right uagb-infobox-image-valign-middle peru-award-infobox blue\"><div class=\"uagb-ifb-content\"><div class=\"uagb-ifb-right-title-image\"><div class=\"uagb-ifb-title-wrap\"><h3 class=\"uagb-ifb-title\">1st place<br><\/h3><\/div><div class=\"uagb-ifb-image-content\"><img decoding=\"async\" src=\"https:\/\/peru.mapbiomas.org\/wp-content\/uploads\/sites\/14\/2024\/08\/Christian-Vega-Primer-Puesto-Categoria-Joven-169x300.png\" alt=\"\" width=\"\" height=\"0\" loading=\"lazy\"\/><\/div><\/div><\/div><\/div>\n<\/div>\n\n\n\n<div class=\"wp-block-uagb-container peru-award-infobox-text uagb-block-6a33c715\">\n<h6 class=\"wp-block-heading has-text-align-center\"><strong><a href=\"https:\/\/peru.mapbiomas.org\/wp-content\/uploads\/sites\/14\/2024\/08\/CJ_003_CristhianVega_MariluEspinoza_ArticuloCientifico.pdf\" target=\"_blank\" rel=\"noreferrer noopener\"><strong><strong>Space-time changes in the land cover and land use, and their effect on the economic value of ecosystem services in Huaraz and Independence.<\/strong><\/strong><\/a><\/strong><\/h6>\n\n\n\n<p class=\"has-text-align-center\"><strong>Cristhian Vega Moreno &amp; Marilu Espinoza Felix<\/strong><\/p>\n\n\n\n<p class=\"has-text-align-center\">Universidad Nacional Mayor de San Marcos<\/p>\n<\/div>\n<\/div><\/div>\n\n\n\n<div class=\"wp-block-uagb-container uagb-block-24266810 alignfull uagb-is-root-container\"><div class=\"uagb-container-inner-blocks-wrap\">\n<div class=\"wp-block-uagb-container uagb-block-422d5779\">\n<div class=\"wp-block-uagb-info-box uagb-block-64a8c887 uagb-infobox__content-wrap  uagb-infobox-icon-left-title uagb-infobox-left uagb-infobox-image-valign-middle peru-award-infobox blue\"><div class=\"uagb-ifb-content\"><div class=\"uagb-ifb-left-title-image\"><div class=\"uagb-ifb-image-content\"><img decoding=\"async\" src=\"https:\/\/peru.mapbiomas.org\/wp-content\/uploads\/sites\/14\/2024\/08\/Camilo-Munoz-Segundo-Puesto-Categoria-Joven-e1724789846630-183x300.png\" alt=\"\" width=\"\" height=\"0\" loading=\"lazy\"\/><\/div><div class=\"uagb-ifb-title-wrap\"><h3 class=\"uagb-ifb-title\">2nd place<br><\/h3><\/div><\/div><\/div><\/div>\n<\/div>\n\n\n\n<div class=\"wp-block-uagb-container peru-award-infobox-text uagb-block-db966a7c\">\n<h6 class=\"wp-block-heading has-text-align-center\"><strong><strong><a href=\"https:\/\/peru.mapbiomas.org\/wp-content\/uploads\/sites\/14\/2024\/08\/CJ_002_CamiloMunoz_SergioCampos_TrabajoAcademico.pdf\" target=\"_blank\" rel=\"noreferrer noopener\">Ecological niche analysis and fragmentation of the landscape in the Nanay-Amazonas basin and its tributaries of the Allpahuayo river between the years 1985 and 2020.<\/a><\/strong><\/strong><\/h6>\n\n\n\n<p class=\"has-text-align-center\"><strong>Camilo Mu\u00f1oz Rimachi &amp; Sergio Campos Torres<\/strong><\/p>\n\n\n\n<p class=\"has-text-align-center\">Universidad Nacional Mayor de San Marcos<\/p>\n<\/div>\n<\/div><\/div>\n\n\n\n<div style=\"height:40px\" aria-hidden=\"true\" class=\"wp-block-spacer\"><\/div>\n\n\n\n<h4 class=\"wp-block-heading\">MEET THE WINNERS<\/h4>\n\n\n\n<style>\n   .grid-item {\n\t float: left;\n\t width: 80px;\n\t height: 60px;\n\t border: 2px solid rgba(0, 0, 0, 0.5);\n}\n img {\n\t max-width: 100%;\n\t height: auto;\n\t vertical-align: middle;\n\t display: inline-block;\n}\n\/* Main CSS *\/\n .grid-wrapper > div {\n\t display: flex;\n\t justify-content: center;\n\t align-items: center;\n}\n .grid-wrapper > div > img {\n\t width: 100%;\n\t height: 100%;\n\t object-fit: cover;\n\t border-radius: 5px;\n}\n .grid-wrapper {\n\t display: grid;\n\t grid-gap: 10px;\n\t grid-template-columns: repeat(auto-fit, minmax(250px, 1fr));\n\t grid-auto-rows: 200px;\n\t grid-auto-flow: dense;\n}\n @media screen and (max-width: 495px) {\n\t .grid-wrapper {\n\t\t display: flex;\n\t\t flex-wrap: wrap;\n\t}\n}\n .grid-wrapper .wide {\n\t grid-column: span 2;\n}\n .grid-wrapper .tall {\n\t grid-row: span 2;\n}\n .grid-wrapper .big {\n\t grid-column: span 2;\n\t grid-row: span 2;\n}\n .winner-wrapper {\n\t position: relative;\n\t overflow: hidden;\n}\n .winner-wrapper img {\n\t border-radius: 0 !important;\n}\n .winner-wrapper__text {\n\t position: absolute;\n\t height: 100%;\n\t width: 100%;\n\t bottom: -100%;\n\t color: #fff;\n\t transition: all 0.3s ease-out;\n\t display: flex;\n\t flex-direction: column;\n\t padding: 1em;\n\t justify-content: end;\n\t background-color: #48486cb3;\n}\n .winner-wrapper__text span:first-of-type {\n\t font-weight: 800;\n}\n .winner-wrapper:hover .winner-wrapper__text {\n\t bottom: 0;\n}\n \n<\/style>\n\n<div class=\"grid-wrapper\">\n<div class=\"big winner-wrapper\">\n          <a href=\"#\">\n            <div class=\"winner-wrapper__text\">\n              <span>Mois\u00e9s Leonardo Ascencio Sanchez<\/span>\n              <span>1st edition<\/span>\n              <span>General<\/span>\n            <\/div>\n          <\/a>\n          <img decoding=\"async\" src=\"https:\/\/peru.mapbiomas.org\/wp-content\/uploads\/sites\/14\/2024\/08\/Moises-Asencio-Primer-Lugar-Categoria-General.png\">\n        <\/div>\n        <div class=\"small winner-wrapper\">\n          <a href=\"#\">\n            <div class=\"winner-wrapper__text\">\n              <span>Sally Torres Mallma<\/span>\n              <span>1st edition<\/span>\n              <span>General<\/span>\n            <\/div>\n          <\/a>\n          <img decoding=\"async\" src=\"https:\/\/peru.mapbiomas.org\/wp-content\/uploads\/sites\/14\/2024\/08\/Sally-Torres-Segundo-Lugar-Categoria-General.png\">\n        <\/div>\n        <div class=\"big winner-wrapper\">\n          <a href=\"#\">\n            <div class=\"winner-wrapper__text\">\n              <span>Ricardo de la Cruz<\/span>\n              <span>1st edition<\/span>\n              <span>General Category \u2013 Honorable Mention<\/span>\n            <\/div>\n          <\/a>\n          <img decoding=\"async\" src=\"https:\/\/peru.mapbiomas.org\/wp-content\/uploads\/sites\/14\/2024\/08\/Ricardo-de-la-Cruz-Mencion-Honrosa-Categoia-General.png\">\n        <\/div>\n        <div class=\"tall winner-wrapper\">\n          <a href=\"#\">\n            <div class=\"winner-wrapper__text\">\n              <span>Cristhian Vega<\/span>\n              <span>1st edition<\/span>\n              <span>Youth<\/span>\n            <\/div>\n          <\/a>\n          <img decoding=\"async\" src=\"https:\/\/peru.mapbiomas.org\/wp-content\/uploads\/sites\/14\/2024\/08\/Christian-Vega-Primer-Puesto-Categoria-Joven.png\">\n        <\/div>\n        <div class=\"winner-wrapper\">\n          <a href=\"#\">\n            <div class=\"winner-wrapper__text\">\n              <span>Camilo Mu\u00f1oz Rimachi<\/span>\n              <span>1st edition<\/span>\n              <span>Youth<\/span>\n            <\/div>\n          <\/a>\n          <img decoding=\"async\" src=\"https:\/\/peru.mapbiomas.org\/wp-content\/uploads\/sites\/14\/2024\/08\/Camilo-Munoz-Segundo-Puesto-Categoria-Joven-e1724789846630.png\">\n        <\/div>\n\n<\/div>\n\n\n\n<div style=\"height:40px\" aria-hidden=\"true\" class=\"wp-block-spacer\"><\/div>\n\n\n\n<h4 class=\"wp-block-heading\">Finalists<br>General Category:<\/h4>\n\n\n\n<p><a href=\"https:\/\/peru.mapbiomas.org\/wp-content\/uploads\/sites\/14\/2024\/08\/CG_001_EduardoSanchez_TrabajoAcademico.pdf\" target=\"_blank\" rel=\"noreferrer noopener\"><strong>Evaluaci\u00f3n de los procesos de deforestaci\u00f3n en el periodo (1985 &#8211; 2024) del distrito de Huepetuhe, departamento de Madre de Dios mediante teledetecci\u00f3n forestal<\/strong><br><\/a>Eduardo S\u00e1nchez<br>Universidad Nacional Santiago Ant\u00fanez de Mayolo<\/p>\n\n\n\n<p><a rel=\"noreferrer noopener\" href=\"https:\/\/peru.mapbiomas.org\/wp-content\/uploads\/sites\/14\/2024\/08\/CG_002_JorgeAlcantara_LadyPaucar_FredyApaza_Poster.pdf\" target=\"_blank\"><strong>An\u00e1lisis multitemporal del NDVI y cambio de cobertura vegetal para evidenciar el impacto de la ca\u00edda de ceniza del volc\u00e1n Sabancaya<\/strong><br><\/a>Jorge Alc\u00e1ntara, Lady P\u00e1ucar y Fredy Apaza<br>Centro de Investigaci\u00f3n en Geociencias y Cambio Clim\u00e1tico &#8211; CIGECC<\/p>\n\n\n\n<div style=\"height:40px\" aria-hidden=\"true\" class=\"wp-block-spacer\"><\/div>\n\n\n\n<h4 class=\"wp-block-heading\">Finalists<br>Youth category:<\/h4>\n\n\n\n<p><a href=\"https:\/\/storage.googleapis.com\/mapbiomas-public\/initiatives\/peru\/collection_2\/download\/cj_001_karenroque_aldairsotelo_infografia.pdf\" target=\"_blank\" rel=\"noreferrer noopener\"><strong>Amazon\u00eda en transici\u00f3n: evoluci\u00f3n de la cobertura y uso del suelo<\/strong><br><\/a>Karen Roque y Aldair Sotelo&nbsp;<br>Universidad Nacional Mayor de San Marcos (UNMSM)<\/p>\n\n\n\n<p><a href=\"https:\/\/peru.mapbiomas.org\/wp-content\/uploads\/sites\/14\/2024\/08\/CJ_004_RocioMallqui_EddyMiraval_ArticuloCientifico.pdf\" target=\"_blank\" rel=\"noreferrer noopener\"><strong>Entre la selva y la ciudad: una mirada profunda al h\u00e1bitat y nicho ecol\u00f3gico del Loro Real Amaz\u00f3nico<\/strong><br><\/a>Rocio Mallqui y Eddy Miraval&nbsp;<br>Universidad Nacional Mayor de San Marcos (UNMSM)<\/p>\n\n\n\n<p><a href=\"https:\/\/peru.mapbiomas.org\/wp-content\/uploads\/sites\/14\/2024\/08\/CJ_005_YelyLanasca_Poster.pdf\" target=\"_blank\" rel=\"noreferrer noopener\"><strong>Estudio de glaciares y lagunas en la cordillera Vilcanota &#8211; Cusco, en los a\u00f1os 2016 al 2022<\/strong><br><\/a>Yely Lanasca<br>Universidad de Ingenier\u00eda y Tecnolog\u00eda (UTEC)<\/p>\n\n\n\n<p><a rel=\"noreferrer noopener\" href=\"https:\/\/peru.mapbiomas.org\/wp-content\/uploads\/sites\/14\/2024\/08\/CJ_006_FrankCartagena_WilmerCheglio_YomerAmaro_Poster.pdf\" target=\"_blank\"><strong>\u00c1reas potenciales para establecer plantaciones de Guazuma crinita: mediante an\u00e1lisis multicriterio y SIG<\/strong><br><\/a>Frank Cartagena, Wilmer Cheglio y Yomer Amaro<br>Universidad Nacional Agraria La Molina<\/p>\n\n\n\n<div style=\"height:40px\" aria-hidden=\"true\" class=\"wp-block-spacer\"><\/div>\n\n\n\n<p class=\"has-text-align-center has-medium-font-size\">Organized by:<\/p>\n\n\n\n<div class=\"peru-awards-logos\">\n  <img decoding=\"async\" src=\"https:\/\/peru.mapbiomas.org\/wp-content\/uploads\/sites\/14\/2024\/08\/ibc_300x130_180x.png\" \/>\n  <img decoding=\"async\" src=\"https:\/\/peru.mapbiomas.org\/wp-content\/uploads\/sites\/14\/2024\/08\/ESCUDO1.png\" \/>\n  <img decoding=\"async\" src=\"https:\/\/peru.mapbiomas.org\/wp-content\/uploads\/sites\/14\/2024\/08\/logo_sgl_png_300x300.png\" \/>\n<\/div>\n\n\n\n<p><\/p>\n\n\n\n<p><\/p>\n\n\n\n<p><\/p>\n\n\n\n<p><\/p>\n\n\n\n<p><\/p>\n\n\n\n<p><\/p>","protected":false},"excerpt":{"rendered":"<p>Esta 1\u00aa edici\u00f3n del Premio MapBiomas Per\u00fa, organizada por MapBiomas Per\u00fa y coordinada por el Instituto del Bien Com\u00fan (IBC) en colaboraci\u00f3n con la Universidad Nacional Agraria La Molina (UNALM) y la Sociedad Geogr\u00e1fica de Lima, busca premiar dos (2) trabajos que usen los datos y productos generados por MapBiomas Per\u00fa (e.g. datos de cobertura [&hellip;]<\/p>","protected":false},"author":2,"featured_media":0,"parent":0,"menu_order":0,"comment_status":"closed","ping_status":"closed","template":"","meta":{"_uag_custom_page_level_css":""},"acf":[],"uagb_featured_image_src":{"full":false,"thumbnail":false,"medium":false,"medium_large":false,"large":false,"1536x1536":false,"2048x2048":false,"trp-custom-language-flag":false,"infographic":false,"team":false},"uagb_author_info":{"display_name":"Adriel Fernandes","author_link":"https:\/\/peru.mapbiomas.org\/en\/author\/adriel-fernandes\/"},"uagb_comment_info":0,"uagb_excerpt":"Esta 1\u00aa edici\u00f3n del Premio MapBiomas Per\u00fa, organizada por MapBiomas Per\u00fa y coordinada por el Instituto del Bien Com\u00fan (IBC) en colaboraci\u00f3n con la Universidad Nacional Agraria La Molina (UNALM) y la Sociedad Geogr\u00e1fica de Lima, busca premiar dos (2) trabajos que usen los datos y productos generados por MapBiomas Per\u00fa (e.g. datos de cobertura&hellip;","_links":{"self":[{"href":"https:\/\/peru.mapbiomas.org\/en\/wp-json\/wp\/v2\/pages\/550"}],"collection":[{"href":"https:\/\/peru.mapbiomas.org\/en\/wp-json\/wp\/v2\/pages"}],"about":[{"href":"https:\/\/peru.mapbiomas.org\/en\/wp-json\/wp\/v2\/types\/page"}],"author":[{"embeddable":true,"href":"https:\/\/peru.mapbiomas.org\/en\/wp-json\/wp\/v2\/users\/2"}],"replies":[{"embeddable":true,"href":"https:\/\/peru.mapbiomas.org\/en\/wp-json\/wp\/v2\/comments?post=550"}],"version-history":[{"count":60,"href":"https:\/\/peru.mapbiomas.org\/en\/wp-json\/wp\/v2\/pages\/550\/revisions"}],"predecessor-version":[{"id":1199,"href":"https:\/\/peru.mapbiomas.org\/en\/wp-json\/wp\/v2\/pages\/550\/revisions\/1199"}],"wp:attachment":[{"href":"https:\/\/peru.mapbiomas.org\/en\/wp-json\/wp\/v2\/media?parent=550"}],"curies":[{"name":"wp","href":"https:\/\/api.w.org\/{rel}","templated":true}]}}