{"id":477,"date":"2023-10-10T14:28:11","date_gmt":"2023-10-10T14:28:11","guid":{"rendered":"https:\/\/peru.mapbiomas.org\/?page_id=477"},"modified":"2025-10-21T10:28:38","modified_gmt":"2025-10-21T15:28:38","slug":"capas","status":"publish","type":"page","link":"https:\/\/peru.mapbiomas.org\/en\/capas\/","title":{"rendered":"Layers"},"content":{"rendered":"<p>Download the shapefiles available on the map platform, according to the respective sources and reference years.<\/p>\n\n\n\n\n\n<figure class=\"wp-block-table custom-table\"><table><tbody><tr><td class=\"has-text-align-left\" data-align=\"left\"><strong>Territorial boundaries<\/strong><\/td><td><strong>Source<\/strong><\/td><td><strong>Year<\/strong><\/td><td><strong>URL<\/strong><\/td><\/tr><tr><td class=\"has-text-align-left\" data-align=\"left\">Biome<\/td><td>INEI<\/td><td>2017<\/td><td><a href=\"https:\/\/storage.googleapis.com\/mapbiomas-public\/initiatives\/peru\/collection_1\/download\/layers\/bioma-pais.zip\" target=\"_blank\" rel=\"noreferrer noopener\">Access<\/a><\/td><\/tr><tr><td class=\"has-text-align-left\" data-align=\"left\">Country<\/td><td>IBC<\/td><td>2023<\/td><td><a href=\"https:\/\/storage.googleapis.com\/mapbiomas-public\/initiatives\/peru\/collection_1\/download\/layers\/nivel-politico-1.zip\" target=\"_blank\" rel=\"noreferrer noopener\">Access<\/a><\/td><\/tr><tr><td class=\"has-text-align-left\" data-align=\"left\">Region<\/td><td>INEI<\/td><td>2017<\/td><td><a href=\"https:\/\/storage.googleapis.com\/mapbiomas-public\/initiatives\/peru\/collection_1\/download\/layers\/nivel-politico-2.zip\" target=\"_blank\" rel=\"noreferrer noopener\">Access<\/a><\/td><\/tr><tr><td class=\"has-text-align-left\" data-align=\"left\">Province<\/td><td>INEI<\/td><td>2017<\/td><td><a href=\"https:\/\/storage.googleapis.com\/mapbiomas-public\/initiatives\/peru\/collection_1\/download\/layers\/nivel-politico-3.zip\" target=\"_blank\" rel=\"noreferrer noopener\">Access<\/a><\/td><\/tr><tr><td class=\"has-text-align-left\" data-align=\"left\">District<\/td><td>INEI<\/td><td>2017<\/td><td><a href=\"https:\/\/storage.googleapis.com\/mapbiomas-public\/initiatives\/peru\/collection_1\/download\/layers\/nivel-politico-4.zip\" target=\"_blank\" rel=\"noreferrer noopener\">Access<\/a><\/td><\/tr><tr><td class=\"has-text-align-left\" data-align=\"left\">Watershed<\/td><td>ANA<\/td><td>2021<\/td><td><a href=\"https:\/\/storage.googleapis.com\/mapbiomas-public\/initiatives\/peru\/collection_1\/download\/layers\/unidad-hidrografica.zip\" target=\"_blank\" rel=\"noreferrer noopener\">Access<\/a><\/td><\/tr><\/tbody><\/table><\/figure>\n\n\n\n\n\n<figure class=\"wp-block-table custom-table\"><table><tbody><tr><td><strong>Units of interest<\/strong><\/td><td><strong>Source<\/strong><\/td><td><strong>Year<\/strong><\/td><td><strong>URL<\/strong><\/td><\/tr><tr><td>Titled Native Community<\/td><td>IBC<\/td><td>2023<\/td><td><a href=\"https:\/\/storage.googleapis.com\/mapbiomas-public\/initiatives\/peru\/collection_1\/download\/layers\/comunidad-nativa-titulada.zip\" target=\"_blank\" rel=\"noreferrer noopener\">Access<\/a><\/td><\/tr><tr><td>Expansion or Titling Application<\/td><td>IBC<\/td><td>2023<\/td><td><a href=\"https:\/\/storage.googleapis.com\/mapbiomas-public\/initiatives\/peru\/collection_1\/download\/layers\/comunidad-nativa-solicitud.zip\" target=\"_blank\" rel=\"noreferrer noopener\">Access<\/a><\/td><\/tr><tr><td>Land Reserve<\/td><td>MINCU<\/td><td>2022<\/td><td>Access<\/td><\/tr><tr><td>Indigenous Reserve<\/td><td>MINCU<\/td><td>2022<\/td><td>Access<\/td><\/tr><tr><td>Titled Peasant Community<\/td><td>IBC<\/td><td>2023<\/td><td><a href=\"https:\/\/storage.googleapis.com\/mapbiomas-public\/initiatives\/peru\/collection_1\/download\/layers\/comunidad-campesina-titulada.zip\" target=\"_blank\" rel=\"noreferrer noopener\">Access<\/a><\/td><\/tr><tr><td>Recognized Peasant Community<\/td><td>IBC<\/td><td>2023<\/td><td><a href=\"https:\/\/storage.googleapis.com\/mapbiomas-public\/initiatives\/peru\/collection_1\/download\/layers\/comunidad-campesina-reconocida.zip\" target=\"_blank\" rel=\"noreferrer noopener\">Access<\/a><\/td><\/tr><tr><td>National Protected Areas<\/td><td>SERNANP<\/td><td>2022<\/td><td><a href=\"https:\/\/storage.googleapis.com\/mapbiomas-public\/initiatives\/peru\/collection_1\/download\/layers\/area-natural-protegida.zip\" target=\"_blank\" rel=\"noreferrer noopener\">Access<\/a><\/td><\/tr><tr><td>Regional Conservation Areas<\/td><td>SERNANP<\/td><td>2022<\/td><td><a href=\"https:\/\/storage.googleapis.com\/mapbiomas-public\/initiatives\/peru\/collection_1\/download\/layers\/area-conservacion-regional.zip\" target=\"_blank\" rel=\"noreferrer noopener\">Access<\/a><\/td><\/tr><tr><td>Private Conservation Areas<\/td><td>SERNANP<\/td><td>2022<\/td><td><a href=\"https:\/\/storage.googleapis.com\/mapbiomas-public\/initiatives\/peru\/collection_1\/download\/layers\/area-conservacion-privada.zip\" target=\"_blank\" rel=\"noreferrer noopener\">Access<\/a><\/td><\/tr><tr><td>Fragile ecosystem<\/td><td>SERFOR<\/td><td>2019<\/td><td><a href=\"https:\/\/storage.googleapis.com\/mapbiomas-public\/initiatives\/peru\/collection_1\/download\/layers\/ecosistema-fragil.zip\" target=\"_blank\" rel=\"noreferrer noopener\">Access<\/a><\/td><\/tr><tr><td>Ecozone<\/td><td>SERFOR<\/td><td>2017<\/td><td><a href=\"https:\/\/storage.googleapis.com\/mapbiomas-public\/initiatives\/peru\/collection_1\/download\/layers\/ecozona.zip\" target=\"_blank\" rel=\"noreferrer noopener\">Access<\/a><\/td><\/tr><tr><td>Ecoregion<\/td><td>MINAM<\/td><td>2017<\/td><td><a href=\"https:\/\/storage.googleapis.com\/mapbiomas-public\/initiatives\/peru\/collection_1\/download\/layers\/ecorregion.zip\" target=\"_blank\" rel=\"noreferrer noopener\">Access<\/a><\/td><\/tr><tr><td>Geographical region<\/td><td>ANA<\/td><td>2023<\/td><td><a href=\"https:\/\/storage.googleapis.com\/mapbiomas-public\/initiatives\/peru\/collection_1\/download\/layers\/region-geografica.zip\" target=\"_blank\" rel=\"noreferrer noopener\">Access<\/a><\/td><\/tr><\/tbody><\/table><\/figure>","protected":false},"excerpt":{"rendered":"<p>Descargue los shapefiles disponibles en la plataforma de mapas, seg\u00fan las respectivas fuentes y a\u00f1os de referencia. L\u00edmites territoriales Fuente A\u00f1o URL Bioma INEI 2017 Acceder Pa\u00eds IBC 2023 Acceder Departamento INEI 2017 Acceder Provincia INEI 2017 Acceder Distrito INEI 2017 Acceder Cuenca hidrogr\u00e1fica ANA 2021 Acceder Unidades de inter\u00e9s Fuente A\u00f1o URL Comunidad Nativa [&hellip;]<\/p>","protected":false},"author":2,"featured_media":0,"parent":0,"menu_order":0,"comment_status":"closed","ping_status":"closed","template":"","meta":{"_uag_custom_page_level_css":""},"acf":[],"uagb_featured_image_src":{"full":false,"thumbnail":false,"medium":false,"medium_large":false,"large":false,"1536x1536":false,"2048x2048":false,"trp-custom-language-flag":false,"infographic":false,"team":false},"uagb_author_info":{"display_name":"Adriel Fernandes","author_link":"https:\/\/peru.mapbiomas.org\/en\/author\/adriel-fernandes\/"},"uagb_comment_info":0,"uagb_excerpt":"Descargue los shapefiles disponibles en la plataforma de mapas, seg\u00fan las respectivas fuentes y a\u00f1os de referencia. L\u00edmites territoriales Fuente A\u00f1o URL Bioma INEI 2017 Acceder Pa\u00eds IBC 2023 Acceder Departamento INEI 2017 Acceder Provincia INEI 2017 Acceder Distrito INEI 2017 Acceder Cuenca hidrogr\u00e1fica ANA 2021 Acceder Unidades de inter\u00e9s Fuente A\u00f1o URL Comunidad Nativa&hellip;","_links":{"self":[{"href":"https:\/\/peru.mapbiomas.org\/en\/wp-json\/wp\/v2\/pages\/477"}],"collection":[{"href":"https:\/\/peru.mapbiomas.org\/en\/wp-json\/wp\/v2\/pages"}],"about":[{"href":"https:\/\/peru.mapbiomas.org\/en\/wp-json\/wp\/v2\/types\/page"}],"author":[{"embeddable":true,"href":"https:\/\/peru.mapbiomas.org\/en\/wp-json\/wp\/v2\/users\/2"}],"replies":[{"embeddable":true,"href":"https:\/\/peru.mapbiomas.org\/en\/wp-json\/wp\/v2\/comments?post=477"}],"version-history":[{"count":13,"href":"https:\/\/peru.mapbiomas.org\/en\/wp-json\/wp\/v2\/pages\/477\/revisions"}],"predecessor-version":[{"id":1556,"href":"https:\/\/peru.mapbiomas.org\/en\/wp-json\/wp\/v2\/pages\/477\/revisions\/1556"}],"wp:attachment":[{"href":"https:\/\/peru.mapbiomas.org\/en\/wp-json\/wp\/v2\/media?parent=477"}],"curies":[{"name":"wp","href":"https:\/\/api.w.org\/{rel}","templated":true}]}}