{"id":378,"date":"2023-08-02T14:20:34","date_gmt":"2023-08-02T14:20:34","guid":{"rendered":"https:\/\/staging-peru.mapbiomas.org\/?page_id=378"},"modified":"2026-02-24T13:27:28","modified_gmt":"2026-02-24T18:27:28","slug":"acceda-a-los-atdbs","status":"publish","type":"page","link":"https:\/\/peru.mapbiomas.org\/en\/acceda-a-los-atdbs\/","title":{"rendered":"Acceda a los ATDBs"},"content":{"rendered":"<p>El ATBD (Documento Base Te\u00f3rico de Algoritmos) describe el proceso de desarrollo y producci\u00f3n de los mapas y algoritmos utilizados en la Colecci\u00f3n 3 de MapBiomas Per\u00fa.<\/p>\n\n\n\n<p>The ATBD is a dynamic document that is constantly being updated to add new information and lessons learnt.<\/p>\n\n\n\n<p>There is a General ATBD of MapBiomas Peru with a set of appendices that detail the methodologies for the classification of the cross-cutting themes that were implemented. The methodology of these cross-cutting themes has been developed thanks to the work of RAISG in the Amazon area and in some cases it was adapted to be able to replicate it to the Peruvian territory. These additional adaptations were: the extension of the work area to other mosaic regions; integration of stable samples from other sources; and the inclusion of complementary samples.<\/p>\n\n\n\n<h4 class=\"wp-block-heading\">GENERAL ATBD<\/h4>\n\n\n\n<p><a href=\"https:\/\/peru.mapbiomas.org\/wp-content\/uploads\/sites\/14\/2026\/02\/1-ATBD-General-MapBiomas-Peru-Coleccion-3.0-EN.pdf\" target=\"_blank\" rel=\"noreferrer noopener\">[DOCUMENTO GENERAL COLECCI\u00d3N 3]<\/a><\/p>\n\n\n\n<p><a href=\"https:\/\/peru.mapbiomas.org\/wp-content\/uploads\/sites\/14\/2024\/02\/ATBD-General-MapBiomas-Peru-Coleccion-2.0.pdf\" target=\"_blank\" rel=\"noreferrer noopener\">[DOCUMENTO GENERAL COLECCI\u00d3N 2]<\/a><\/p>\n\n\n\n<h4 class=\"wp-block-heading\">APPENDICES&nbsp;<\/h4>\n\n\n\n<p>To access the cross-cutting themes ATBDs, click the following links:<\/p>\n\n\n\n<p><a href=\"https:\/\/peru.mapbiomas.org\/wp-content\/uploads\/sites\/14\/2025\/06\/2_ATBD-Infraestructura-Urbana-Coleccion-3.0.pdf\" target=\"_blank\" rel=\"noreferrer noopener\">INFRAESTRUTURA URBANA<\/a><\/p>\n\n\n\n<p><a href=\"https:\/\/peru.mapbiomas.org\/wp-content\/uploads\/sites\/14\/2025\/06\/3_ATBD-Mineria-Coleccion-3.0.pdf\" target=\"_blank\" rel=\"noreferrer noopener\">MINING<\/a><\/p>\n\n\n\n<p><a href=\"https:\/\/peru.mapbiomas.org\/wp-content\/uploads\/sites\/14\/2025\/06\/4_ATBD-Coberturas-inundables-Coleccion3.pdf\" data-type=\"URL\" data-id=\"https:\/\/peru.mapbiomas.org\/wp-content\/uploads\/sites\/14\/2025\/06\/4_ATBD-Coberturas-inundables-Coleccion3.pdf\" target=\"_blank\" rel=\"noreferrer noopener\">COBERTURAS INUNDABLES<\/a><\/p>\n\n\n\n<p><a href=\"https:\/\/peru.mapbiomas.org\/wp-content\/uploads\/sites\/14\/2025\/06\/5_ATBD-Lomas.pdf\" target=\"_blank\" rel=\"noreferrer noopener\">LOMAS COSTERAS<\/a><\/p>\n\n\n\n<p><a href=\"https:\/\/peru.mapbiomas.org\/wp-content\/uploads\/sites\/14\/2025\/06\/6_ATBD-Cuerpos-Salinos.pdf\">CUERPOS SALINOS<\/a><\/p>\n\n\n\n<p><a href=\"https:\/\/peru.mapbiomas.org\/wp-content\/uploads\/sites\/14\/2025\/06\/7_ATBD-Playas-Dunas-y-Bancos-de-Arena.pdf\" target=\"_blank\" rel=\"noreferrer noopener\">PLAYAS, DUNAS Y BANCOS DE ARENA<\/a><\/p>\n\n\n\n<p><a href=\"https:\/\/peru.mapbiomas.org\/wp-content\/uploads\/sites\/14\/2025\/06\/8_ATBD-Agricultura-Coleccion-3.pdf\" target=\"_blank\" rel=\"noreferrer noopener\">AGRICULTURA<\/a><\/p>\n\n\n\n<p><a href=\"https:\/\/peru.mapbiomas.org\/wp-content\/uploads\/sites\/14\/2025\/06\/9_ATBD-Modulos-de-vegetacion.pdf\" target=\"_blank\" rel=\"noreferrer noopener\">M\u00d3DULO DE VEGETACI\u00d3N SECUNDARIA<\/a><\/p>\n\n\n\n<p><a href=\"https:\/\/peru.mapbiomas.org\/wp-content\/uploads\/sites\/14\/2025\/06\/Apendice_7_Cuerpos_de_Agua_Coleccion_4.0.pdf\" target=\"_blank\" rel=\"noreferrer noopener\">WATER BODIES<\/a><\/p>\n\n\n\n<p>GLACIER<\/p>","protected":false},"excerpt":{"rendered":"<p>El ATBD (Documento Base Te\u00f3rico de Algoritmos) describe el proceso de desarrollo y producci\u00f3n de los mapas y algoritmos utilizados en la Colecci\u00f3n 3 de MapBiomas Per\u00fa. El ATBD es un documento din\u00e1mico que se encuentra en constante actualizaci\u00f3n para agregar nueva informaci\u00f3n y aprendizajes. Existe un ATBD General de MapBiomas Per\u00fa con un conjunto [&hellip;]<\/p>","protected":false},"author":2,"featured_media":0,"parent":0,"menu_order":0,"comment_status":"closed","ping_status":"closed","template":"","meta":{"_uag_custom_page_level_css":""},"acf":[],"uagb_featured_image_src":{"full":false,"thumbnail":false,"medium":false,"medium_large":false,"large":false,"1536x1536":false,"2048x2048":false,"trp-custom-language-flag":false,"infographic":false,"team":false},"uagb_author_info":{"display_name":"Adriel Fernandes","author_link":"https:\/\/peru.mapbiomas.org\/en\/author\/adriel-fernandes\/"},"uagb_comment_info":0,"uagb_excerpt":"El ATBD (Documento Base Te\u00f3rico de Algoritmos) describe el proceso de desarrollo y producci\u00f3n de los mapas y algoritmos utilizados en la Colecci\u00f3n 3 de MapBiomas Per\u00fa. El ATBD es un documento din\u00e1mico que se encuentra en constante actualizaci\u00f3n para agregar nueva informaci\u00f3n y aprendizajes. Existe un ATBD General de MapBiomas Per\u00fa con un conjunto&hellip;","_links":{"self":[{"href":"https:\/\/peru.mapbiomas.org\/en\/wp-json\/wp\/v2\/pages\/378"}],"collection":[{"href":"https:\/\/peru.mapbiomas.org\/en\/wp-json\/wp\/v2\/pages"}],"about":[{"href":"https:\/\/peru.mapbiomas.org\/en\/wp-json\/wp\/v2\/types\/page"}],"author":[{"embeddable":true,"href":"https:\/\/peru.mapbiomas.org\/en\/wp-json\/wp\/v2\/users\/2"}],"replies":[{"embeddable":true,"href":"https:\/\/peru.mapbiomas.org\/en\/wp-json\/wp\/v2\/comments?post=378"}],"version-history":[{"count":11,"href":"https:\/\/peru.mapbiomas.org\/en\/wp-json\/wp\/v2\/pages\/378\/revisions"}],"predecessor-version":[{"id":1737,"href":"https:\/\/peru.mapbiomas.org\/en\/wp-json\/wp\/v2\/pages\/378\/revisions\/1737"}],"wp:attachment":[{"href":"https:\/\/peru.mapbiomas.org\/en\/wp-json\/wp\/v2\/media?parent=378"}],"curies":[{"name":"wp","href":"https:\/\/api.w.org\/{rel}","templated":true}]}}