{"id":318,"date":"2023-08-02T12:52:58","date_gmt":"2023-08-02T12:52:58","guid":{"rendered":"https:\/\/staging-peru.mapbiomas.org\/?page_id=318"},"modified":"2026-02-05T14:34:43","modified_gmt":"2026-02-05T19:34:43","slug":"destacado","status":"publish","type":"page","link":"https:\/\/peru.mapbiomas.org\/en\/destacado\/","title":{"rendered":"HALLAZGOS (Factsheet)"},"content":{"rendered":"<p>Descargue los documentos que recogen los principales hallazgos de los datos de las colecciones de mapas y publicaciones de MapBiomas Per\u00fa<\/p>\n\n\n\n<h4 class=\"wp-block-heading\">MapBiomas Fuego Colleci\u00f3n 1<\/h4>\n\n\n\n<figure class=\"wp-block-image size-large is-resized\"><img decoding=\"async\" src=\"https:\/\/peru.mapbiomas.org\/wp-content\/uploads\/sites\/14\/2025\/10\/Screenshot-2025-10-30-at-09.54.45-1024x579.png\" alt=\"\" class=\"wp-image-1670\" width=\"985\" srcset=\"https:\/\/peru.mapbiomas.org\/wp-content\/uploads\/sites\/14\/2025\/10\/Screenshot-2025-10-30-at-09.54.45-1024x579.png 1024w, https:\/\/peru.mapbiomas.org\/wp-content\/uploads\/sites\/14\/2025\/10\/Screenshot-2025-10-30-at-09.54.45-300x170.png 300w, https:\/\/peru.mapbiomas.org\/wp-content\/uploads\/sites\/14\/2025\/10\/Screenshot-2025-10-30-at-09.54.45-768x434.png 768w, https:\/\/peru.mapbiomas.org\/wp-content\/uploads\/sites\/14\/2025\/10\/Screenshot-2025-10-30-at-09.54.45-18x10.png 18w, https:\/\/peru.mapbiomas.org\/wp-content\/uploads\/sites\/14\/2025\/10\/Screenshot-2025-10-30-at-09.54.45.png 1172w\" sizes=\"(max-width: 1024px) 100vw, 1024px\" \/><\/figure>\n\n\n\n<pre id=\"tw-target-text\" class=\"wp-block-preformatted\"><a href=\"https:\/\/peru.mapbiomas.org\/wp-content\/uploads\/sites\/14\/2026\/02\/fact_sheet_peru_fuego.pdf\" data-type=\"URL\" target=\"_blank\" rel=\"noreferrer noopener\">Accede aqu\u00ed<\/a><\/pre>\n\n\n\n<p><strong>Acceda al reporte en cifras de la Colecci\u00f3n 3 de MapBiomas Per\u00fa \u00c1gua<\/strong><\/p>\n\n\n\n<p><a href=\"https:\/\/peru.mapbiomas.org\/wp-content\/uploads\/sites\/14\/2025\/07\/Factsheet-agua-V2.pdf\">Agua<\/a> y <a href=\"https:\/\/peru.mapbiomas.org\/wp-content\/uploads\/sites\/14\/2025\/07\/FH-Glaciar-v2.pdf\">Glaciares<\/a><\/p>\n\n\n\n<figure class=\"wp-block-image size-full\"><a href=\"https:\/\/peru.mapbiomas.org\/wp-content\/uploads\/sites\/14\/2025\/07\/Factsheet-agua-V2.pdf\" target=\"_blank\" rel=\"https:\/\/peru.mapbiomas.org\/wp-content\/uploads\/sites\/14\/2025\/07\/Factsheet-agua-V2.pdf noreferrer noopener\"><img decoding=\"async\" loading=\"lazy\" width=\"986\" height=\"653\" src=\"https:\/\/peru.mapbiomas.org\/wp-content\/uploads\/sites\/14\/2025\/07\/banner-agua-1.jpg\" alt=\"\" class=\"wp-image-1540\" srcset=\"https:\/\/peru.mapbiomas.org\/wp-content\/uploads\/sites\/14\/2025\/07\/banner-agua-1.jpg 986w, https:\/\/peru.mapbiomas.org\/wp-content\/uploads\/sites\/14\/2025\/07\/banner-agua-1-300x199.jpg 300w, https:\/\/peru.mapbiomas.org\/wp-content\/uploads\/sites\/14\/2025\/07\/banner-agua-1-768x509.jpg 768w, https:\/\/peru.mapbiomas.org\/wp-content\/uploads\/sites\/14\/2025\/07\/banner-agua-1-18x12.jpg 18w\" sizes=\"(max-width: 986px) 100vw, 986px\" \/><\/a><\/figure>\n\n\n\n<p><strong>Acceda al reporte en cifras de la Colecci\u00f3n 3 de MapBiomas Per\u00fa<\/strong><\/p>\n\n\n\n<figure class=\"wp-block-image size-large\"><a href=\"https:\/\/peru.mapbiomas.org\/wp-content\/uploads\/sites\/14\/2025\/06\/FACTSHEET-GENERAL-COBERTURA-Y-USO-DE-SUELO-.pdf\"><img decoding=\"async\" loading=\"lazy\" width=\"1024\" height=\"576\" src=\"https:\/\/peru.mapbiomas.org\/wp-content\/uploads\/sites\/14\/2025\/06\/cobertura_peru_col3-1024x576.png\" alt=\"\" class=\"wp-image-1481\" srcset=\"https:\/\/peru.mapbiomas.org\/wp-content\/uploads\/sites\/14\/2025\/06\/cobertura_peru_col3-1024x576.png 1024w, https:\/\/peru.mapbiomas.org\/wp-content\/uploads\/sites\/14\/2025\/06\/cobertura_peru_col3-300x169.png 300w, https:\/\/peru.mapbiomas.org\/wp-content\/uploads\/sites\/14\/2025\/06\/cobertura_peru_col3-768x432.png 768w, https:\/\/peru.mapbiomas.org\/wp-content\/uploads\/sites\/14\/2025\/06\/cobertura_peru_col3-18x10.png 18w, https:\/\/peru.mapbiomas.org\/wp-content\/uploads\/sites\/14\/2025\/06\/cobertura_peru_col3-970x545.png 970w, https:\/\/peru.mapbiomas.org\/wp-content\/uploads\/sites\/14\/2025\/06\/cobertura_peru_col3.png 1366w\" sizes=\"(max-width: 1024px) 100vw, 1024px\" \/><\/a><\/figure>\n\n\n\n<figure class=\"wp-block-image size-large\"><a href=\"https:\/\/peru.mapbiomas.org\/wp-content\/uploads\/sites\/14\/2025\/06\/FACTSHEET_Modulos_3.pdf\"><img decoding=\"async\" loading=\"lazy\" width=\"1024\" height=\"576\" src=\"https:\/\/peru.mapbiomas.org\/wp-content\/uploads\/sites\/14\/2025\/06\/perdida_veg-sec_peru_col3-1024x576.png\" alt=\"\" class=\"wp-image-1482\" srcset=\"https:\/\/peru.mapbiomas.org\/wp-content\/uploads\/sites\/14\/2025\/06\/perdida_veg-sec_peru_col3-1024x576.png 1024w, https:\/\/peru.mapbiomas.org\/wp-content\/uploads\/sites\/14\/2025\/06\/perdida_veg-sec_peru_col3-300x169.png 300w, https:\/\/peru.mapbiomas.org\/wp-content\/uploads\/sites\/14\/2025\/06\/perdida_veg-sec_peru_col3-768x432.png 768w, https:\/\/peru.mapbiomas.org\/wp-content\/uploads\/sites\/14\/2025\/06\/perdida_veg-sec_peru_col3-18x10.png 18w, https:\/\/peru.mapbiomas.org\/wp-content\/uploads\/sites\/14\/2025\/06\/perdida_veg-sec_peru_col3-970x545.png 970w, https:\/\/peru.mapbiomas.org\/wp-content\/uploads\/sites\/14\/2025\/06\/perdida_veg-sec_peru_col3.png 1366w\" sizes=\"(max-width: 1024px) 100vw, 1024px\" \/><\/a><\/figure>\n\n\n\n<p><strong>Acceda al reporte en cifras de la Colecci\u00f3n 2 de MapBiomas Per\u00fa<\/strong><\/p>\n\n\n\n<figure class=\"wp-block-image size-large\"><a href=\"https:\/\/peru.mapbiomas.org\/wp-content\/uploads\/sites\/14\/2024\/02\/1_ES_FactSheet_Mapbiomas_Peru_2.0-1080x1080px-1.pdf\" target=\"_blank\" rel=\"noreferrer noopener\"><img decoding=\"async\" src=\"https:\/\/peru.mapbiomas.org\/wp-content\/uploads\/sites\/14\/2024\/08\/general.jpg\" alt=\"\" \/><\/a><\/figure>\n\n\n\n<figure class=\"wp-block-image size-large\"><a href=\"https:\/\/peru.mapbiomas.org\/wp-content\/uploads\/sites\/14\/2024\/02\/2_ES_FactSheet_Palma_2.0-1080x1080px.pdf\" target=\"_blank\" rel=\"noreferrer noopener\"><img decoding=\"async\" src=\"https:\/\/peru.mapbiomas.org\/wp-content\/uploads\/sites\/14\/2024\/08\/palma.jpg\" alt=\"\" \/><\/a><\/figure>\n\n\n\n<figure class=\"wp-block-image size-large\"><img decoding=\"async\" src=\"https:\/\/peru.mapbiomas.org\/wp-content\/uploads\/sites\/14\/2024\/08\/plantaciones.jpg\" alt=\"\" \/><\/figure>\n\n\n\n<figure class=\"wp-block-image size-large is-resized\"><a href=\"https:\/\/peru.mapbiomas.org\/wp-content\/uploads\/sites\/14\/2024\/12\/FactSheet-Water-C2-Peru-3.pdf\"><img decoding=\"async\" loading=\"lazy\" src=\"https:\/\/peru.mapbiomas.org\/wp-content\/uploads\/sites\/14\/2024\/12\/foto-agua-1024x577.jpg\" alt=\"\" class=\"wp-image-1307\" width=\"1075\" height=\"606\" srcset=\"https:\/\/peru.mapbiomas.org\/wp-content\/uploads\/sites\/14\/2024\/12\/foto-agua-1024x577.jpg 1024w, https:\/\/peru.mapbiomas.org\/wp-content\/uploads\/sites\/14\/2024\/12\/foto-agua-300x169.jpg 300w, https:\/\/peru.mapbiomas.org\/wp-content\/uploads\/sites\/14\/2024\/12\/foto-agua-768x433.jpg 768w, https:\/\/peru.mapbiomas.org\/wp-content\/uploads\/sites\/14\/2024\/12\/foto-agua-18x10.jpg 18w, https:\/\/peru.mapbiomas.org\/wp-content\/uploads\/sites\/14\/2024\/12\/foto-agua.jpg 1431w\" sizes=\"(max-width: 1075px) 100vw, 1075px\" \/><\/a><\/figure>\n\n\n\n<figure class=\"wp-block-image size-large is-resized\"><a href=\"https:\/\/peru.mapbiomas.org\/wp-content\/uploads\/sites\/14\/2024\/02\/MapBiomas-Data-Solutions-to-Face-Climate-Crisis_231202-AF-digital2-.pdf\" target=\"_blank\" rel=\"noreferrer noopener\"><img decoding=\"async\" loading=\"lazy\" src=\"https:\/\/peru.mapbiomas.org\/wp-content\/uploads\/sites\/14\/2024\/08\/general2.jpg\" alt=\"\" width=\"1075\" height=\"621\" \/><\/a><\/figure>","protected":false},"excerpt":{"rendered":"<p>Descargue los documentos que recogen los principales hallazgos de los datos de las colecciones de mapas y publicaciones de MapBiomas Per\u00fa MapBiomas Fuego Colleci\u00f3n 1 Accede aqu\u00ed Acceda al reporte en cifras de la Colecci\u00f3n 3 de MapBiomas Per\u00fa \u00c1gua Agua y Glaciares Acceda al reporte en cifras de la Colecci\u00f3n 3 de MapBiomas Per\u00fa [&hellip;]<\/p>","protected":false},"author":2,"featured_media":0,"parent":0,"menu_order":0,"comment_status":"closed","ping_status":"closed","template":"","meta":{"_uag_custom_page_level_css":""},"acf":[],"uagb_featured_image_src":{"full":false,"thumbnail":false,"medium":false,"medium_large":false,"large":false,"1536x1536":false,"2048x2048":false,"trp-custom-language-flag":false,"infographic":false,"team":false},"uagb_author_info":{"display_name":"Adriel Fernandes","author_link":"https:\/\/peru.mapbiomas.org\/en\/author\/adriel-fernandes\/"},"uagb_comment_info":0,"uagb_excerpt":"Descargue los documentos que recogen los principales hallazgos de los datos de las colecciones de mapas y publicaciones de MapBiomas Per\u00fa MapBiomas Fuego Colleci\u00f3n 1 Accede aqu\u00ed Acceda al reporte en cifras de la Colecci\u00f3n 3 de MapBiomas Per\u00fa \u00c1gua Agua y Glaciares Acceda al reporte en cifras de la Colecci\u00f3n 3 de MapBiomas Per\u00fa&hellip;","_links":{"self":[{"href":"https:\/\/peru.mapbiomas.org\/en\/wp-json\/wp\/v2\/pages\/318"}],"collection":[{"href":"https:\/\/peru.mapbiomas.org\/en\/wp-json\/wp\/v2\/pages"}],"about":[{"href":"https:\/\/peru.mapbiomas.org\/en\/wp-json\/wp\/v2\/types\/page"}],"author":[{"embeddable":true,"href":"https:\/\/peru.mapbiomas.org\/en\/wp-json\/wp\/v2\/users\/2"}],"replies":[{"embeddable":true,"href":"https:\/\/peru.mapbiomas.org\/en\/wp-json\/wp\/v2\/comments?post=318"}],"version-history":[{"count":45,"href":"https:\/\/peru.mapbiomas.org\/en\/wp-json\/wp\/v2\/pages\/318\/revisions"}],"predecessor-version":[{"id":1734,"href":"https:\/\/peru.mapbiomas.org\/en\/wp-json\/wp\/v2\/pages\/318\/revisions\/1734"}],"wp:attachment":[{"href":"https:\/\/peru.mapbiomas.org\/en\/wp-json\/wp\/v2\/media?parent=318"}],"curies":[{"name":"wp","href":"https:\/\/api.w.org\/{rel}","templated":true}]}}