{"id":309,"date":"2023-08-02T12:46:35","date_gmt":"2023-08-02T12:46:35","guid":{"rendered":"https:\/\/staging-peru.mapbiomas.org\/?page_id=309"},"modified":"2025-10-30T10:56:56","modified_gmt":"2025-10-30T15:56:56","slug":"infografia","status":"publish","type":"page","link":"https:\/\/peru.mapbiomas.org\/en\/infografia\/","title":{"rendered":"Infographics"},"content":{"rendered":"<p>Download here the infographics of MapBiomas Peru Collection 3:<\/p>\n\n\n\n\n\n<figure class=\"wp-block-image size-large\"><a href=\"https:\/\/peru.mapbiomas.org\/wp-content\/uploads\/sites\/14\/2025\/06\/1_MBI-Infograficos-peru-2025-ES-scaled.jpg\" target=\"_blank\" rel=\"noreferrer noopener\"><img decoding=\"async\" loading=\"lazy\" width=\"1024\" height=\"575\" src=\"https:\/\/peru.mapbiomas.org\/wp-content\/uploads\/sites\/14\/2025\/06\/1_MBI-Infograficos-peru-2025-ES-1024x575.jpg\" alt=\"\" class=\"wp-image-1420\" srcset=\"https:\/\/peru.mapbiomas.org\/wp-content\/uploads\/sites\/14\/2025\/06\/1_MBI-Infograficos-peru-2025-ES-1024x575.jpg 1024w, https:\/\/peru.mapbiomas.org\/wp-content\/uploads\/sites\/14\/2025\/06\/1_MBI-Infograficos-peru-2025-ES-300x168.jpg 300w, https:\/\/peru.mapbiomas.org\/wp-content\/uploads\/sites\/14\/2025\/06\/1_MBI-Infograficos-peru-2025-ES-768x431.jpg 768w, https:\/\/peru.mapbiomas.org\/wp-content\/uploads\/sites\/14\/2025\/06\/1_MBI-Infograficos-peru-2025-ES-1536x863.jpg 1536w, https:\/\/peru.mapbiomas.org\/wp-content\/uploads\/sites\/14\/2025\/06\/1_MBI-Infograficos-peru-2025-ES-2048x1150.jpg 2048w, https:\/\/peru.mapbiomas.org\/wp-content\/uploads\/sites\/14\/2025\/06\/1_MBI-Infograficos-peru-2025-ES-18x10.jpg 18w, https:\/\/peru.mapbiomas.org\/wp-content\/uploads\/sites\/14\/2025\/06\/1_MBI-Infograficos-peru-2025-ES-970x545.jpg 970w\" sizes=\"(max-width: 1024px) 100vw, 1024px\" \/><\/a><\/figure>\n\n\n\n\n\n<div class=\"wp-block-columns is-layout-flex wp-container-3\">\n<div class=\"wp-block-column is-layout-flow\">\n<figure class=\"wp-block-image size-large\"><a href=\"https:\/\/peru.mapbiomas.org\/wp-content\/uploads\/sites\/14\/2025\/06\/2_MBI-Infograficos-peru-amazonia-2025-ES-scaled.jpg\" target=\"_blank\" rel=\"noreferrer noopener\"><img decoding=\"async\" loading=\"lazy\" width=\"1024\" height=\"575\" src=\"https:\/\/peru.mapbiomas.org\/wp-content\/uploads\/sites\/14\/2025\/06\/2_MBI-Infograficos-peru-amazonia-2025-ES-1024x575.jpg\" alt=\"\" class=\"wp-image-1422\" srcset=\"https:\/\/peru.mapbiomas.org\/wp-content\/uploads\/sites\/14\/2025\/06\/2_MBI-Infograficos-peru-amazonia-2025-ES-1024x575.jpg 1024w, https:\/\/peru.mapbiomas.org\/wp-content\/uploads\/sites\/14\/2025\/06\/2_MBI-Infograficos-peru-amazonia-2025-ES-300x168.jpg 300w, https:\/\/peru.mapbiomas.org\/wp-content\/uploads\/sites\/14\/2025\/06\/2_MBI-Infograficos-peru-amazonia-2025-ES-768x431.jpg 768w, https:\/\/peru.mapbiomas.org\/wp-content\/uploads\/sites\/14\/2025\/06\/2_MBI-Infograficos-peru-amazonia-2025-ES-1536x863.jpg 1536w, https:\/\/peru.mapbiomas.org\/wp-content\/uploads\/sites\/14\/2025\/06\/2_MBI-Infograficos-peru-amazonia-2025-ES-2048x1150.jpg 2048w, https:\/\/peru.mapbiomas.org\/wp-content\/uploads\/sites\/14\/2025\/06\/2_MBI-Infograficos-peru-amazonia-2025-ES-18x10.jpg 18w, https:\/\/peru.mapbiomas.org\/wp-content\/uploads\/sites\/14\/2025\/06\/2_MBI-Infograficos-peru-amazonia-2025-ES-970x545.jpg 970w\" sizes=\"(max-width: 1024px) 100vw, 1024px\" \/><\/a><\/figure>\n<\/div>\n\n\n\n<div class=\"wp-block-column is-layout-flow\">\n<figure class=\"wp-block-image size-large\"><a href=\"https:\/\/peru.mapbiomas.org\/wp-content\/uploads\/sites\/14\/2025\/06\/3_MBI-Infograficos-peru-andes-2025-ES-scaled.jpg\" target=\"_blank\" rel=\"noreferrer noopener\"><img decoding=\"async\" loading=\"lazy\" width=\"1024\" height=\"575\" src=\"https:\/\/peru.mapbiomas.org\/wp-content\/uploads\/sites\/14\/2025\/06\/3_MBI-Infograficos-peru-andes-2025-ES-1024x575.jpg\" alt=\"\" class=\"wp-image-1424\" srcset=\"https:\/\/peru.mapbiomas.org\/wp-content\/uploads\/sites\/14\/2025\/06\/3_MBI-Infograficos-peru-andes-2025-ES-1024x575.jpg 1024w, https:\/\/peru.mapbiomas.org\/wp-content\/uploads\/sites\/14\/2025\/06\/3_MBI-Infograficos-peru-andes-2025-ES-300x168.jpg 300w, https:\/\/peru.mapbiomas.org\/wp-content\/uploads\/sites\/14\/2025\/06\/3_MBI-Infograficos-peru-andes-2025-ES-768x431.jpg 768w, https:\/\/peru.mapbiomas.org\/wp-content\/uploads\/sites\/14\/2025\/06\/3_MBI-Infograficos-peru-andes-2025-ES-1536x863.jpg 1536w, https:\/\/peru.mapbiomas.org\/wp-content\/uploads\/sites\/14\/2025\/06\/3_MBI-Infograficos-peru-andes-2025-ES-2048x1150.jpg 2048w, https:\/\/peru.mapbiomas.org\/wp-content\/uploads\/sites\/14\/2025\/06\/3_MBI-Infograficos-peru-andes-2025-ES-18x10.jpg 18w, https:\/\/peru.mapbiomas.org\/wp-content\/uploads\/sites\/14\/2025\/06\/3_MBI-Infograficos-peru-andes-2025-ES-970x545.jpg 970w\" sizes=\"(max-width: 1024px) 100vw, 1024px\" \/><\/a><\/figure>\n<\/div>\n<\/div>\n\n\n\n<div class=\"wp-block-columns is-layout-flex wp-container-6\">\n<div class=\"wp-block-column is-layout-flow\">\n<figure class=\"wp-block-image size-large\"><a href=\"https:\/\/peru.mapbiomas.org\/wp-content\/uploads\/sites\/14\/2025\/06\/4_MBI-Infograficos-peru-bosquesecoecuatorial-2025-ES-scaled.jpg\" target=\"_blank\" rel=\"noreferrer noopener\"><img decoding=\"async\" loading=\"lazy\" width=\"1024\" height=\"575\" src=\"https:\/\/peru.mapbiomas.org\/wp-content\/uploads\/sites\/14\/2025\/06\/4_MBI-Infograficos-peru-bosquesecoecuatorial-2025-ES-1024x575.jpg\" alt=\"\" class=\"wp-image-1426\" srcset=\"https:\/\/peru.mapbiomas.org\/wp-content\/uploads\/sites\/14\/2025\/06\/4_MBI-Infograficos-peru-bosquesecoecuatorial-2025-ES-1024x575.jpg 1024w, https:\/\/peru.mapbiomas.org\/wp-content\/uploads\/sites\/14\/2025\/06\/4_MBI-Infograficos-peru-bosquesecoecuatorial-2025-ES-300x168.jpg 300w, https:\/\/peru.mapbiomas.org\/wp-content\/uploads\/sites\/14\/2025\/06\/4_MBI-Infograficos-peru-bosquesecoecuatorial-2025-ES-768x431.jpg 768w, https:\/\/peru.mapbiomas.org\/wp-content\/uploads\/sites\/14\/2025\/06\/4_MBI-Infograficos-peru-bosquesecoecuatorial-2025-ES-1536x863.jpg 1536w, https:\/\/peru.mapbiomas.org\/wp-content\/uploads\/sites\/14\/2025\/06\/4_MBI-Infograficos-peru-bosquesecoecuatorial-2025-ES-2048x1150.jpg 2048w, https:\/\/peru.mapbiomas.org\/wp-content\/uploads\/sites\/14\/2025\/06\/4_MBI-Infograficos-peru-bosquesecoecuatorial-2025-ES-18x10.jpg 18w, https:\/\/peru.mapbiomas.org\/wp-content\/uploads\/sites\/14\/2025\/06\/4_MBI-Infograficos-peru-bosquesecoecuatorial-2025-ES-970x545.jpg 970w\" sizes=\"(max-width: 1024px) 100vw, 1024px\" \/><\/a><\/figure>\n<\/div>\n\n\n\n<div class=\"wp-block-column is-layout-flow\">\n<figure class=\"wp-block-image size-large\"><a href=\"https:\/\/peru.mapbiomas.org\/wp-content\/uploads\/sites\/14\/2025\/06\/5_MBI-Infograficos-peru-desierto-costero-2025-ES-scaled.jpg\" target=\"_blank\" rel=\"noreferrer noopener\"><img decoding=\"async\" loading=\"lazy\" width=\"1024\" height=\"575\" src=\"https:\/\/peru.mapbiomas.org\/wp-content\/uploads\/sites\/14\/2025\/06\/5_MBI-Infograficos-peru-desierto-costero-2025-ES-1024x575.jpg\" alt=\"\" class=\"wp-image-1428\" srcset=\"https:\/\/peru.mapbiomas.org\/wp-content\/uploads\/sites\/14\/2025\/06\/5_MBI-Infograficos-peru-desierto-costero-2025-ES-1024x575.jpg 1024w, https:\/\/peru.mapbiomas.org\/wp-content\/uploads\/sites\/14\/2025\/06\/5_MBI-Infograficos-peru-desierto-costero-2025-ES-300x168.jpg 300w, https:\/\/peru.mapbiomas.org\/wp-content\/uploads\/sites\/14\/2025\/06\/5_MBI-Infograficos-peru-desierto-costero-2025-ES-768x431.jpg 768w, https:\/\/peru.mapbiomas.org\/wp-content\/uploads\/sites\/14\/2025\/06\/5_MBI-Infograficos-peru-desierto-costero-2025-ES-1536x863.jpg 1536w, https:\/\/peru.mapbiomas.org\/wp-content\/uploads\/sites\/14\/2025\/06\/5_MBI-Infograficos-peru-desierto-costero-2025-ES-2048x1150.jpg 2048w, https:\/\/peru.mapbiomas.org\/wp-content\/uploads\/sites\/14\/2025\/06\/5_MBI-Infograficos-peru-desierto-costero-2025-ES-18x10.jpg 18w, https:\/\/peru.mapbiomas.org\/wp-content\/uploads\/sites\/14\/2025\/06\/5_MBI-Infograficos-peru-desierto-costero-2025-ES-970x545.jpg 970w\" sizes=\"(max-width: 1024px) 100vw, 1024px\" \/><\/a><\/figure>\n<\/div>\n<\/div>\n\n\n\n<figure class=\"wp-block-image size-large\"><a href=\"https:\/\/peru.mapbiomas.org\/wp-content\/uploads\/sites\/14\/2025\/10\/MBI-infografico-agua-peru-2025-ES-scaled.jpg\" target=\"_blank\" rel=\"noreferrer noopener\"><img decoding=\"async\" loading=\"lazy\" width=\"1024\" height=\"575\" src=\"https:\/\/peru.mapbiomas.org\/wp-content\/uploads\/sites\/14\/2025\/10\/MBI-infographic-water-peru-2025-EN-scaled.jpg\" alt=\"\" class=\"wp-image-1704\" srcset=\"https:\/\/peru.mapbiomas.org\/wp-content\/uploads\/sites\/14\/2025\/10\/MBI-infographic-water-peru-2025-EN-scaled.jpg 2560w, https:\/\/peru.mapbiomas.org\/wp-content\/uploads\/sites\/14\/2025\/10\/MBI-infographic-water-peru-2025-EN-300x168.jpg 300w, https:\/\/peru.mapbiomas.org\/wp-content\/uploads\/sites\/14\/2025\/10\/MBI-infographic-water-peru-2025-EN-1024x575.jpg 1024w, https:\/\/peru.mapbiomas.org\/wp-content\/uploads\/sites\/14\/2025\/10\/MBI-infographic-water-peru-2025-EN-768x431.jpg 768w, https:\/\/peru.mapbiomas.org\/wp-content\/uploads\/sites\/14\/2025\/10\/MBI-infographic-water-peru-2025-EN-1536x863.jpg 1536w, https:\/\/peru.mapbiomas.org\/wp-content\/uploads\/sites\/14\/2025\/10\/MBI-infographic-water-peru-2025-EN-2048x1150.jpg 2048w, https:\/\/peru.mapbiomas.org\/wp-content\/uploads\/sites\/14\/2025\/10\/MBI-infographic-water-peru-2025-EN-18x10.jpg 18w, https:\/\/peru.mapbiomas.org\/wp-content\/uploads\/sites\/14\/2025\/10\/MBI-infographic-water-peru-2025-EN-970x545.jpg 970w\" sizes=\"(max-width: 1024px) 100vw, 1024px\" \/><\/a><\/figure>\n\n\n\n<figure class=\"wp-block-image size-large\"><a href=\"https:\/\/peru.mapbiomas.org\/wp-content\/uploads\/sites\/14\/2025\/10\/MBI-infografia-peru-fuego-2025-ES-1-scaled.jpg\" target=\"_blank\" rel=\"noreferrer noopener\"><img decoding=\"async\" loading=\"lazy\" width=\"1024\" height=\"575\" src=\"https:\/\/peru.mapbiomas.org\/wp-content\/uploads\/sites\/14\/2025\/10\/MBI-infographic-peru-fire-2025-EN-1-scaled.jpg\" alt=\"\" class=\"wp-image-1703\" srcset=\"https:\/\/peru.mapbiomas.org\/wp-content\/uploads\/sites\/14\/2025\/10\/MBI-infographic-peru-fire-2025-EN-1-scaled.jpg 2560w, https:\/\/peru.mapbiomas.org\/wp-content\/uploads\/sites\/14\/2025\/10\/MBI-infographic-peru-fire-2025-EN-1-300x168.jpg 300w, https:\/\/peru.mapbiomas.org\/wp-content\/uploads\/sites\/14\/2025\/10\/MBI-infographic-peru-fire-2025-EN-1-1024x575.jpg 1024w, https:\/\/peru.mapbiomas.org\/wp-content\/uploads\/sites\/14\/2025\/10\/MBI-infographic-peru-fire-2025-EN-1-768x431.jpg 768w, https:\/\/peru.mapbiomas.org\/wp-content\/uploads\/sites\/14\/2025\/10\/MBI-infographic-peru-fire-2025-EN-1-1536x863.jpg 1536w, https:\/\/peru.mapbiomas.org\/wp-content\/uploads\/sites\/14\/2025\/10\/MBI-infographic-peru-fire-2025-EN-1-2048x1150.jpg 2048w, https:\/\/peru.mapbiomas.org\/wp-content\/uploads\/sites\/14\/2025\/10\/MBI-infographic-peru-fire-2025-EN-1-18x10.jpg 18w, https:\/\/peru.mapbiomas.org\/wp-content\/uploads\/sites\/14\/2025\/10\/MBI-infographic-peru-fire-2025-EN-1-970x545.jpg 970w\" sizes=\"(max-width: 1024px) 100vw, 1024px\" \/><\/a><\/figure>","protected":false},"excerpt":{"rendered":"<p>Download here the infographics of MapBiomas Peru Collection 3:<\/p>","protected":false},"author":2,"featured_media":0,"parent":0,"menu_order":0,"comment_status":"closed","ping_status":"closed","template":"","meta":{"_uag_custom_page_level_css":""},"acf":[],"uagb_featured_image_src":{"full":false,"thumbnail":false,"medium":false,"medium_large":false,"large":false,"1536x1536":false,"2048x2048":false,"trp-custom-language-flag":false,"infographic":false,"team":false},"uagb_author_info":{"display_name":"Adriel Fernandes","author_link":"https:\/\/peru.mapbiomas.org\/en\/author\/adriel-fernandes\/"},"uagb_comment_info":0,"uagb_excerpt":"Descargue aqu\u00ed las infograf\u00edas de la Colecci\u00f3n 3 de MapBiomas Per\u00fa:","_links":{"self":[{"href":"https:\/\/peru.mapbiomas.org\/en\/wp-json\/wp\/v2\/pages\/309"}],"collection":[{"href":"https:\/\/peru.mapbiomas.org\/en\/wp-json\/wp\/v2\/pages"}],"about":[{"href":"https:\/\/peru.mapbiomas.org\/en\/wp-json\/wp\/v2\/types\/page"}],"author":[{"embeddable":true,"href":"https:\/\/peru.mapbiomas.org\/en\/wp-json\/wp\/v2\/users\/2"}],"replies":[{"embeddable":true,"href":"https:\/\/peru.mapbiomas.org\/en\/wp-json\/wp\/v2\/comments?post=309"}],"version-history":[{"count":17,"href":"https:\/\/peru.mapbiomas.org\/en\/wp-json\/wp\/v2\/pages\/309\/revisions"}],"predecessor-version":[{"id":1708,"href":"https:\/\/peru.mapbiomas.org\/en\/wp-json\/wp\/v2\/pages\/309\/revisions\/1708"}],"wp:attachment":[{"href":"https:\/\/peru.mapbiomas.org\/en\/wp-json\/wp\/v2\/media?parent=309"}],"curies":[{"name":"wp","href":"https:\/\/api.w.org\/{rel}","templated":true}]}}