{"id":304,"date":"2023-08-02T12:37:16","date_gmt":"2023-08-02T12:37:16","guid":{"rendered":"https:\/\/staging-peru.mapbiomas.org\/?page_id=304"},"modified":"2025-10-30T08:10:09","modified_gmt":"2025-10-30T13:10:09","slug":"mapa-mural","status":"publish","type":"page","link":"https:\/\/peru.mapbiomas.org\/en\/mapa-mural\/","title":{"rendered":"Mural Map"},"content":{"rendered":"<p>Descargue aqu\u00ed el mapa mural de Cobertura y Uso de Suelo 2024 del Per\u00fa.<\/p>\n\n\n\n\n\n<p class=\"has-text-align-center\"><a href=\"https:\/\/storage.googleapis.com\/mapbiomas-public\/initiatives\/peru\/collection_3\/MapaMural_LUCL_MapbiomasPeru_C3_v2.pdf\" target=\"_blank\" rel=\"noreferrer noopener\">Per\u00fa &#8211; 2024<\/a><\/p>\n\n\n\n\n\n<figure class=\"wp-block-image aligncenter size-large\"><img decoding=\"async\" loading=\"lazy\" width=\"1024\" height=\"717\" src=\"https:\/\/peru.mapbiomas.org\/wp-content\/uploads\/sites\/14\/2025\/06\/MapaMural_LUCL_MapbiomasPeru_C3_v2_page-0001-1024x717.jpg\" alt=\"\" class=\"wp-image-1519\" srcset=\"https:\/\/peru.mapbiomas.org\/wp-content\/uploads\/sites\/14\/2025\/06\/MapaMural_LUCL_MapbiomasPeru_C3_v2_page-0001-1024x717.jpg 1024w, https:\/\/peru.mapbiomas.org\/wp-content\/uploads\/sites\/14\/2025\/06\/MapaMural_LUCL_MapbiomasPeru_C3_v2_page-0001-300x210.jpg 300w, https:\/\/peru.mapbiomas.org\/wp-content\/uploads\/sites\/14\/2025\/06\/MapaMural_LUCL_MapbiomasPeru_C3_v2_page-0001-768x538.jpg 768w, https:\/\/peru.mapbiomas.org\/wp-content\/uploads\/sites\/14\/2025\/06\/MapaMural_LUCL_MapbiomasPeru_C3_v2_page-0001-1536x1075.jpg 1536w, https:\/\/peru.mapbiomas.org\/wp-content\/uploads\/sites\/14\/2025\/06\/MapaMural_LUCL_MapbiomasPeru_C3_v2_page-0001-2048x1434.jpg 2048w, https:\/\/peru.mapbiomas.org\/wp-content\/uploads\/sites\/14\/2025\/06\/MapaMural_LUCL_MapbiomasPeru_C3_v2_page-0001-18x12.jpg 18w\" sizes=\"(max-width: 1024px) 100vw, 1024px\" \/><\/figure>\n\n\n\n<p class=\"has-text-align-center\"><a href=\"https:\/\/storage.googleapis.com\/mapbiomas-public\/initiatives\/peru\/fire\/download\/MapaQuemas_Peru_2025-finalImpresion.pdf\" target=\"_blank\" rel=\"noreferrer noopener\">Mapa de \u00e1reas quemadas 2013 &#8211; 2024<\/a><\/p>\n\n\n\n\n\n<figure class=\"wp-block-image aligncenter size-large\"><img decoding=\"async\" loading=\"lazy\" width=\"1024\" height=\"715\" src=\"https:\/\/peru.mapbiomas.org\/wp-content\/uploads\/sites\/14\/2025\/10\/areas-quemadas-1024x715.png\" alt=\"\" class=\"wp-image-1682\" srcset=\"https:\/\/peru.mapbiomas.org\/wp-content\/uploads\/sites\/14\/2025\/10\/areas-quemadas-1024x715.png 1024w, https:\/\/peru.mapbiomas.org\/wp-content\/uploads\/sites\/14\/2025\/10\/areas-quemadas-300x209.png 300w, https:\/\/peru.mapbiomas.org\/wp-content\/uploads\/sites\/14\/2025\/10\/areas-quemadas-768x536.png 768w, https:\/\/peru.mapbiomas.org\/wp-content\/uploads\/sites\/14\/2025\/10\/areas-quemadas-18x12.png 18w, https:\/\/peru.mapbiomas.org\/wp-content\/uploads\/sites\/14\/2025\/10\/areas-quemadas.png 1331w\" sizes=\"(max-width: 1024px) 100vw, 1024px\" \/><\/figure>","protected":false},"excerpt":{"rendered":"<p>Descargue aqu\u00ed el mapa mural de Cobertura y Uso de Suelo 2024 del Per\u00fa. Per\u00fa &#8211; 2024 Mapa de \u00e1reas quemadas 2013 &#8211; 2024<\/p>","protected":false},"author":2,"featured_media":0,"parent":0,"menu_order":0,"comment_status":"closed","ping_status":"closed","template":"","meta":{"_uag_custom_page_level_css":""},"acf":[],"uagb_featured_image_src":{"full":false,"thumbnail":false,"medium":false,"medium_large":false,"large":false,"1536x1536":false,"2048x2048":false,"trp-custom-language-flag":false,"infographic":false,"team":false},"uagb_author_info":{"display_name":"Adriel Fernandes","author_link":"https:\/\/peru.mapbiomas.org\/en\/author\/adriel-fernandes\/"},"uagb_comment_info":0,"uagb_excerpt":"Descargue aqu\u00ed el mapa mural de Cobertura y Uso de Suelo 2024 del Per\u00fa. Per\u00fa &#8211; 2024 Mapa de \u00e1reas quemadas 2013 &#8211; 2024","_links":{"self":[{"href":"https:\/\/peru.mapbiomas.org\/en\/wp-json\/wp\/v2\/pages\/304"}],"collection":[{"href":"https:\/\/peru.mapbiomas.org\/en\/wp-json\/wp\/v2\/pages"}],"about":[{"href":"https:\/\/peru.mapbiomas.org\/en\/wp-json\/wp\/v2\/types\/page"}],"author":[{"embeddable":true,"href":"https:\/\/peru.mapbiomas.org\/en\/wp-json\/wp\/v2\/users\/2"}],"replies":[{"embeddable":true,"href":"https:\/\/peru.mapbiomas.org\/en\/wp-json\/wp\/v2\/comments?post=304"}],"version-history":[{"count":14,"href":"https:\/\/peru.mapbiomas.org\/en\/wp-json\/wp\/v2\/pages\/304\/revisions"}],"predecessor-version":[{"id":1685,"href":"https:\/\/peru.mapbiomas.org\/en\/wp-json\/wp\/v2\/pages\/304\/revisions\/1685"}],"wp:attachment":[{"href":"https:\/\/peru.mapbiomas.org\/en\/wp-json\/wp\/v2\/media?parent=304"}],"curies":[{"name":"wp","href":"https:\/\/api.w.org\/{rel}","templated":true}]}}