{"id":301,"date":"2023-08-02T12:33:48","date_gmt":"2023-08-02T12:33:48","guid":{"rendered":"https:\/\/staging-peru.mapbiomas.org\/?page_id=301"},"modified":"2026-04-01T14:15:59","modified_gmt":"2026-04-01T19:15:59","slug":"codigos-de-la-leyenda","status":"publish","type":"page","link":"https:\/\/peru.mapbiomas.org\/en\/codigos-de-la-leyenda\/","title":{"rendered":"Legend Codes"},"content":{"rendered":"<p><strong>MAPBIOMAS LAND USE AND LAND COVER<\/strong><\/p>\n\n\n\n<p>The legend codes in the raster files of MapBiomas Peru Collection 3 are available in:<\/p>\n\n\n\n<ul>\n<li>COLLECTION 3: <a rel=\"noreferrer noopener\" href=\"https:\/\/peru.mapbiomas.org\/wp-content\/uploads\/sites\/14\/2025\/10\/Leyenda_MapBiomasPeru_3-Leyenda-CortaENES.pdf\" target=\"_blank\">LEGEND CODE<\/a>; <a rel=\"noreferrer noopener\" href=\"https:\/\/peru.mapbiomas.org\/wp-content\/uploads\/sites\/14\/2025\/10\/Leyenda_MapBiomasPeru_3-Leyenda-detalladaES.pdf\" target=\"_blank\">LEGEND DESCRIPTION for each biome &amp; class<\/a><\/li>\n\n\n\n<li>COLECCI\u00d3N 2: C\u00d3DIGOS DE LEYENDA, DESCRIPCI\u00d3N DE LA LEYENDA POR BIOMA<\/li>\n\n\n\n<li>COLECCI\u00d3N 1: C\u00d3DIGOS DE LEYENDA, DESCRIPCI\u00d3N DE LA LEYENDA POR BIOMA<\/li>\n<\/ul>\n\n\n\n<p>The RGB color palette for each style in the latest collection is available for use in <a href=\"https:\/\/drive.google.com\/file\/d\/1_wsp6TBmRPu9oWrW4XPZbEk6lghAJR_h\/view?usp=drive_link\">QGIS.<\/a><\/p>\n\n\n\n<p>The legend codes and color palette for the latest collection are available in CSV format for use in programs such as R.<\/p>\n\n\n\n<p><strong>MAPBIOMAS FIRE<\/strong><\/p>\n\n\n\n<p>More information about the meaning of the pixel value:<\/p>\n\n\n\n<p><a href=\"https:\/\/peru.mapbiomas.org\/wp-content\/uploads\/sites\/14\/2025\/10\/CODIGO-DE-LEGENDA-FUEGO-COL-1-Peru-1.pdf\" target=\"_blank\" rel=\"noreferrer noopener\">LEGEND CODES - MAPBIOMAS FIRE COLLECTION 1<\/a><\/p>","protected":false},"excerpt":{"rendered":"<p>MAPBIOMAS COBERTURA Y USO DEL SUELO Los siguientes archivos contienen la lista de clases detectadas en las leyendas de las diferentes colecciones de Cobertura y Uso del Suelo. Estos c\u00f3digos son los que aparecen en los mapas y archivos raster descargables: La paleta de colores RGB de cada clase de la \u00faltima colecci\u00f3n est\u00e1 disponible [&hellip;]<\/p>","protected":false},"author":2,"featured_media":0,"parent":0,"menu_order":0,"comment_status":"closed","ping_status":"closed","template":"","meta":{"_uag_custom_page_level_css":""},"acf":[],"uagb_featured_image_src":{"full":false,"thumbnail":false,"medium":false,"medium_large":false,"large":false,"1536x1536":false,"2048x2048":false,"trp-custom-language-flag":false,"infographic":false,"team":false},"uagb_author_info":{"display_name":"Adriel Fernandes","author_link":"https:\/\/peru.mapbiomas.org\/en\/author\/adriel-fernandes\/"},"uagb_comment_info":0,"uagb_excerpt":"MAPBIOMAS COBERTURA Y USO DEL SUELO Los siguientes archivos contienen la lista de clases detectadas en las leyendas de las diferentes colecciones de Cobertura y Uso del Suelo. Estos c\u00f3digos son los que aparecen en los mapas y archivos raster descargables: La paleta de colores RGB de cada clase de la \u00faltima colecci\u00f3n est\u00e1 disponible&hellip;","_links":{"self":[{"href":"https:\/\/peru.mapbiomas.org\/en\/wp-json\/wp\/v2\/pages\/301"}],"collection":[{"href":"https:\/\/peru.mapbiomas.org\/en\/wp-json\/wp\/v2\/pages"}],"about":[{"href":"https:\/\/peru.mapbiomas.org\/en\/wp-json\/wp\/v2\/types\/page"}],"author":[{"embeddable":true,"href":"https:\/\/peru.mapbiomas.org\/en\/wp-json\/wp\/v2\/users\/2"}],"replies":[{"embeddable":true,"href":"https:\/\/peru.mapbiomas.org\/en\/wp-json\/wp\/v2\/comments?post=301"}],"version-history":[{"count":14,"href":"https:\/\/peru.mapbiomas.org\/en\/wp-json\/wp\/v2\/pages\/301\/revisions"}],"predecessor-version":[{"id":1789,"href":"https:\/\/peru.mapbiomas.org\/en\/wp-json\/wp\/v2\/pages\/301\/revisions\/1789"}],"wp:attachment":[{"href":"https:\/\/peru.mapbiomas.org\/en\/wp-json\/wp\/v2\/media?parent=301"}],"curies":[{"name":"wp","href":"https:\/\/api.w.org\/{rel}","templated":true}]}}