{"id":1765,"date":"2026-04-01T10:36:13","date_gmt":"2026-04-01T15:36:13","guid":{"rendered":"https:\/\/peru.mapbiomas.org\/?page_id=1765"},"modified":"2026-04-01T11:50:36","modified_gmt":"2026-04-01T16:50:36","slug":"tercera-edicion-del-premio-mapbiomas-peru","status":"publish","type":"page","link":"https:\/\/peru.mapbiomas.org\/en\/tercera-edicion-del-premio-mapbiomas-peru\/","title":{"rendered":"Tercera Edici\u00f3n del Premio MapBiomas Per\u00fa"},"content":{"rendered":"<p><\/p>\n\n\n\n<div class=\"wp-block-uagb-image aligncenter uagb-block-40d21aa4 wp-block-uagb-image--layout-default wp-block-uagb-image--effect-static wp-block-uagb-image--align-center\"><figure class=\"wp-block-uagb-image__figure\"><img decoding=\"async\" src=\"https:\/\/peru.mapbiomas.org\/wp-content\/uploads\/sites\/14\/2026\/04\/banner-premio-peru-3era-edicion-1024x384.jpeg\" alt=\"\" class=\"uag-image-1766\" width=\"1024\" height=\"384\" title=\"\" loading=\"lazy\" \/><\/figure><\/div>\n\n\n\n<p><\/p>\n\n\n\n<p>The 3rd edition of the MapBiomas Peru Award aims to promote research and the use of satellite monitoring data to help identify socio-environmental challenges and develop solutions from academia, civil society organizations, and government institutions. We invite you to review the guidelines and submit your work.<\/p>\n\n\n\n<div class=\"wp-block-columns is-layout-flex wp-container-2\">\n<div class=\"wp-block-column is-layout-flow\" style=\"flex-basis:100%\">\n<div class=\"wp-block-uagb-buttons uagb-buttons__outer-wrap uagb-btn__medium-btn uagb-btn-tablet__default-btn uagb-btn-mobile__default-btn uagb-block-f50c5c2c\"><div class=\"uagb-buttons__wrap uagb-buttons-layout-wrap\">\n<div class=\"wp-block-uagb-buttons-child uagb-buttons__outer-wrap uagb-block-cd0c791b wp-block-button\" id=\"https:\/\/peru.mapbiomas.org\/wp-content\/uploads\/sites\/14\/2026\/04\/Bases-3era-Edicion-Premio-MapBiomas-Peru-300326-es.pdf\"><div class=\"uagb-button__wrapper\"><a class=\"uagb-buttons-repeater wp-block-button__link\" href=\"https:\/\/peru.mapbiomas.org\/wp-content\/uploads\/sites\/14\/2026\/04\/Bases-3era-Edicion-Premio-MapBiomas-Peru-300326-EN.pdf\" rel=\"follow noopener\" target=\"_self\"><div class=\"uagb-button__link\">Guidelines<\/div><\/a><\/div><\/div>\n\n\n\n<div class=\"wp-block-uagb-buttons-child uagb-buttons__outer-wrap uagb-block-5839d7c5 wp-block-button\" id=\"https:\/\/forms.gle\/tzJE5cEna8GXm3Ut8\"><div class=\"uagb-button__wrapper\"><a class=\"uagb-buttons-repeater wp-block-button__link\" href=\"https:\/\/forms.gle\/tzJE5cEna8GXm3Ut8\" rel=\"follow noopener\" target=\"_self\"><div class=\"uagb-button__link\">Application Form<\/div><\/a><\/div><\/div>\n<\/div><\/div>\n<\/div>\n<\/div>\n\n\n\n<p>This edition features three application categories:&nbsp;<\/p>\n\n\n\n<figure class=\"wp-block-image aligncenter size-large\"><img decoding=\"async\" loading=\"lazy\" width=\"1024\" height=\"683\" src=\"https:\/\/peru.mapbiomas.org\/wp-content\/uploads\/sites\/14\/2025\/05\/categorias-1024x683.png\" alt=\"\" class=\"wp-image-1413\" srcset=\"https:\/\/peru.mapbiomas.org\/wp-content\/uploads\/sites\/14\/2025\/05\/categorias-1024x683.png 1024w, https:\/\/peru.mapbiomas.org\/wp-content\/uploads\/sites\/14\/2025\/05\/categorias-300x200.png 300w, https:\/\/peru.mapbiomas.org\/wp-content\/uploads\/sites\/14\/2025\/05\/categorias-768x512.png 768w, https:\/\/peru.mapbiomas.org\/wp-content\/uploads\/sites\/14\/2025\/05\/categorias-18x12.png 18w, https:\/\/peru.mapbiomas.org\/wp-content\/uploads\/sites\/14\/2025\/05\/categorias.png 1536w\" sizes=\"(max-width: 1024px) 100vw, 1024px\" \/><\/figure>\n\n\n\n<p><\/p>\n\n\n\n<p><strong>General Category: <\/strong>Open to researchers, graduate students, technicians, educators, or any professional who uses MapBiomas data or products. The goal of this category is to encourage work across different sectors (private, public, civil society, education, finance, among others). There is no age limit for this category.\nYouth Category: Open to undergraduate university students or recent graduates under the age of 30. The goal of this category is to encourage young people to use MapBiomas Peru data in their research and projects.\nPublic Policy Category: Open to public officials, civil society, international organizations, or companies that use MapBiomas Peru data or products to contribute to public policy in the country. The goal is to demonstrate the usefulness of the data in the design or implementation of a public policy. There is no age limit for this category.\nApply by July 31, 2026.<\/p>\n\n\n\n<p><strong>Young Category: <\/strong>Open to undergraduate university students or recent graduates under the age of 30. The goal of this category is to encourage young people to use MapBiomas Peru data in their research and projects.<\/p>\n\n\n\n<p><strong>Public Policies Category:<\/strong> Open to public officials, civil society, international organizations, or companies that use MapBiomas Peru data or products to contribute to public policy in the country. The goal is to demonstrate the usefulness of the data in the design or implementation of a public policy. There is no age limit for this category.<\/p>\n\n\n\n<p><\/p>\n\n\n\n<p>Apply by <strong>July 31st, 2026.<\/strong><\/p>","protected":false},"excerpt":{"rendered":"<p>La 3\u00aa edici\u00f3n del Premio MapBiomas Per\u00fa tiene por objetivo promover la investigaci\u00f3n y el uso de datos de monitoreo satelital para aportar a la identificaci\u00f3n de problem\u00e1ticas socioambientales y el planteamiento de soluciones desde la academia, las organizaciones de la sociedad civil y las entidades del Estado. Te invitamos a consultar las bases y [&hellip;]<\/p>","protected":false},"author":5,"featured_media":0,"parent":0,"menu_order":0,"comment_status":"closed","ping_status":"closed","template":"","meta":{"_uag_custom_page_level_css":""},"acf":[],"uagb_featured_image_src":{"full":false,"thumbnail":false,"medium":false,"medium_large":false,"large":false,"1536x1536":false,"2048x2048":false,"trp-custom-language-flag":false,"infographic":false,"team":false},"uagb_author_info":{"display_name":"mayramilkovic","author_link":"https:\/\/peru.mapbiomas.org\/en\/author\/mayramilkovic\/"},"uagb_comment_info":0,"uagb_excerpt":"La 3\u00aa edici\u00f3n del Premio MapBiomas Per\u00fa tiene por objetivo promover la investigaci\u00f3n y el uso de datos de monitoreo satelital para aportar a la identificaci\u00f3n de problem\u00e1ticas socioambientales y el planteamiento de soluciones desde la academia, las organizaciones de la sociedad civil y las entidades del Estado. Te invitamos a consultar las bases y&hellip;","_links":{"self":[{"href":"https:\/\/peru.mapbiomas.org\/en\/wp-json\/wp\/v2\/pages\/1765"}],"collection":[{"href":"https:\/\/peru.mapbiomas.org\/en\/wp-json\/wp\/v2\/pages"}],"about":[{"href":"https:\/\/peru.mapbiomas.org\/en\/wp-json\/wp\/v2\/types\/page"}],"author":[{"embeddable":true,"href":"https:\/\/peru.mapbiomas.org\/en\/wp-json\/wp\/v2\/users\/5"}],"replies":[{"embeddable":true,"href":"https:\/\/peru.mapbiomas.org\/en\/wp-json\/wp\/v2\/comments?post=1765"}],"version-history":[{"count":9,"href":"https:\/\/peru.mapbiomas.org\/en\/wp-json\/wp\/v2\/pages\/1765\/revisions"}],"predecessor-version":[{"id":1787,"href":"https:\/\/peru.mapbiomas.org\/en\/wp-json\/wp\/v2\/pages\/1765\/revisions\/1787"}],"wp:attachment":[{"href":"https:\/\/peru.mapbiomas.org\/en\/wp-json\/wp\/v2\/media?parent=1765"}],"curies":[{"name":"wp","href":"https:\/\/api.w.org\/{rel}","templated":true}]}}