{"id":1613,"date":"2025-10-29T15:30:30","date_gmt":"2025-10-29T20:30:30","guid":{"rendered":"https:\/\/peru.mapbiomas.org\/?page_id=1613"},"modified":"2025-10-29T15:47:05","modified_gmt":"2025-10-29T20:47:05","slug":"metodologia-mapbiomas-fuego","status":"publish","type":"page","link":"https:\/\/peru.mapbiomas.org\/en\/metodologia-mapbiomas-fuego\/","title":{"rendered":"Metodolog\u00eda MapBiomas Fuego"},"content":{"rendered":"<p>La Colecci\u00f3n 1.0 de MapBiomas Fuego presenta el mapeo anual de las \u00e1reas quemadas (cicatrices de incendios) en el territorio peruano desde 2013 hasta 2024, incluyendo: (a) \u00c1rea quemada anual (b) \u00c1rea quemada mensual (c) Frecuencia de incendios (d) \u00c1rea quemada acumulada (e) Tama\u00f1o de las cicatrices de incendios (f) A\u00f1o del \u00faltimo incendio. Los datos anuales, acumulativos y de frecuencia tambi\u00e9n est\u00e1n disponibles por clases de cobertura y uso del suelo en la Colecci\u00f3n 3.0 de MapBiomas Per\u00fa.<\/p>\n\n\n\n<p>Para obtener m\u00e1s informaci\u00f3n sobre la metodolog\u00eda, basada en im\u00e1genes satelitales Landsat con una resoluci\u00f3n de 30 metros procesadas con t\u00e9cnicas de aprendizaje autom\u00e1tico, acceda al <a href=\"https:\/\/peru.mapbiomas.org\/wp-content\/uploads\/sites\/14\/2025\/10\/ATBD-General-MapBiomas-Fuego-Peru-Col-1-ES.pdf\" data-type=\"URL\" data-id=\"https:\/\/peru.mapbiomas.org\/wp-content\/uploads\/sites\/14\/2025\/10\/ATBD-General-MapBiomas-Fuego-Peru-Col-1-ES.pdf\" target=\"_blank\" rel=\"noreferrer noopener\">Documento de Base Te\u00f3rica sobre Algoritmos (ATBD)<\/a>.<\/p>\n\n\n\n<p><strong>Methodology Overview<\/strong><\/p>\n\n\n\n<p>Aqu\u00ed usted encontrar\u00e1 las principales caracter\u00edsticas, la forma de organizaci\u00f3n del trabajo y una descripci\u00f3n general de la metodolog\u00eda de MapBiomas Fuego Per\u00fa empleada para generar los mapas de superficie de \u00e1rea quemada a nivel nacional y sus respectivos productos.&nbsp;<\/p>\n\n\n\n<p>La metodolog\u00eda para el mapeo de \u00e1reas quemadas se basa en el procesamiento de im\u00e1genes satelitales en la nube, mediante la toma de muestras de pixeles de quema en mosaicos clasificados Landsat con nivel de correcci\u00f3n Tier 1&nbsp; (30m \u00d7 30m) en todo el periodo de estudio (2013 al 2024). Este proceso se hace para las 10 regiones de clasificaci\u00f3n, asegurando la representaci\u00f3n de las distintas caracter\u00edsticas espectrales presentes en cada regi\u00f3n<\/p>\n\n\n\n<p>Una vez que se obtienen las muestras se procede con la fase de clasificaci\u00f3n con redes neuronales usando <strong>Deep Neural Network (DNN)<\/strong>, un marco computacional capaz de realizar aprendizaje profundo y reconocimiento de patrones visuales. El algoritmo de clasificaci\u00f3n involucra dos pasos principales: la fase de entrenamiento y la fase de predicci\u00f3n. Las capas de entrada corresponden a las bandas espectrales RED, NIR, SWIR 1 y SWIR 2 de Landsat, mientras que las capas de salidas son de clases: quemado y no quemado.<\/p>\n\n\n\n<p>Luego de obtener los resultados de la clasificaci\u00f3n, se aplicaron m\u00e1scaras para reducir los errores de comisi\u00f3n de tipos de uso y cobertura del suelo y agua con firmas espectrales similares a las de \u00e1reas recientemente quemadas. En esta etapa tambi\u00e9n se identific\u00f3 la fecha de cada p\u00edxel quemado del mosaico anual construido a partir del NBR m\u00ednimo. Finalmente, se realiz\u00f3 una limpieza manual de los resultados llamado remapeo, para asegurar la calidad del producto.<\/p>\n\n\n\n<p>Nosotros realizamos un an\u00e1lisis de concordancia entre los resultados del mapa de \u00e1reas quemadas y fuentes oficiales como SERFOR, y los programas GABAM, Fire CCI, MODIS, FIRMS y \u00c1reas quemadas de Sentinel-2 Anual. Para evaluar qu\u00e9 tan bien coinciden los mapas de \u00e1reas quemadas con la realidad, se utilizan indicadores estad\u00edsticos cl\u00e1sicos derivados de la matriz de confusi\u00f3n. Estas m\u00e9tricas se calculan a\u00f1o por a\u00f1o y para cada fuente de referencia, permitiendo comparar el desempe\u00f1o relativo de cada conjunto de datos.<\/p>\n\n\n\n<p>El siguiente diagrama de flujo ilustra las principales etapas del proceso de generaci\u00f3n de los mapas anuales de superficie quemada para la Colecci\u00f3n 1.0 de MapBiomas Fuego Per\u00fa.<\/p>\n\n\n\n<figure class=\"wp-block-image size-large\"><img decoding=\"async\" loading=\"lazy\" width=\"1024\" height=\"791\" src=\"https:\/\/peru.mapbiomas.org\/wp-content\/uploads\/sites\/14\/2025\/10\/image-1024x791.png\" alt=\"\" class=\"wp-image-1614\" srcset=\"https:\/\/peru.mapbiomas.org\/wp-content\/uploads\/sites\/14\/2025\/10\/image-1024x791.png 1024w, https:\/\/peru.mapbiomas.org\/wp-content\/uploads\/sites\/14\/2025\/10\/image-300x232.png 300w, https:\/\/peru.mapbiomas.org\/wp-content\/uploads\/sites\/14\/2025\/10\/image-768x593.png 768w, https:\/\/peru.mapbiomas.org\/wp-content\/uploads\/sites\/14\/2025\/10\/image-1536x1187.png 1536w, https:\/\/peru.mapbiomas.org\/wp-content\/uploads\/sites\/14\/2025\/10\/image-16x12.png 16w, https:\/\/peru.mapbiomas.org\/wp-content\/uploads\/sites\/14\/2025\/10\/image.png 1600w\" sizes=\"(max-width: 1024px) 100vw, 1024px\" \/><\/figure>\n\n\n\n<p>Usted puede acceder al <a href=\"https:\/\/peru.mapbiomas.org\/wp-content\/uploads\/sites\/14\/2025\/10\/ATBD-General-MapBiomas-Fuego-Peru-Col-1-ES.pdf\" data-type=\"URL\" data-id=\"https:\/\/peru.mapbiomas.org\/wp-content\/uploads\/sites\/14\/2025\/10\/ATBD-General-MapBiomas-Fuego-Peru-Col-1-ES.pdf\" target=\"_blank\" rel=\"noreferrer noopener\">ATBD (Documento de base te\u00f3rica sobre algoritmos<\/a><a href=\"https:\/\/docs.google.com\/document\/d\/1WihI-k8-OI-mtmKi10DUI4hnESaBIQFj\/edit\">)<\/a> que describe detalladamente la metodolog\u00eda y los algoritmos empleados para el mapeo de \u00e1reas quemadas.<\/p>\n\n\n\n<p><strong>Lanzamiento MapBiomas Fuego Per\u00fa<\/strong><\/p>\n\n\n\n<p>Acomp\u00e1\u00f1anos en el lanzamiento de la Colecci\u00f3n 1.0 de MapBiomas Fuego \u201cMapeando las Huellas del Fuego\u201d y descubran los principales hallazgos del fuego y sus impactos en el territorio peruano durante la \u00faltima d\u00e9cada.&nbsp;<\/p>\n\n\n\n<ul>\n<li>Fecha y hora: 30 de octubre &#8211; 10:00 am<\/li>\n\n\n\n<li>Lugar: Hotel Costa del Sol \u2013 Pucallpa, Ucayali<\/li>\n\n\n\n<li>Transmisi\u00f3n en vivo: <a href=\"https:\/\/www.youtube.com\/@mapbiomasperu\/featured\">https:\/\/www.youtube.com\/@mapbiomasperu\/featured<\/a>&nbsp;<\/li>\n\n\n\n<li>Inscripciones: <a href=\"https:\/\/docs.google.com\/forms\/d\/e\/1FAIpQLSfctLKmccaXM3uLT3puqsw71lF9HzHvIZ74bAG7w2jY0RkvpQ\/viewform\">https:\/\/docs.google.com\/forms\/d\/e\/1FAIpQLSfctLKmccaXM3uLT3puqsw71lF9HzHvIZ74bAG7w2jY0RkvpQ\/viewform<\/a>&nbsp;<\/li>\n<\/ul>\n\n\n\n<p><strong>Aspectos destacados&nbsp;<\/strong><\/p>\n\n\n\n<p>Se puede acceder a las conclusiones principales de la Colecci\u00f3n 1.0 en este link.<\/p>\n\n\n\n<ul>\n<li>Factsheet: <a href=\"https:\/\/peru.mapbiomas.org\/wp-content\/uploads\/sites\/14\/2025\/10\/FACTSHEET-FUEGO.pdf\" data-type=\"URL\" data-id=\"https:\/\/peru.mapbiomas.org\/wp-content\/uploads\/sites\/14\/2025\/10\/FACTSHEET-FUEGO.pdf\" target=\"_blank\" rel=\"noreferrer noopener\">FACTSHEET FUEGO.pdf<\/a><\/li>\n\n\n\n<li>Onesheet: <a href=\"https:\/\/peru.mapbiomas.org\/wp-content\/uploads\/sites\/14\/2025\/10\/Onesheet-fuego.pdf\" data-type=\"URL\" data-id=\"https:\/\/peru.mapbiomas.org\/wp-content\/uploads\/sites\/14\/2025\/10\/Onesheet-fuego.pdf\" target=\"_blank\" rel=\"noreferrer noopener\">Onesheet.pdf<\/a><\/li>\n<\/ul>\n\n\n\n<p><strong>Infograf\u00edas (espa\u00f1ol e ingl\u00e9s)<\/strong><\/p>\n\n\n\n<p>Se puede acceder a infograf\u00edas con datos destacados sobre Per\u00fa y sus biomas en este link.<\/p>\n\n\n\n<ul>\n<li>Espa\u00f1ol: <a href=\"https:\/\/peru.mapbiomas.org\/wp-content\/uploads\/sites\/14\/2025\/10\/MBI-infografia-peru-fuego-2025-ES-scaled.jpg\" data-type=\"URL\" data-id=\"https:\/\/peru.mapbiomas.org\/wp-content\/uploads\/sites\/14\/2025\/10\/MBI-infografia-peru-fuego-2025-ES-scaled.jpg\" target=\"_blank\" rel=\"noreferrer noopener\">Infografia Peru Fuego<\/a><\/li>\n<\/ul>\n\n\n\n<p><strong>Acceso a mapas y datos de la Colecci\u00f3n 1.0<\/strong><\/p>\n\n\n\n<p>Los mapas y datos est\u00e1n disponibles de forma p\u00fablica y gratuita de las siguientes maneras:<\/p>\n\n\n\n<p>1. Navegando online en la plataforma\/dashboard: <a href=\"https:\/\/plataforma.peru.mapbiomas.org\/fuego\">https:\/\/plataforma.peru.mapbiomas.org\/fuego<\/a>&nbsp;<\/p>\n\n\n\n<p>2. Toolkit MapBiomas Fuego:<\/p>\n\n\n\n<ul>\n<li>Descargar por departamento, distrito o regi\u00f3n empleando Google Earth Engine <a href=\"https:\/\/code.earthengine.google.com\/?scriptPath=users%2Fmapbiomas%2Fuser-toolkit%3Amapbiomas-user-toolkit-fire.js\">acceda al enlace<\/a>. Las explicaciones del significado de los valores de p\u00edxel de cada subproducto pueden consultarse en el <a href=\"https:\/\/peru.mapbiomas.org\/wp-content\/uploads\/sites\/14\/2025\/10\/CODIGO-DE-LEGENDA-FUEGO-COL-1-Peru.pdf\" data-type=\"URL\" data-id=\"https:\/\/peru.mapbiomas.org\/wp-content\/uploads\/sites\/14\/2025\/10\/CODIGO-DE-LEGENDA-FUEGO-COL-1-Peru.pdf\" target=\"_blank\" rel=\"noreferrer noopener\">Legend Codes<\/a>.<\/li>\n<\/ul>\n\n\n\n<p>3. Acceder el asset de datos en Google Earth Engine:<\/p>\n\n\n\n<p>\u00c1rea Quemada Anual y por Cobertura<\/p>\n\n\n\n<ul>\n<li>projects\/mapbiomas-public\/assets\/peru\/fire\/collection1\/mapbiomas_peru_fire_collection1_annual_burned_v1<\/li>\n\n\n\n<li>projects\/mapbiomas-public\/assets\/peru\/fire\/collection1\/mapbiomas_peru_fire_collection1_annual_burned_coverage_v1<\/li>\n<\/ul>\n\n\n\n<p>\u00c1rea Quemada Mensual<\/p>\n\n\n\n<ul>\n<li>projects\/mapbiomas-public\/assets\/peru\/fire\/collection1\/mapbiomas_peru_fire_collection1_monthly_burned_v1<\/li>\n<\/ul>\n\n\n\n<p>\u00c1rea Quemada Acumulada y por Cobertura<\/p>\n\n\n\n<ul>\n<li>projects\/mapbiomas-public\/assets\/peru\/fire\/collection1\/mapbiomas_peru_fire_collection1_accumulated_burned_v1<\/li>\n\n\n\n<li>projects\/mapbiomas-public\/assets\/peru\/fire\/collection1\/mapbiomas_peru_fire_collection1_accumulated_burned_coverage_v1<\/li>\n<\/ul>\n\n\n\n<p>Frecuencia de \u00c1rea Quemada<\/p>\n\n\n\n<ul>\n<li>projects\/mapbiomas-public\/assets\/peru\/fire\/collection1\/mapbiomas_peru_fire_collection1_frequency_burned_v1<\/li>\n<\/ul>\n\n\n\n<p>Tama\u00f1o de cicatriz anual<\/p>\n\n\n\n<ul>\n<li>projects\/mapbiomas-public\/assets\/peru\/fire\/collection1\/mapbiomas_peru_fire_collection1_annual_burned_area_ha_v1&nbsp;<\/li>\n\n\n\n<li>projects\/mapbiomas-public\/assets\/peru\/fire\/collection1\/mapbiomas_peru_fire_collection1_annual_burned_scar_size_range_v1<\/li>\n<\/ul>\n\n\n\n<p>A\u00f1o del \u00faltimo fuego<\/p>\n\n\n\n<ul>\n<li>projects\/mapbiomas-public\/assets\/peru\/fire\/collection1\/mapbiomas_peru_fire_collection1_year_last_fire_v1<\/li>\n<\/ul>\n\n\n\n<p>4. Descarga directa de los mapas de MapBiomas Fuego \u2013 Colecci\u00f3n 1 de Per\u00fa, en formato GeoTIFF (un mapa por cada a\u00f1o).&nbsp;<\/p>\n\n\n\n<p>\u00c1rea Quemada Anual y por Cobertura<\/p>\n\n\n\n<ul>\n<li><a href=\"https:\/\/storage.googleapis.com\/shared-development-storage\/COLLECTIONS\/PERU\/FIRE\/COLLECTION1\/mbfire_col1_peru_annual_burned\/mbfire_col1_peru_annual_burned-burned_area_2024.tif\" data-type=\"URL\" data-id=\"https:\/\/storage.googleapis.com\/shared-development-storage\/COLLECTIONS\/PERU\/FIRE\/COLLECTION1\/mbfire_col1_peru_annual_burned\/mbfire_col1_peru_annual_burned-burned_area_2024.tif\" target=\"_blank\" rel=\"noreferrer noopener\">Peru Annual Burned Area 2024<\/a>\u00a0<\/li>\n\n\n\n<li><a href=\"https:\/\/storage.googleapis.com\/shared-development-storage\/COLLECTIONS\/PERU\/FIRE\/COLLECTION1\/mbfire_col1_peru_annual_burned_coverage\/mbfire_col1_peru_annual_burned_coverage-burned_coverage_2024.tif\" data-type=\"URL\" data-id=\"https:\/\/storage.googleapis.com\/shared-development-storage\/COLLECTIONS\/PERU\/FIRE\/COLLECTION1\/mbfire_col1_peru_annual_burned_coverage\/mbfire_col1_peru_annual_burned_coverage-burned_coverage_2024.tif\" target=\"_blank\" rel=\"noreferrer noopener\">Peru Annual Coverage Burned Coverage 2024<\/a>\u00a0<\/li>\n<\/ul>\n\n\n\n<p>\u00c1rea Quemada Mensual<\/p>\n\n\n\n<ul>\n<li><a href=\"https:\/\/storage.googleapis.com\/shared-development-storage\/COLLECTIONS\/PERU\/FIRE\/COLLECTION1\/mbfire_col1_peru_monthly_burned\/mbfire_col1_peru_monthly_burned-burned_monthly_2024.tif\" data-type=\"URL\" data-id=\"https:\/\/storage.googleapis.com\/shared-development-storage\/COLLECTIONS\/PERU\/FIRE\/COLLECTION1\/mbfire_col1_peru_monthly_burned\/mbfire_col1_peru_monthly_burned-burned_monthly_2024.tif\" target=\"_blank\" rel=\"noreferrer noopener\">Peru Monthly Burned Monthly 2024<\/a>\u00a0<\/li>\n<\/ul>\n\n\n\n<p>\u00c1rea Quemada Acumulada y por Cobertura<\/p>\n\n\n\n<ul>\n<li><a href=\"https:\/\/storage.googleapis.com\/shared-development-storage\/COLLECTIONS\/PERU\/FIRE\/COLLECTION1\/mbfire_col1_peru_accumulated_burned\/mbfire_col1_peru_accumulated_burned-fire_accumulated_2013_2024.tif\" data-type=\"URL\" data-id=\"https:\/\/storage.googleapis.com\/shared-development-storage\/COLLECTIONS\/PERU\/FIRE\/COLLECTION1\/mbfire_col1_peru_accumulated_burned\/mbfire_col1_peru_accumulated_burned-fire_accumulated_2013_2024.tif\" target=\"_blank\" rel=\"noreferrer noopener\">Peru Fire Accumulated 2013-2024<\/a>\u00a0<\/li>\n\n\n\n<li><a href=\"https:\/\/storage.googleapis.com\/shared-development-storage\/COLLECTIONS\/PERU\/FIRE\/COLLECTION1\/mbfire_col1_peru_accumulated_burned_coverage\/mbfire_col1_peru_accumulated_burned_coverage-fire_accumulated_2013_2024.tif\" data-type=\"URL\" data-id=\"https:\/\/storage.googleapis.com\/shared-development-storage\/COLLECTIONS\/PERU\/FIRE\/COLLECTION1\/mbfire_col1_peru_accumulated_burned_coverage\/mbfire_col1_peru_accumulated_burned_coverage-fire_accumulated_2013_2024.tif\" target=\"_blank\" rel=\"noreferrer noopener\">Peru Fire Class Accumulated 2013 2024<\/a>\u00a0<\/li>\n<\/ul>\n\n\n\n<p>Frecuencia de \u00c1rea Quemada<\/p>\n\n\n\n<ul>\n<li><a href=\"https:\/\/storage.googleapis.com\/shared-development-storage\/COLLECTIONS\/PERU\/FIRE\/COLLECTION1\/mbfire_col1_peru_frequency_burned\/mbfire_col1_peru_frequency_burned-fire_frequency_2013_2024.tif\" data-type=\"URL\" data-id=\"https:\/\/storage.googleapis.com\/shared-development-storage\/COLLECTIONS\/PERU\/FIRE\/COLLECTION1\/mbfire_col1_peru_frequency_burned\/mbfire_col1_peru_frequency_burned-fire_frequency_2013_2024.tif\" target=\"_blank\" rel=\"noreferrer noopener\">Peru Fire Frequency 2013-2024<\/a>\u00a0<\/li>\n<\/ul>\n\n\n\n<p>Tama\u00f1o de cicatriz anual<\/p>\n\n\n\n<ul>\n<li><a href=\"https:\/\/storage.googleapis.com\/shared-development-storage\/COLLECTIONS\/PERU\/FIRE\/COLLECTION1\/mbfire_col1_peru_annual_burned_scar_size_range\/mbfire_col1_peru_annual_burned_scar_size_range-scar_area_ha_2024.tif\" data-type=\"URL\" data-id=\"https:\/\/storage.googleapis.com\/shared-development-storage\/COLLECTIONS\/PERU\/FIRE\/COLLECTION1\/mbfire_col1_peru_annual_burned_scar_size_range\/mbfire_col1_peru_annual_burned_scar_size_range-scar_area_ha_2024.tif\" target=\"_blank\" rel=\"noreferrer noopener\">Peru Fire Scar Size 2024<\/a>\u00a0<\/li>\n<\/ul>\n\n\n\n<p>A\u00f1o del \u00faltimo fuego<\/p>\n\n\n\n<ul>\n<li><a href=\"https:\/\/storage.googleapis.com\/shared-development-storage\/COLLECTIONS\/PERU\/FIRE\/COLLECTION1\/mbfire_col1_peru_year_last_fire\/mbfire_col1_peru_year_last_fire-classification_2024.tif\" data-type=\"URL\" data-id=\"https:\/\/storage.googleapis.com\/shared-development-storage\/COLLECTIONS\/PERU\/FIRE\/COLLECTION1\/mbfire_col1_peru_year_last_fire\/mbfire_col1_peru_year_last_fire-classification_2024.tif\" target=\"_blank\" rel=\"noreferrer noopener\">Peru Last Fire 2024<\/a>\u00a0<\/li>\n<\/ul>\n\n\n\n<p><strong>Terminos de uso<\/strong><\/p>\n\n\n\n<p>Los datos de MapBiomas son p\u00fablicos, abiertos y gratuitos bajo licencia Creative Commons CC-BY y referenciando la fuente observando el formato abajo:<\/p>\n\n\n\n<p>\u00abMapBiomas \u2013 Colecci\u00f3n [versi\u00f3n] de la Serie [anual\/mensual] de Mapas de [Cobertura y Uso del Suelo\/Superficie del agua\/Superficie de \u00e1reas quemadas] de Per\u00fa, consultada el [fecha] a trav\u00e9s del enlace: [ENLACE]\u00bb<\/p>\n\n\n\n<p>M\u00e1s informaci\u00f3n sobre las condiciones de uso de los datos y los mapas: <a href=\"https:\/\/peru.mapbiomas.org\/en\/terminos-de-uso\/\">https:\/\/peru.mapbiomas.org\/terminos-de-uso\/<\/a>&nbsp;<\/p>\n\n\n\n<p><strong>Contact<\/strong><br>Las preguntas, sugerencias o contribuciones pueden enviarse a: <a href=\"mailto:mapbiomas.peru@gmail.com\">mapbiomas.peru@gmail.com<\/a><\/p>","protected":false},"excerpt":{"rendered":"<p>La Colecci\u00f3n 1.0 de MapBiomas Fuego presenta el mapeo anual de las \u00e1reas quemadas (cicatrices de incendios) en el territorio peruano desde 2013 hasta 2024, incluyendo: (a) \u00c1rea quemada anual (b) \u00c1rea quemada mensual (c) Frecuencia de incendios (d) \u00c1rea quemada acumulada (e) Tama\u00f1o de las cicatrices de incendios (f) A\u00f1o del \u00faltimo incendio. Los [&hellip;]<\/p>","protected":false},"author":2,"featured_media":0,"parent":0,"menu_order":0,"comment_status":"closed","ping_status":"closed","template":"","meta":{"_uag_custom_page_level_css":""},"acf":[],"uagb_featured_image_src":{"full":false,"thumbnail":false,"medium":false,"medium_large":false,"large":false,"1536x1536":false,"2048x2048":false,"trp-custom-language-flag":false,"infographic":false,"team":false},"uagb_author_info":{"display_name":"Adriel Fernandes","author_link":"https:\/\/peru.mapbiomas.org\/en\/author\/adriel-fernandes\/"},"uagb_comment_info":0,"uagb_excerpt":"La Colecci\u00f3n 1.0 de MapBiomas Fuego presenta el mapeo anual de las \u00e1reas quemadas (cicatrices de incendios) en el territorio peruano desde 2013 hasta 2024, incluyendo: (a) \u00c1rea quemada anual (b) \u00c1rea quemada mensual (c) Frecuencia de incendios (d) \u00c1rea quemada acumulada (e) Tama\u00f1o de las cicatrices de incendios (f) A\u00f1o del \u00faltimo incendio. Los&hellip;","_links":{"self":[{"href":"https:\/\/peru.mapbiomas.org\/en\/wp-json\/wp\/v2\/pages\/1613"}],"collection":[{"href":"https:\/\/peru.mapbiomas.org\/en\/wp-json\/wp\/v2\/pages"}],"about":[{"href":"https:\/\/peru.mapbiomas.org\/en\/wp-json\/wp\/v2\/types\/page"}],"author":[{"embeddable":true,"href":"https:\/\/peru.mapbiomas.org\/en\/wp-json\/wp\/v2\/users\/2"}],"replies":[{"embeddable":true,"href":"https:\/\/peru.mapbiomas.org\/en\/wp-json\/wp\/v2\/comments?post=1613"}],"version-history":[{"count":11,"href":"https:\/\/peru.mapbiomas.org\/en\/wp-json\/wp\/v2\/pages\/1613\/revisions"}],"predecessor-version":[{"id":1629,"href":"https:\/\/peru.mapbiomas.org\/en\/wp-json\/wp\/v2\/pages\/1613\/revisions\/1629"}],"wp:attachment":[{"href":"https:\/\/peru.mapbiomas.org\/en\/wp-json\/wp\/v2\/media?parent=1613"}],"curies":[{"name":"wp","href":"https:\/\/api.w.org\/{rel}","templated":true}]}}