{"id":1593,"date":"2025-10-29T15:04:31","date_gmt":"2025-10-29T20:04:31","guid":{"rendered":"https:\/\/peru.mapbiomas.org\/?page_id=1593"},"modified":"2025-10-30T08:02:54","modified_gmt":"2025-10-30T13:02:54","slug":"hallazgos-onesheet","status":"publish","type":"page","link":"https:\/\/peru.mapbiomas.org\/en\/hallazgos-onesheet\/","title":{"rendered":"Hallazgos (Onesheet)"},"content":{"rendered":"<h4 class=\"wp-block-heading\"><strong>Fuego colecci\u00f3n 1<\/strong><\/h4>\n\n\n\n<figure class=\"wp-block-image size-full\"><img decoding=\"async\" loading=\"lazy\" width=\"797\" height=\"507\" src=\"https:\/\/peru.mapbiomas.org\/wp-content\/uploads\/sites\/14\/2025\/10\/Screenshot-2025-10-29-at-17.01.45.png\" alt=\"\" class=\"wp-image-1594\" srcset=\"https:\/\/peru.mapbiomas.org\/wp-content\/uploads\/sites\/14\/2025\/10\/Screenshot-2025-10-29-at-17.01.45.png 797w, https:\/\/peru.mapbiomas.org\/wp-content\/uploads\/sites\/14\/2025\/10\/Screenshot-2025-10-29-at-17.01.45-300x191.png 300w, https:\/\/peru.mapbiomas.org\/wp-content\/uploads\/sites\/14\/2025\/10\/Screenshot-2025-10-29-at-17.01.45-768x489.png 768w, https:\/\/peru.mapbiomas.org\/wp-content\/uploads\/sites\/14\/2025\/10\/Screenshot-2025-10-29-at-17.01.45-18x12.png 18w\" sizes=\"(max-width: 797px) 100vw, 797px\" \/><\/figure>\n\n\n\n<p id=\"tw-target-text\"><strong><a rel=\"noreferrer noopener\" href=\"https:\/\/peru.mapbiomas.org\/wp-content\/uploads\/sites\/14\/2025\/10\/Onesheet-fuego.pdf\" data-type=\"URL\" data-id=\"https:\/\/peru.mapbiomas.org\/wp-content\/uploads\/sites\/14\/2025\/10\/Onesheet-fuego.pdf\" target=\"_blank\">Accede aqu\u00ed<\/a><\/strong><\/p>\n\n\n\n<h4 class=\"wp-block-heading\"><strong>Agua colecci\u00f3n 3<\/strong><\/h4>\n\n\n\n<figure class=\"wp-block-image size-full\"><img decoding=\"async\" loading=\"lazy\" width=\"799\" height=\"492\" src=\"https:\/\/peru.mapbiomas.org\/wp-content\/uploads\/sites\/14\/2025\/10\/Screenshot-2025-10-29-at-17.10.02.png\" alt=\"\" class=\"wp-image-1605\" srcset=\"https:\/\/peru.mapbiomas.org\/wp-content\/uploads\/sites\/14\/2025\/10\/Screenshot-2025-10-29-at-17.10.02.png 799w, https:\/\/peru.mapbiomas.org\/wp-content\/uploads\/sites\/14\/2025\/10\/Screenshot-2025-10-29-at-17.10.02-300x185.png 300w, https:\/\/peru.mapbiomas.org\/wp-content\/uploads\/sites\/14\/2025\/10\/Screenshot-2025-10-29-at-17.10.02-768x473.png 768w, https:\/\/peru.mapbiomas.org\/wp-content\/uploads\/sites\/14\/2025\/10\/Screenshot-2025-10-29-at-17.10.02-18x12.png 18w\" sizes=\"(max-width: 799px) 100vw, 799px\" \/><\/figure>\n\n\n\n<p><strong><a rel=\"noreferrer noopener\" href=\"https:\/\/peru.mapbiomas.org\/wp-content\/uploads\/sites\/14\/2025\/10\/OneSheet-agua.pdf\" data-type=\"URL\" data-id=\"https:\/\/peru.mapbiomas.org\/wp-content\/uploads\/sites\/14\/2025\/10\/OneSheet-agua.pdf\" target=\"_blank\">Accede aqu\u00ed<\/a><\/strong><\/p>\n\n\n\n<h4 class=\"wp-block-heading\"><strong>Cobertura colecci\u00f3n 3<\/strong><\/h4>\n\n\n\n<figure class=\"wp-block-image size-full\"><img decoding=\"async\" loading=\"lazy\" width=\"801\" height=\"619\" src=\"https:\/\/peru.mapbiomas.org\/wp-content\/uploads\/sites\/14\/2025\/10\/Screenshot-2025-10-30-at-10.01.51.png\" alt=\"\" class=\"wp-image-1674\" srcset=\"https:\/\/peru.mapbiomas.org\/wp-content\/uploads\/sites\/14\/2025\/10\/Screenshot-2025-10-30-at-10.01.51.png 801w, https:\/\/peru.mapbiomas.org\/wp-content\/uploads\/sites\/14\/2025\/10\/Screenshot-2025-10-30-at-10.01.51-300x232.png 300w, https:\/\/peru.mapbiomas.org\/wp-content\/uploads\/sites\/14\/2025\/10\/Screenshot-2025-10-30-at-10.01.51-768x593.png 768w, https:\/\/peru.mapbiomas.org\/wp-content\/uploads\/sites\/14\/2025\/10\/Screenshot-2025-10-30-at-10.01.51-16x12.png 16w\" sizes=\"(max-width: 801px) 100vw, 801px\" \/><\/figure>\n\n\n\n<p><a href=\"https:\/\/peru.mapbiomas.org\/wp-content\/uploads\/sites\/14\/2025\/10\/OneSheet-Cobertura-y-uso-de-suelo.pdf\" data-type=\"URL\" data-id=\"https:\/\/peru.mapbiomas.org\/wp-content\/uploads\/sites\/14\/2025\/10\/OneSheet-Cobertura-y-uso-de-suelo.pdf\" target=\"_blank\" rel=\"noreferrer noopener\">Accede a<\/a><a href=\"https:\/\/peru.mapbiomas.org\/wp-content\/uploads\/sites\/14\/2025\/10\/OneSheet-Cobertura-y-uso-de-suelo.pdf\" data-type=\"URL\" data-id=\"https:\/\/peru.mapbiomas.org\/wp-content\/uploads\/sites\/14\/2025\/10\/OneSheet-Cobertura-y-uso-de-suelo.pdf\">qu\u00ed<\/a><\/p>","protected":false},"excerpt":{"rendered":"<p>Fuego colecci\u00f3n 1 Accede aqu\u00ed Agua colecci\u00f3n 3 Accede aqu\u00ed Cobertura colecci\u00f3n 3 Accede aqu\u00ed<\/p>","protected":false},"author":2,"featured_media":0,"parent":0,"menu_order":0,"comment_status":"closed","ping_status":"closed","template":"","meta":{"_uag_custom_page_level_css":""},"acf":[],"uagb_featured_image_src":{"full":false,"thumbnail":false,"medium":false,"medium_large":false,"large":false,"1536x1536":false,"2048x2048":false,"trp-custom-language-flag":false,"infographic":false,"team":false},"uagb_author_info":{"display_name":"Adriel Fernandes","author_link":"https:\/\/peru.mapbiomas.org\/en\/author\/adriel-fernandes\/"},"uagb_comment_info":0,"uagb_excerpt":"Fuego colecci\u00f3n 1 Accede aqu\u00ed Agua colecci\u00f3n 3 Accede aqu\u00ed Cobertura colecci\u00f3n 3 Accede aqu\u00ed","_links":{"self":[{"href":"https:\/\/peru.mapbiomas.org\/en\/wp-json\/wp\/v2\/pages\/1593"}],"collection":[{"href":"https:\/\/peru.mapbiomas.org\/en\/wp-json\/wp\/v2\/pages"}],"about":[{"href":"https:\/\/peru.mapbiomas.org\/en\/wp-json\/wp\/v2\/types\/page"}],"author":[{"embeddable":true,"href":"https:\/\/peru.mapbiomas.org\/en\/wp-json\/wp\/v2\/users\/2"}],"replies":[{"embeddable":true,"href":"https:\/\/peru.mapbiomas.org\/en\/wp-json\/wp\/v2\/comments?post=1593"}],"version-history":[{"count":8,"href":"https:\/\/peru.mapbiomas.org\/en\/wp-json\/wp\/v2\/pages\/1593\/revisions"}],"predecessor-version":[{"id":1677,"href":"https:\/\/peru.mapbiomas.org\/en\/wp-json\/wp\/v2\/pages\/1593\/revisions\/1677"}],"wp:attachment":[{"href":"https:\/\/peru.mapbiomas.org\/en\/wp-json\/wp\/v2\/media?parent=1593"}],"curies":[{"name":"wp","href":"https:\/\/api.w.org\/{rel}","templated":true}]}}