{"id":1582,"date":"2025-10-29T13:46:09","date_gmt":"2025-10-29T18:46:09","guid":{"rendered":"https:\/\/peru.mapbiomas.org\/?page_id=1582"},"modified":"2025-10-29T17:27:55","modified_gmt":"2025-10-29T22:27:55","slug":"ganadores-de-la-2da-edicion-del-premio-mapbiomas-peru-fueron-reconocidos-en-lima","status":"publish","type":"page","link":"https:\/\/peru.mapbiomas.org\/en\/ganadores-de-la-2da-edicion-del-premio-mapbiomas-peru-fueron-reconocidos-en-lima\/","title":{"rendered":"Ganadores de la 2da Edici\u00f3n del Premio MapBiomas Per\u00fa fueron reconocidos en Lima"},"content":{"rendered":"<div class=\"wp-block-uagb-container uagb-block-7145b60c alignfull uagb-is-root-container\"><div class=\"uagb-container-inner-blocks-wrap\">\n<div class=\"wp-block-uagb-container uagb-block-4cb54439\"><\/div>\n\n\n\n<div class=\"wp-block-uagb-container uagb-block-b86ea3ef\">\n<figure class=\"wp-block-image size-large\"><img decoding=\"async\" loading=\"lazy\" width=\"1024\" height=\"647\" src=\"https:\/\/peru.mapbiomas.org\/wp-content\/uploads\/sites\/14\/2024\/08\/Premio-MapBiomas-Peru-verde-1-1024x647.png\" alt=\"\" class=\"wp-image-1076\" srcset=\"https:\/\/peru.mapbiomas.org\/wp-content\/uploads\/sites\/14\/2024\/08\/Premio-MapBiomas-Peru-verde-1-1024x647.png 1024w, https:\/\/peru.mapbiomas.org\/wp-content\/uploads\/sites\/14\/2024\/08\/Premio-MapBiomas-Peru-verde-1-300x189.png 300w, https:\/\/peru.mapbiomas.org\/wp-content\/uploads\/sites\/14\/2024\/08\/Premio-MapBiomas-Peru-verde-1-768x485.png 768w, https:\/\/peru.mapbiomas.org\/wp-content\/uploads\/sites\/14\/2024\/08\/Premio-MapBiomas-Peru-verde-1-1536x970.png 1536w, https:\/\/peru.mapbiomas.org\/wp-content\/uploads\/sites\/14\/2024\/08\/Premio-MapBiomas-Peru-verde-1-2048x1294.png 2048w, https:\/\/peru.mapbiomas.org\/wp-content\/uploads\/sites\/14\/2024\/08\/Premio-MapBiomas-Peru-verde-1-18x12.png 18w\" sizes=\"(max-width: 1024px) 100vw, 1024px\" \/><\/figure>\n<\/div>\n\n\n\n<div class=\"wp-block-uagb-container uagb-block-b4fe5430\"><\/div>\n<\/div><\/div>\n\n\n\n<div style=\"height:40px\" aria-hidden=\"true\" class=\"wp-block-spacer\"><\/div>\n\n\n\n<p><\/p>\n\n\n\n<figure class=\"wp-block-embed aligncenter is-type-video is-provider-youtube wp-block-embed-youtube wp-embed-aspect-16-9 wp-has-aspect-ratio\"><div class=\"wp-block-embed__wrapper\">\n<iframe loading=\"lazy\" title=\"EN VIVO: 2da Edici\u00f3n Premio MapBiomas Per\u00fa: Datos que transforman\" width=\"500\" height=\"281\" src=\"https:\/\/www.youtube.com\/embed\/NJ2cU1HAzWI?feature=oembed\" frameborder=\"0\" allow=\"accelerometer; autoplay; clipboard-write; encrypted-media; gyroscope; picture-in-picture; web-share\" referrerpolicy=\"strict-origin-when-cross-origin\" allowfullscreen><\/iframe>\n<\/div><\/figure>\n\n\n\n<div style=\"height:40px\" aria-hidden=\"true\" class=\"wp-block-spacer\"><\/div>\n\n\n\n<h4 class=\"wp-block-heading has-text-align-center awards-category-title\">Winners <br>General<\/h4>\n\n\n\n<div style=\"height:40px\" aria-hidden=\"true\" class=\"wp-block-spacer\"><\/div>\n\n\n\n<div class=\"wp-block-uagb-container uagb-block-cc9506c7 alignfull uagb-is-root-container\"><div class=\"uagb-container-inner-blocks-wrap\">\n<div class=\"wp-block-uagb-container uagb-block-e165886a\">\n<div class=\"wp-block-uagb-info-box uagb-block-bcb36a09 uagb-infobox__content-wrap  uagb-infobox-icon-right-title uagb-infobox-right uagb-infobox-image-valign-middle peru-award-infobox\"><div class=\"uagb-ifb-content\"><div class=\"uagb-ifb-right-title-image\"><div class=\"uagb-ifb-title-wrap\"><h3 class=\"uagb-ifb-title\">1st place<br><\/h3><\/div><div class=\"uagb-ifb-image-content\"><img decoding=\"async\" src=\"https:\/\/peru.mapbiomas.org\/wp-content\/uploads\/sites\/14\/2025\/10\/1er-general-300x225.png\" alt=\"\" width=\"\" height=\"0\" loading=\"lazy\"\/><\/div><\/div><\/div><\/div>\n<\/div>\n\n\n\n<div class=\"wp-block-uagb-container peru-award-infobox-text uagb-block-304e7eb6\">\n<h6 class=\"wp-block-heading has-text-align-center\"><a href=\"https:\/\/peru.mapbiomas.org\/wp-content\/uploads\/sites\/14\/2025\/10\/Inchicaque-M_2025_Explorando-la-frontera-de-deforestacion-a-partir-de-la-teoria-institucional-2.pdf\">Explorando la \u00abFrontera\u00bb de deforestaci\u00f3n de la Amazon\u00eda Peruana desde la teor\u00eda institucional<\/a><\/h6>\n\n\n\n<p class=\"has-text-align-center\"><strong>Mauricio Inchicaque Mozo<\/strong><\/p>\n\n\n\n<p class=\"has-text-align-center\"><em>Gobernanza Sur (Per\u00fa) &#8211; Heidelberg University (Alemania)<\/em><\/p>\n<\/div>\n<\/div><\/div>\n\n\n\n<div class=\"wp-block-uagb-container uagb-block-1b025434 alignfull uagb-is-root-container\"><div class=\"uagb-container-inner-blocks-wrap\">\n<div class=\"wp-block-uagb-container uagb-block-4b119c04\">\n<div class=\"wp-block-uagb-info-box uagb-block-e546ca2f uagb-infobox__content-wrap  uagb-infobox-icon-left-title uagb-infobox-left uagb-infobox-image-valign-middle peru-award-infobox\"><div class=\"uagb-ifb-content\"><div class=\"uagb-ifb-left-title-image\"><div class=\"uagb-ifb-image-content\"><img decoding=\"async\" src=\"https:\/\/peru.mapbiomas.org\/wp-content\/uploads\/sites\/14\/2025\/10\/2do-general-300x225.png\" alt=\"\" width=\"\" height=\"0\" loading=\"lazy\"\/><\/div><div class=\"uagb-ifb-title-wrap\"><h3 class=\"uagb-ifb-title\">2nd place<br><\/h3><\/div><\/div><\/div><\/div>\n<\/div>\n\n\n\n<div class=\"wp-block-uagb-container peru-award-infobox-text uagb-block-ca281019\">\n<h6 class=\"wp-block-heading has-text-align-center\"><strong><a href=\"https:\/\/peru.mapbiomas.org\/wp-content\/uploads\/sites\/14\/2025\/10\/Manuscript-HML-91.pdf\" target=\"_blank\" rel=\"noreferrer noopener\"><a href=\"https:\/\/drive.google.com\/file\/d\/1IER1Q0PoTuNzjXT990lML-wQq1jgZCtX\/view?usp=drive_link\">Evaluaci\u00f3n de la deforestaci\u00f3n, fragmentaci\u00f3n del bosque y cambio de uso del suelo en las Reservas Comunales y Zonas de Amortiguamiento de la Amazon\u00eda Peruana con datos de la Colecci\u00f3n 2 de MapBiomas<\/a><\/a><\/strong><\/h6>\n\n\n\n<p class=\"has-text-align-center\"><strong><strong>Hern\u00e1n Manrique, Daniel Hernando; Iv\u00e1n\u00a0 Brehaut; Denis Meza<\/strong><\/strong><\/p>\n\n\n\n<p class=\"has-text-align-center\"><em>KU Leuven, Universidad Cient\u00edfica del Sur, Universidad del Pac\u00edfco, ProPur\u00fas<\/em><\/p>\n<\/div>\n<\/div><\/div>\n\n\n\n<div style=\"height:40px\" aria-hidden=\"true\" class=\"wp-block-spacer\"><\/div>\n\n\n\n<h4 class=\"wp-block-heading has-text-align-center awards-category-title blue\">Winners&nbsp;<br>Youth<\/h4>\n\n\n\n<div class=\"wp-block-uagb-container uagb-block-32921f9b alignfull uagb-is-root-container\"><div class=\"uagb-container-inner-blocks-wrap\">\n<div class=\"wp-block-uagb-container uagb-block-c483a5d4\">\n<div class=\"wp-block-uagb-info-box uagb-block-093d0b66 uagb-infobox__content-wrap  uagb-infobox-icon-right-title uagb-infobox-right uagb-infobox-image-valign-middle peru-award-infobox blue\"><div class=\"uagb-ifb-content\"><div class=\"uagb-ifb-right-title-image\"><div class=\"uagb-ifb-title-wrap\"><h3 class=\"uagb-ifb-title\">1st place<br><\/h3><\/div><div class=\"uagb-ifb-image-content\"><img decoding=\"async\" src=\"https:\/\/peru.mapbiomas.org\/wp-content\/uploads\/sites\/14\/2025\/10\/1er-joven-300x225.png\" alt=\"\" width=\"\" height=\"0\" loading=\"lazy\"\/><\/div><\/div><\/div><\/div>\n<\/div>\n\n\n\n<div class=\"wp-block-uagb-container peru-award-infobox-text uagb-block-6a33c715\">\n<h6 class=\"wp-block-heading has-text-align-center\"><strong><a href=\"https:\/\/peru.mapbiomas.org\/wp-content\/uploads\/sites\/14\/2025\/10\/Modelado-Espacio-Temporal-y-Proyeccion-de-los-Cambios-en-el-Humedal-Lucre-Huacarpay-ante-el-Cambio-Climatico-y-la-Transformacion-del-Uso-de-Suelo-MapBiomas-Pedro-Lavado.pdf\" target=\"_blank\" rel=\"noreferrer noopener\"><strong><strong><a href=\"https:\/\/drive.google.com\/file\/d\/1y3CA_CJm869JQjmqpn8AMMYSiC7ykWVw\/view?usp=drive_link\">Modelado Espacio &#8211; Temporal y Proyecci\u00f3n de los Cambios en el Humedal Lucre- Huacarpay ante el Cambio Clim\u00e1tico y la Transformaci\u00f3n del Uso de Suelo<\/a><\/strong><\/strong><\/a><\/strong><\/h6>\n\n\n\n<p class=\"has-text-align-center\"><strong>Pedro Giancarlo Lavado Medina, Anah\u00ed Kiara Guerra \u00d1aupa<\/strong><\/p>\n\n\n\n<p class=\"has-text-align-center\"><em>Universidad Peruana de Ciencias Aplicadas<\/em><\/p>\n<\/div>\n<\/div><\/div>\n\n\n\n<div class=\"wp-block-uagb-container uagb-block-24266810 alignfull uagb-is-root-container\"><div class=\"uagb-container-inner-blocks-wrap\">\n<div class=\"wp-block-uagb-container uagb-block-422d5779\">\n<div class=\"wp-block-uagb-info-box uagb-block-64a8c887 uagb-infobox__content-wrap  uagb-infobox-icon-left-title uagb-infobox-left uagb-infobox-image-valign-middle peru-award-infobox blue\"><div class=\"uagb-ifb-content\"><div class=\"uagb-ifb-left-title-image\"><div class=\"uagb-ifb-image-content\"><img decoding=\"async\" src=\"https:\/\/peru.mapbiomas.org\/wp-content\/uploads\/sites\/14\/2025\/10\/2do-joven-300x225.png\" alt=\"\" width=\"\" height=\"0\" loading=\"lazy\"\/><\/div><div class=\"uagb-ifb-title-wrap\"><h3 class=\"uagb-ifb-title\">2nd place<br><\/h3><\/div><\/div><\/div><\/div>\n<\/div>\n\n\n\n<div class=\"wp-block-uagb-container peru-award-infobox-text uagb-block-db966a7c\">\n<h6 class=\"wp-block-heading has-text-align-center\"><strong><strong><a href=\"https:\/\/peru.mapbiomas.org\/wp-content\/uploads\/sites\/14\/2025\/10\/Evaluacion-del-retroceso-glaciar-y-su-incidencia-en-la-disponibilidad-hidrica-en-la-cuenca-del-rio-Santa-3-Yely-Lanasca-Justiniano.pdf\" target=\"_blank\" rel=\"noreferrer noopener\"><a href=\"https:\/\/drive.google.com\/file\/d\/1n72jwAfdNIt7AFQstaPUUboBDCvZmUme\/view?usp=drive_link\"><strong>Evaluaci\u00f3n Del Retroceso Glaciar Y Su Incidencia En La Disponibilidad H\u00eddrica En La Cuenca Del R\u00edo Santa, \u00c1ncash (1985-2019)<\/strong><\/a><\/a><\/strong><\/strong><\/h6>\n\n\n\n<p class=\"has-text-align-center\"><strong><strong>Yely Yanira Lanasca Justiniano Jhon Deyver Mallqui Durand<\/strong><\/strong><\/p>\n\n\n\n<p class=\"has-text-align-center\"><em>Universidad de Ingenier\u00eda y Tecnolog\u00eda<\/em><\/p>\n<\/div>\n<\/div><\/div>\n\n\n\n<h4 class=\"wp-block-heading has-text-align-center awards-category-title bg-danger\">Winners\u00a0<br>Public Policy<\/h4>\n\n\n\n<div class=\"wp-block-uagb-container uagb-block-b25552de alignfull uagb-is-root-container\"><div class=\"uagb-container-inner-blocks-wrap\">\n<div class=\"wp-block-uagb-container uagb-block-a88e372f\">\n<div class=\"wp-block-uagb-info-box uagb-block-f57a517e uagb-infobox__content-wrap  uagb-infobox-icon-right-title uagb-infobox-right uagb-infobox-image-valign-middle peru-award-infobox\"><div class=\"uagb-ifb-content\"><div class=\"uagb-ifb-right-title-image\"><div class=\"uagb-ifb-title-wrap\"><h3 class=\"uagb-ifb-title\">1st place<br><\/h3><\/div><div class=\"uagb-ifb-image-content\"><img decoding=\"async\" src=\"https:\/\/peru.mapbiomas.org\/wp-content\/uploads\/sites\/14\/2025\/10\/1er-politicas-300x225.png\" alt=\"\" width=\"\" height=\"0\" loading=\"lazy\"\/><\/div><\/div><\/div><\/div>\n<\/div>\n\n\n\n<div class=\"wp-block-uagb-container peru-award-infobox-text uagb-block-d65f517d\">\n<h6 class=\"wp-block-heading has-text-align-center\"><strong><a rel=\"noreferrer noopener\" href=\"https:\/\/peru.mapbiomas.org\/wp-content\/uploads\/sites\/14\/2025\/10\/Modelado-Espacio-Temporal-y-Proyeccion-de-los-Cambios-en-el-Humedal-Lucre-Huacarpay-ante-el-Cambio-Climatico-y-la-Transformacion-del-Uso-de-Suelo-MapBiomas-Pedro-Lavado.pdf\" target=\"_blank\"><\/a><strong><strong><a href=\"https:\/\/peru.mapbiomas.org\/wp-content\/uploads\/sites\/14\/2025\/10\/OSINFOR_MAPBIOMAS-Brandon-F.D.pdf\">Aplicaci\u00f3n de inteligencia artificial y nuevas herramientas tecnol\u00f3gicas por el osinfor para el seguimiento y monitoreo de los recursos forestales del Per\u00fa<\/a><\/strong><\/strong><\/strong><\/h6>\n\n\n\n<p class=\"has-text-align-center\"><strong><strong>Brandon Fajardo Dioses; Luis Enrique Campos Zumaeta; Mauricio Gabriel Osores Jes\u00fas<\/strong><\/strong><\/p>\n\n\n\n<p class=\"has-text-align-center\"><em><em>OSINFOR<\/em><\/em><\/p>\n<\/div>\n<\/div><\/div>\n\n\n\n<div class=\"wp-block-uagb-container uagb-block-e8ed35ca alignfull uagb-is-root-container\"><div class=\"uagb-container-inner-blocks-wrap\">\n<div class=\"wp-block-uagb-container uagb-block-e8255ddb\">\n<div class=\"wp-block-uagb-info-box uagb-block-32318a8f uagb-infobox__content-wrap  uagb-infobox-icon-left-title uagb-infobox-left uagb-infobox-image-valign-middle peru-award-infobox\"><div class=\"uagb-ifb-content\"><div class=\"uagb-ifb-left-title-image\"><div class=\"uagb-ifb-image-content\"><img decoding=\"async\" src=\"https:\/\/peru.mapbiomas.org\/wp-content\/uploads\/sites\/14\/2025\/10\/2do-politicas-300x225.png\" alt=\"\" width=\"\" height=\"0\" loading=\"lazy\"\/><\/div><div class=\"uagb-ifb-title-wrap\"><h3 class=\"uagb-ifb-title\">2nd place<br><\/h3><\/div><\/div><\/div><\/div>\n<\/div>\n\n\n\n<div class=\"wp-block-uagb-container peru-award-infobox-text uagb-block-dc0b825f\">\n<h6 class=\"wp-block-heading has-text-align-center\"><strong><strong><a rel=\"noreferrer noopener\" href=\"https:\/\/peru.mapbiomas.org\/wp-content\/uploads\/sites\/14\/2025\/10\/Evaluacion-del-retroceso-glaciar-y-su-incidencia-en-la-disponibilidad-hidrica-en-la-cuenca-del-rio-Santa-3-Yely-Lanasca-Justiniano.pdf\" target=\"_blank\"><\/a><a href=\"https:\/\/peru.mapbiomas.org\/wp-content\/uploads\/sites\/14\/2025\/10\/poster_ANA_Egarciagg-Erick-Garcia.pdf\"><strong><a href=\"https:\/\/drive.google.com\/file\/d\/17HTeCvJyLGKzjrM758dWFkxETNSIPnEO\/view?usp=drive_link\">Uso de los datos de MapBiomas para evaluar la vulnerabilidad de los ecosistemas h\u00eddricos por cuencas hidrogr\u00e1ficas<\/a><\/strong><\/a><\/strong><\/strong><\/h6>\n\n\n\n<p class=\"has-text-align-center\"><strong><strong><strong>Erick Garc\u00eda Gonzales<\/strong><\/strong><\/strong><\/p>\n\n\n\n<p class=\"has-text-align-center\"><em><em>Autoridad Nacional del Agua<\/em><\/em><\/p>\n<\/div>\n<\/div><\/div>\n\n\n\n<div class=\"wp-block-uagb-container uagb-block-b25552de alignfull uagb-is-root-container\"><div class=\"uagb-container-inner-blocks-wrap\">\n<div class=\"wp-block-uagb-container uagb-block-a88e372f\">\n<div class=\"wp-block-uagb-info-box uagb-block-f57a517e uagb-infobox__content-wrap  uagb-infobox-icon-right-title uagb-infobox-right uagb-infobox-image-valign-middle peru-award-infobox\"><div class=\"uagb-ifb-content\"><div class=\"uagb-ifb-right-title-image\"><div class=\"uagb-ifb-title-wrap\"><h3 class=\"uagb-ifb-title\">Menci\u00f3n Honrosa<br><\/h3><\/div><div class=\"uagb-ifb-image-content\"><img decoding=\"async\" src=\"https:\/\/peru.mapbiomas.org\/wp-content\/uploads\/sites\/14\/2025\/10\/mencion-300x225.png\" alt=\"\" width=\"\" height=\"0\" loading=\"lazy\"\/><\/div><\/div><\/div><\/div>\n<\/div>\n\n\n\n<div class=\"wp-block-uagb-container peru-award-infobox-text uagb-block-d65f517d\">\n<h6 class=\"wp-block-heading has-text-align-center\"><a href=\"https:\/\/peru.mapbiomas.org\/wp-content\/uploads\/sites\/14\/2025\/10\/Poster_v4-Maria-Miyasiro.pdf\">Mapas de l\u00ednea base de cobertura y uso del suelo en \u00c1reas Naturales Protegidas y zonas de amortiguamiento andino-costeras con PlanetScope<\/a><\/h6>\n\n\n\n<p class=\"has-text-align-center\"><strong><strong>Maria Miyasiro L\u00f3pez;Joel Valdivia, Jorge Cahuas, Cristian Caro-S\u00e1nchez, Edgar Vicu\u00f1a<\/strong><\/strong><\/p>\n\n\n\n<p class=\"has-text-align-center\"><em><em>SERNANP<\/em><\/em><\/p>\n<\/div>\n<\/div><\/div>","protected":false},"excerpt":{"rendered":"<p>Ganadores Categor\u00eda General Explorando la \u00abFrontera\u00bb de deforestaci\u00f3n de la Amazon\u00eda Peruana desde la teor\u00eda institucional Mauricio Inchicaque Mozo Gobernanza Sur (Per\u00fa) &#8211; Heidelberg University (Alemania) Evaluaci\u00f3n de la deforestaci\u00f3n, fragmentaci\u00f3n del bosque y cambio de uso del suelo en las Reservas Comunales y Zonas de Amortiguamiento de la Amazon\u00eda Peruana con datos de la [&hellip;]<\/p>","protected":false},"author":2,"featured_media":0,"parent":0,"menu_order":0,"comment_status":"closed","ping_status":"closed","template":"","meta":{"_uag_custom_page_level_css":""},"acf":[],"uagb_featured_image_src":{"full":false,"thumbnail":false,"medium":false,"medium_large":false,"large":false,"1536x1536":false,"2048x2048":false,"trp-custom-language-flag":false,"infographic":false,"team":false},"uagb_author_info":{"display_name":"Adriel Fernandes","author_link":"https:\/\/peru.mapbiomas.org\/en\/author\/adriel-fernandes\/"},"uagb_comment_info":0,"uagb_excerpt":"Ganadores Categor\u00eda General Explorando la \u00abFrontera\u00bb de deforestaci\u00f3n de la Amazon\u00eda Peruana desde la teor\u00eda institucional Mauricio Inchicaque Mozo Gobernanza Sur (Per\u00fa) &#8211; Heidelberg University (Alemania) Evaluaci\u00f3n de la deforestaci\u00f3n, fragmentaci\u00f3n del bosque y cambio de uso del suelo en las Reservas Comunales y Zonas de Amortiguamiento de la Amazon\u00eda Peruana con datos de la&hellip;","_links":{"self":[{"href":"https:\/\/peru.mapbiomas.org\/en\/wp-json\/wp\/v2\/pages\/1582"}],"collection":[{"href":"https:\/\/peru.mapbiomas.org\/en\/wp-json\/wp\/v2\/pages"}],"about":[{"href":"https:\/\/peru.mapbiomas.org\/en\/wp-json\/wp\/v2\/types\/page"}],"author":[{"embeddable":true,"href":"https:\/\/peru.mapbiomas.org\/en\/wp-json\/wp\/v2\/users\/2"}],"replies":[{"embeddable":true,"href":"https:\/\/peru.mapbiomas.org\/en\/wp-json\/wp\/v2\/comments?post=1582"}],"version-history":[{"count":23,"href":"https:\/\/peru.mapbiomas.org\/en\/wp-json\/wp\/v2\/pages\/1582\/revisions"}],"predecessor-version":[{"id":1664,"href":"https:\/\/peru.mapbiomas.org\/en\/wp-json\/wp\/v2\/pages\/1582\/revisions\/1664"}],"wp:attachment":[{"href":"https:\/\/peru.mapbiomas.org\/en\/wp-json\/wp\/v2\/media?parent=1582"}],"curies":[{"name":"wp","href":"https:\/\/api.w.org\/{rel}","templated":true}]}}