{"id":1528,"date":"2025-06-05T10:49:00","date_gmt":"2025-06-05T15:49:00","guid":{"rendered":"https:\/\/peru.mapbiomas.org\/?page_id=1528"},"modified":"2025-07-04T13:31:36","modified_gmt":"2025-07-04T18:31:36","slug":"peru-perdio-41-millones-de-hectareas-de-vegetacion-natural-en-40-anos-informe-alerta-sobre-el-futuro-de-los-ecosistemas-peruanos","status":"publish","type":"page","link":"https:\/\/peru.mapbiomas.org\/en\/peru-perdio-41-millones-de-hectareas-de-vegetacion-natural-en-40-anos-informe-alerta-sobre-el-futuro-de-los-ecosistemas-peruanos\/","title":{"rendered":"Per\u00fa perdi\u00f3 4,1 millones de hect\u00e1reas de vegetaci\u00f3n natural en 40 a\u00f1os: Informe alerta sobre el futuro de los ecosistemas peruanos\u00a0\u00a0"},"content":{"rendered":"<p>\u25cf <strong>El territorio amaz\u00f3nico, que cubre el 61% del pa\u00eds, refleja la mayor p\u00e9rdida de recursos&nbsp; naturales, mientras otras regiones como la costa y los Andes tambi\u00e9n muestran impactos&nbsp; por pr\u00e1cticas humanas, de acuerdo a MapBiomas Per\u00fa.&nbsp;&nbsp;<\/strong><\/p>\n\n\n\n<p>\u25cf <strong>Las actividades humanas han impulsado un crecimiento sin precedentes, ocupando 4,6&nbsp; millones de hect\u00e1reas m\u00e1s desde 1985, seg\u00fan el an\u00e1lisis \u201cMapas y datos que hablan\u201d,&nbsp; presentado en Lima.&nbsp;<\/strong><\/p>\n\n\n\n<p><strong>Lima, 5 de junio de 2025. &#8211; <\/strong>La nueva colecci\u00f3n de MapBiomas Per\u00fa de mapas anuales de&nbsp; cobertura y uso del suelo de todo el territorio peruano (1985-2024) ha revelado transformaciones&nbsp; en el uso del suelo y la cobertura de la vegetaci\u00f3n natural del pa\u00eds durante las \u00faltimas cuatro&nbsp; d\u00e9cadas. Estos mapas revelan que el pa\u00eds ha perdido 4,1 millones de hect\u00e1reas de vegetaci\u00f3n&nbsp; natural, lo que equivale a una reducci\u00f3n del 4% respecto a su extensi\u00f3n en 1985. Paralelamente,&nbsp; el uso antr\u00f3pico del suelo ha crecido en 4,6 millones de hect\u00e1reas, un aumento del 44% en&nbsp; comparaci\u00f3n con su extensi\u00f3n inicial en 1985.&nbsp;&nbsp;<\/p>\n\n\n\n<p>Los hallazgos de la Colecci\u00f3n 3 incluyen mapas detallados que clasifican el territorio peruano en&nbsp; 26 clases, entre las que se encuentran ocho nuevas clases como: arroz, playas, lomas costeras&nbsp; y salinas. Seg\u00fan explic\u00f3 Andrea Bravo, coordinadora t\u00e9cnica de MapBiomas Per\u00fa, el 79,1% del&nbsp; territorio nacional a\u00fan est\u00e1 cubierto por vegetaci\u00f3n natural, como bosques, manglares, pastizales&nbsp; y matorrales, mientras que el 32,5% presenta usos antr\u00f3picos, como agricultura, pasto,&nbsp; plantaciones forestales, miner\u00eda y urbano. Este cambio en el uso del suelo ha tenido un impacto&nbsp; en los ecosistemas naturales del pa\u00eds, especialmente en la Amazon\u00eda, que representa el 61% del&nbsp; territorio y ha perdido 3 millones de hect\u00e1reas de vegetaci\u00f3n natural, y en el Bosque Seco&nbsp; Ecuatorial, que, aunque es el bioma menos extenso, ha sufrido la mayor p\u00e9rdida con un 4,2% de&nbsp; su superficie.&nbsp;&nbsp;<\/p>\n\n\n\n<p>Julia Shimbo, coordinadora cient\u00edfica de MapBiomas Network, destac\u00f3 que el cambio en el uso&nbsp; del suelo tambi\u00e9n se refleja a nivel distrital. En 1985, el 43% de los distritos del pa\u00eds eran&nbsp; predominantemente agropecuarios, cifra que aument\u00f3 al 63% en 2024. Esto significa que 479&nbsp; distritos han dejado de tener vegetaci\u00f3n natural como uso predominante. Adem\u00e1s, el crecimiento&nbsp; urbano ha sido otro factor clave en la transformaci\u00f3n del territorio. Entre 1985 y 2024, la&nbsp; infraestructura urbana se expandi\u00f3 en 236.353 hect\u00e1reas, siendo el Desierto Costero el bioma&nbsp; con mayor expansi\u00f3n urbana. En este bioma, las lomas costeras han sido particularmente&nbsp; afectadas, perdiendo cerca de 23.000 hect\u00e1reas debido a la presi\u00f3n urbana.&nbsp;&nbsp;<\/p>\n\n\n\n<p><strong>Aumento de la miner\u00eda en Per\u00fa: 2.325% en 40 a\u00f1os&nbsp;<\/strong><\/p>\n\n\n\n<p>El informe tambi\u00e9n aborda la expansi\u00f3n de la miner\u00eda, que ha experimentado un crecimiento del&nbsp; 2.325% a nivel nacional en los \u00faltimos 40 a\u00f1os. Seg\u00fan Renzo Piana, director ejecutivo del Instituto&nbsp; del Bien Com\u00fan, la Amazon\u00eda ha sido el bioma m\u00e1s afectado por esta actividad, con un incremento&nbsp; de 157 veces en su superficie minera.&nbsp;<\/p>\n\n\n\n<p>Actualmente, m\u00e1s del 50% del \u00e1rea de la miner\u00eda nacional se concentra en el departamento de&nbsp; Madre de Dios. En cuanto a las \u00e1reas agropecuarias, el estudio se\u00f1ala que estas abarcan 14,2&nbsp; millones de hect\u00e1reas en 2024, lo que equivale al 11% del territorio nacional. Entre los cultivos&nbsp; que han experimentado un mayor crecimiento se encuentran la palma aceitera, cuya extensi\u00f3n&nbsp; aument\u00f3 un 1.062%, y el arroz, que creci\u00f3 un 193% en comparaci\u00f3n con 1985.&nbsp;<\/p>\n\n\n\n<p><strong>Agricultura desplaza vegetaci\u00f3n en 479 distritos peruanos&nbsp;<\/strong><\/p>\n\n\n\n<p>La distribuci\u00f3n de los cultivos de arroz tambi\u00e9n ha cambiado significativamente. En 1985, el 54%&nbsp; de estos cultivos se encontraba en el Desierto Costero, mientras que en 2024, la Amazon\u00eda&nbsp; concentra el 35% de la producci\u00f3n, superando la del Desierto Costero, que representa el 32%. En&nbsp; la Amazon\u00eda, el 22% de las \u00e1reas actuales de cultivo de arroz eran vegetaci\u00f3n natural en 1985, lo&nbsp; que evidencia la conversi\u00f3n de ecosistemas naturales en tierras agr\u00edcolas.&nbsp;&nbsp;<\/p>\n\n\n\n<p>Los datos tambi\u00e9n presentan las p\u00e9rdidas de vegetaci\u00f3n natural por departamento. Loreto,&nbsp; Ucayali, San Mart\u00edn, Hu\u00e1nuco y Madre de Dios encabezan la lista de regiones con mayor p\u00e9rdida&nbsp; en t\u00e9rminos absolutos, mientras que departamentos como Hu\u00e1nuco, San Mart\u00edn, Cajamarca,&nbsp; Lambayeque y Pasco destacan por la p\u00e9rdida proporcional en relaci\u00f3n con su tama\u00f1o. A nivel&nbsp; nacional, el bosque ha sido la vegetaci\u00f3n natural m\u00e1s afectada, con una p\u00e9rdida de 2,5 millones&nbsp; de hect\u00e1reas, mientras que el Bosque Seco Ecuatorial ha registrado la mayor p\u00e9rdida&nbsp; proporcional, con un 9% de su superficie original.&nbsp;&nbsp;<\/p>\n\n\n\n<p><strong>MapBiomas Per\u00fa: innovaci\u00f3n tecnol\u00f3gica para estudiar cambios territoriales&nbsp;<\/strong><\/p>\n\n\n\n<p>Todos los mapas y las estad\u00edsticas est\u00e1n disponibles de forma p\u00fablica y gratuita en la plataforma&nbsp; MapBiomas Per\u00fa https:\/\/plataforma.peru.mapbiomas.org\/. Su plataforma ofrece la base de datos&nbsp; espaciales m\u00e1s completa, actualizada y detallada sobre cambio de uso del suelo del pa\u00eds desde&nbsp; 1985 hasta el presente, y permite a los usuarios acceder a m\u00f3dulos interactivos que incluyen&nbsp; datos sobre cobertura y uso del suelo, p\u00e9rdida de vegetaci\u00f3n, vegetaci\u00f3n secundaria y superficie&nbsp; del agua. Adem\u00e1s, ofrece herramientas avanzadas para diferentes territorios, como&nbsp; departamentos, provincias, distritos, \u00e1reas protegidas y cuencas, adem\u00e1s de la posibilidad de&nbsp; subir geometr\u00edas personalizadas para realizar an\u00e1lisis espec\u00edficos. Esta red colaborativa involucra&nbsp; universidades, ONG y empresas, y utiliza im\u00e1genes satelitales Landsat (con 30 m de resoluci\u00f3n)&nbsp; procesadas pixel a pixel mediante algoritmos de inteligencia artificial en la nube, a trav\u00e9s de la&nbsp; plataforma Google Earth Engine.&nbsp;&nbsp;<\/p>\n\n\n\n<p>El estudio, de la Colecci\u00f3n 3 de mapas anuales de cobertura y uso de suelo, no solo proporciona&nbsp; una visi\u00f3n detallada de los cambios en el uso del suelo en el Per\u00fa, sino que tambi\u00e9n subraya la&nbsp; importancia de monitorear y gestionar de manera sostenible los recursos naturales del pa\u00eds,&nbsp; comenta Sandra R\u00edos, coordinadora de MapBiomas Per\u00fa. La informaci\u00f3n recopilada en las \u00faltimas&nbsp; cuatro d\u00e9cadas constituye una herramienta para la toma de decisiones en pol\u00edticas p\u00fablicas y de&nbsp; desarrollo territorial.&nbsp;<\/p>","protected":false},"excerpt":{"rendered":"<p>\u25cf El territorio amaz\u00f3nico, que cubre el 61% del pa\u00eds, refleja la mayor p\u00e9rdida de recursos&nbsp; naturales, mientras otras regiones como la costa y los Andes tambi\u00e9n muestran impactos&nbsp; por pr\u00e1cticas humanas, de acuerdo a MapBiomas Per\u00fa.&nbsp;&nbsp; \u25cf Las actividades humanas han impulsado un crecimiento sin precedentes, ocupando 4,6&nbsp; millones de hect\u00e1reas m\u00e1s desde 1985, [&hellip;]<\/p>","protected":false},"author":26,"featured_media":0,"parent":0,"menu_order":0,"comment_status":"closed","ping_status":"closed","template":"","meta":{"_uag_custom_page_level_css":""},"acf":[],"uagb_featured_image_src":{"full":false,"thumbnail":false,"medium":false,"medium_large":false,"large":false,"1536x1536":false,"2048x2048":false,"trp-custom-language-flag":false,"infographic":false,"team":false},"uagb_author_info":{"display_name":"edegarbernardes","author_link":"https:\/\/peru.mapbiomas.org\/en\/author\/edegarbernardes\/"},"uagb_comment_info":0,"uagb_excerpt":"\u25cf El territorio amaz\u00f3nico, que cubre el 61% del pa\u00eds, refleja la mayor p\u00e9rdida de recursos&nbsp; naturales, mientras otras regiones como la costa y los Andes tambi\u00e9n muestran impactos&nbsp; por pr\u00e1cticas humanas, de acuerdo a MapBiomas Per\u00fa.&nbsp;&nbsp; \u25cf Las actividades humanas han impulsado un crecimiento sin precedentes, ocupando 4,6&nbsp; millones de hect\u00e1reas m\u00e1s desde 1985,&hellip;","_links":{"self":[{"href":"https:\/\/peru.mapbiomas.org\/en\/wp-json\/wp\/v2\/pages\/1528"}],"collection":[{"href":"https:\/\/peru.mapbiomas.org\/en\/wp-json\/wp\/v2\/pages"}],"about":[{"href":"https:\/\/peru.mapbiomas.org\/en\/wp-json\/wp\/v2\/types\/page"}],"author":[{"embeddable":true,"href":"https:\/\/peru.mapbiomas.org\/en\/wp-json\/wp\/v2\/users\/26"}],"replies":[{"embeddable":true,"href":"https:\/\/peru.mapbiomas.org\/en\/wp-json\/wp\/v2\/comments?post=1528"}],"version-history":[{"count":2,"href":"https:\/\/peru.mapbiomas.org\/en\/wp-json\/wp\/v2\/pages\/1528\/revisions"}],"predecessor-version":[{"id":1533,"href":"https:\/\/peru.mapbiomas.org\/en\/wp-json\/wp\/v2\/pages\/1528\/revisions\/1533"}],"wp:attachment":[{"href":"https:\/\/peru.mapbiomas.org\/en\/wp-json\/wp\/v2\/media?parent=1528"}],"curies":[{"name":"wp","href":"https:\/\/api.w.org\/{rel}","templated":true}]}}