{"id":138,"date":"2023-08-01T20:26:31","date_gmt":"2023-08-01T20:26:31","guid":{"rendered":"https:\/\/staging-peru.mapbiomas.org\/?page_id=138"},"modified":"2025-10-29T13:29:41","modified_gmt":"2025-10-29T18:29:41","slug":"lanzamiento-coleccion-1-0","status":"publish","type":"page","link":"https:\/\/peru.mapbiomas.org\/en\/lanzamiento-coleccion-1-0\/","title":{"rendered":"Releases"},"content":{"rendered":"<p>MapBiomas Peru is a cartographic tool that allows you to monitor changes in land use throughout the country and track pressures on its forests and natural ecosystems. Each year a new set of land cover and land use maps is released, improved and expanded for the corresponding new period.<\/p>\n\n\n\n<h4 class=\"wp-block-heading\">LANZAMIENTO COLECCI\u00d3N 1 MAPBIOMAS FUEGO PER\u00da<\/h4>\n\n\n\n<figure class=\"wp-block-embed is-type-video is-provider-youtube wp-block-embed-youtube wp-embed-aspect-4-3 wp-has-aspect-ratio\"><div class=\"wp-block-embed__wrapper\">\n<iframe loading=\"lazy\" title=\"EN VIVO: Colecci\u00f3n 1 de MapBiomas Fuego Per\u00fa (2013 - 2024)\" width=\"500\" height=\"375\" src=\"https:\/\/www.youtube.com\/embed\/7Mz1-Xjo5VE?feature=oembed\" frameborder=\"0\" allow=\"accelerometer; autoplay; clipboard-write; encrypted-media; gyroscope; picture-in-picture; web-share\" referrerpolicy=\"strict-origin-when-cross-origin\" allowfullscreen><\/iframe>\n<\/div><\/figure>\n\n\n\n<p>El 30 de octubre de 2025 se present\u00f3 la Colecci\u00f3n 1.0 de la Iniciativa Fuego de la red MapBiomas Per\u00fa, presentando mapas anuales de superficie quemada desde el a\u00f1o 2013 al 2024. En este lanzamiento se report\u00f3 la p\u00e9rdida de vegetaci\u00f3n natural por quemas, especialmente en los biomas Amazon\u00eda y Andes. Se mostr\u00f3 el uso de la plataforma para la visualizaci\u00f3n de \u00e1reas quemadas, descarga de datos y herramientas de an\u00e1lisis espacial. Todos los datos se encuentran disponibles en la plataforma de MapBiomas Per\u00fa.<\/p>\n\n\n\n<h4 class=\"wp-block-heading\"><strong>AGUA COLLECCI\u00d3N 3<\/strong><\/h4>\n\n\n\n<figure class=\"wp-block-embed is-type-video is-provider-youtube wp-block-embed-youtube wp-embed-aspect-16-9 wp-has-aspect-ratio\"><div class=\"wp-block-embed__wrapper\">\n<iframe loading=\"lazy\" title=\"EN VIVO: El camino del Agua: 40 a\u00f1os recorriendo glaciares, amazon\u00eda y desierto (1985 - 2024)\" width=\"500\" height=\"281\" src=\"https:\/\/www.youtube.com\/embed\/IbvQixjGSOM?feature=oembed\" frameborder=\"0\" allow=\"accelerometer; autoplay; clipboard-write; encrypted-media; gyroscope; picture-in-picture; web-share\" referrerpolicy=\"strict-origin-when-cross-origin\" allowfullscreen><\/iframe>\n<\/div><\/figure>\n\n\n\n<h4 class=\"wp-block-heading\"><strong>AGUA COLLECCI\u00d3N 2<\/strong><\/h4>\n\n\n\n<figure class=\"wp-block-embed is-type-video is-provider-youtube wp-block-embed-youtube wp-embed-aspect-16-9 wp-has-aspect-ratio\"><div class=\"wp-block-embed__wrapper\">\n <iframe loading=\"lazy\" title=\"Lanzamiento Colecci\u00f3n 2 Per\u00fa\" width=\"500\" height=\"281\" src=\"https:\/\/www.youtube.com\/embed\/DkJtJEZ6UoM?feature=oembed\" frameborder=\"0\" allow=\"accelerometer; autoplay; clipboard-write; encrypted-media; gyroscope; picture-in-picture; web-share\" referrerpolicy=\"strict-origin-when-cross-origin\" allowfullscreen><\/iframe>\n<\/div><\/figure>\n\n\n\n<h4 class=\"wp-block-heading\"><strong>LANZAMIENTO VEGETACI\u00d3N SECUNDARIA COLLECI\u00d3N 1<\/strong><\/h4>\n\n\n\n<figure class=\"wp-block-embed is-type-video is-provider-youtube wp-block-embed-youtube wp-embed-aspect-16-9 wp-has-aspect-ratio\"><div class=\"wp-block-embed__wrapper\">\n<iframe loading=\"lazy\" title=\"Mapbiomas Per\u00fa - Datos in\u00e9ditos de p\u00e9rdida y regeneraci\u00f3n de la vegetaci\u00f3n natural en el Per\u00fa\" width=\"500\" height=\"281\" src=\"https:\/\/www.youtube.com\/embed\/w0937XS9cB8?feature=oembed\" frameborder=\"0\" allow=\"accelerometer; autoplay; clipboard-write; encrypted-media; gyroscope; picture-in-picture; web-share\" referrerpolicy=\"strict-origin-when-cross-origin\" allowfullscreen><\/iframe>\n<\/div><\/figure>\n\n\n\n<h4 class=\"wp-block-heading\"><strong>LANZAMIENTO COLECCI\u00d3N 3 MAPBIOMAS PER\u00da<\/strong><\/h4>\n\n\n\n<figure class=\"wp-block-embed is-type-video is-provider-youtube wp-block-embed-youtube wp-embed-aspect-16-9 wp-has-aspect-ratio\"><div class=\"wp-block-embed__wrapper\">\n<iframe loading=\"lazy\" title=\"EN VIVO: Mapas y datos que hablan: 40 a\u00f1os de cambios en el territorio peruano (1985-2024)\" width=\"500\" height=\"281\" src=\"https:\/\/www.youtube.com\/embed\/ne39L-yDqIU?feature=oembed\" frameborder=\"0\" allow=\"accelerometer; autoplay; clipboard-write; encrypted-media; gyroscope; picture-in-picture; web-share\" referrerpolicy=\"strict-origin-when-cross-origin\" allowfullscreen><\/iframe>\n<\/div><\/figure>\n\n\n\n<p>El 5 de junio de 2025 se present\u00f3 la Colecci\u00f3n 3 de la Iniciativa Cobertura y Uso del suelo de la red MapBiomas Per\u00fa, presentando mapas anuales desde a\u00f1o 1985 al 2024. En este lanzamiento se report\u00f3 la p\u00e9rdida de vegetaci\u00f3n natural, especialmente en los biomas Amazon\u00eda y Bosque seco ecuatorial. La miner\u00eda creci\u00f3 un 2,325%, concentr\u00e1ndose en Madre de Dios. Tambi\u00e9n se observ\u00f3 expansi\u00f3n agropecuaria, urbana y cambios en la distribuci\u00f3n del cultivo de arroz. Por otro lado, se lanzaron dos nuevos m\u00f3dulos derivados de los mapas anuales de cobertura y uso del suelo: \u201cP\u00e9rdida de vegetaci\u00f3n\u201d y \u201cVegetaci\u00f3n secundaria\u201d. Adem\u00e1s, se mostr\u00f3 el uso de la plataforma para an\u00e1lisis espaciales, descarga de datos y visualizaci\u00f3n de cambios en el territorio, los que son de libre acceso para el p\u00fablico interesado.<\/p>\n\n\n\n<p><\/p>\n\n\n\n<h4 class=\"wp-block-heading\">LAUNCH COLLECTION 2 MAPBIOMAS PERU<\/h4>\n\n\n\n<figure class=\"wp-block-embed is-type-video is-provider-youtube wp-block-embed-youtube wp-embed-aspect-16-9 wp-has-aspect-ratio\"><div class=\"wp-block-embed__wrapper\">\n<iframe loading=\"lazy\" title=\"Mapbiomas Per\u00fa. Din\u00e1mica acelerada de cambio en un pa\u00eds megadiverso.\" width=\"500\" height=\"281\" src=\"https:\/\/www.youtube.com\/embed\/hkMM2--eWn8?feature=oembed\" frameborder=\"0\" allow=\"accelerometer; autoplay; clipboard-write; encrypted-media; gyroscope; picture-in-picture; web-share\" referrerpolicy=\"strict-origin-when-cross-origin\" allowfullscreen><\/iframe>\n<\/div><\/figure>\n\n\n\n<p>In 38 years the country has lost 487.7% of glacier extension, according to MapBiomas Per\u00fa. This initiative also reveals the loss of 4.1 million hectares of natural vegetation. The findings of the monitoring of land use change that occurred in Peru between 1985 and 2022 will be presented by the Instituto del Bien Com\u00fan  on February 15 in Lima<em>.<\/em> In addition, the call was opened for the 1st edition of the <a href=\"https:\/\/peru.mapbiomas.org\/en\/premio-mapbiomas-peru-premio-mapbiomas-peru\/\"><strong>MapBiomas Peru Award<\/strong><\/a> , which seeks to reward two works that use the data and products generated by the initiative.<\/p>\n\n\n\n<p>Download the presentations from the event here:<\/p>\n\n\n\n<p>Andrea Bravo y Nicole Moreno (MapBiomas Per\u00fa):<a href=\"https:\/\/drive.google.com\/file\/d\/1Y1iUpGXGFYMaU8CcIqNm3-lL0PRcQI6o\/view?usp=drive_link\">Plataforma y hallazgos<\/a>\u201d<\/p>\n\n\n\n<p>Table 1 : \u201cMapBiomas and its contribution to territorial management\u201d<\/p>\n\n\n\n<p>Mar\u00eda Sof\u00eda Dunin Borkowski (In charge of Ecological and Economic Zoning in the Gobierno Regional de Piura): \u201c<a href=\"https:\/\/drive.google.com\/file\/d\/1uA2xE6RjaqTHlV901Ne0bWqG_l-nzI_d\/view?usp=drive_link\">Instrumentos para la planificaci\u00f3n territorial &#8211; ZEE<\/a>\u201d<\/p>\n\n\n\n<p>Edgar Vicu\u00f1a (In charge of the Unidad Operativa Funcional de Gesti\u00f3n de la Informaci\u00f3n de la Direcci\u00f3n de Desarrollo Estrat\u00e9gico): \u201c<a href=\"https:\/\/drive.google.com\/file\/d\/1udAYZmew2lsTvgentuWvlZAsUq3m5Kxk\/view?usp=drive_link\">Monitoreo de cobertura conservada en \u00e1reas naturales protegidas de administraci\u00f3n nacional<\/a>\u201d<\/p>\n\n\n\n<p>Francisco Rom\u00e1n (Manager de Ing. de Producto y Gesti\u00f3n de Conocimiento en Viridis Terra): \u201c<a href=\"https:\/\/drive.google.com\/file\/d\/15hOM1soQoecIjDzjAPBhsxPPJte74ZEH\/view?usp=drive_link\">Recuperaci\u00f3n integral de tierras degradadas en la Amazonia<\/a>\u201d<\/p>\n\n\n\n<p>Table 2 : \u201cMapBiomas Peru and its allies\u201d<\/p>\n\n\n\n<p>William Llactayo (Direcci\u00f3n General de Ordenamiento Territorial y de la Gesti\u00f3n Integrada de los Recursos Naturales (DGOTGIRN) - MINAM): \u201c<a href=\"https:\/\/drive.google.com\/file\/d\/1EC8sYFEBen9r2AMiRYk398ToKa3pVTaS\/view?usp=drive_link\">MapBiomas Per\u00fa y su aporte a las pol\u00edticas p\u00fablicas<\/a>\u201c<\/p>\n\n\n\n<p>Ethel Rubin de Celis (Sala de Observaciones - Facultad de Ciencias Forestal - UNALM): \u201c<a href=\"https:\/\/drive.google.com\/file\/d\/1RCjUPyfG2V-OkWTC6V9wAmhS5c4yFczh\/view?usp=drive_link\">Validaci\u00f3n de los mapas anuales de cobertura y uso del suelo<\/a>\u201d<\/p>\n\n\n\n<p>Julia Shimbo (Scientific coordinator of MapBiomas Network): \u201c<a href=\"https:\/\/drive.google.com\/file\/d\/1ePQX9gsgq9QFHXtraYoYK1vCW3gbLYmc\/view?usp=drive_link\">MapBiomas Network: Misi\u00f3n y desaf\u00edos<\/a>\u201d<\/p>\n\n\n\n<h4 class=\"wp-block-heading\">LAUNCH COLLECTION 1 MAPBIOMAS PERU<\/h4>\n\n\n\n<figure class=\"wp-block-embed is-type-video is-provider-youtube wp-block-embed-youtube wp-embed-aspect-16-9 wp-has-aspect-ratio\"><div class=\"wp-block-embed__wrapper\">\n<iframe loading=\"lazy\" title=\"Lanzamiento MapBiomas Per\u00fa Colecci\u00f3n 1.0: 37 a\u00f1os de cambios en un pa\u00eds megadiverso\" width=\"500\" height=\"281\" src=\"https:\/\/www.youtube.com\/embed\/ZSoJ5Jy3adE?feature=oembed\" frameborder=\"0\" allow=\"accelerometer; autoplay; clipboard-write; encrypted-media; gyroscope; picture-in-picture; web-share\" referrerpolicy=\"strict-origin-when-cross-origin\" allowfullscreen><\/iframe>\n<\/div><\/figure>\n\n\n\n<p>The data generated by MapBiomas Per\u00fa warns about the accelerated dynamics of the changes that occurred between 1985 and 2021 in the natural coverage of the Peruvian territory, which have generated a loss of 3.9% of its natural vegetation. This has affected the country's ecosystems, its biodiversity, its ecosystem services, its functionality and connectivity. With a loss of 49.9% of extension in 37 years, the alarming retreat of glaciers stands out due to the effect of climate change and the black carbon caused by burning in the Amazon. The glaciers feed the springs of the country's large rivers, supplying water to millions of people.<\/p>","protected":false},"excerpt":{"rendered":"<p>MapBiomas Per\u00fa es una herramienta cartogr\u00e1fica que permite monitorear los cambios de uso del suelo en todo el pa\u00eds y rastrear las presiones sobre sus bosques y ecosistemas naturales. Cada a\u00f1o se lanza, mejora y ampl\u00eda un nuevo conjunto de mapas de cobertura y uso del suelo para el nuevo per\u00edodo correspondiente. LANZAMIENTO COLECCI\u00d3N 1 [&hellip;]<\/p>","protected":false},"author":2,"featured_media":0,"parent":0,"menu_order":0,"comment_status":"closed","ping_status":"closed","template":"","meta":{"_uag_custom_page_level_css":""},"acf":[],"uagb_featured_image_src":{"full":false,"thumbnail":false,"medium":false,"medium_large":false,"large":false,"1536x1536":false,"2048x2048":false,"trp-custom-language-flag":false,"infographic":false,"team":false},"uagb_author_info":{"display_name":"Adriel Fernandes","author_link":"https:\/\/peru.mapbiomas.org\/en\/author\/adriel-fernandes\/"},"uagb_comment_info":0,"uagb_excerpt":"MapBiomas Per\u00fa es una herramienta cartogr\u00e1fica que permite monitorear los cambios de uso del suelo en todo el pa\u00eds y rastrear las presiones sobre sus bosques y ecosistemas naturales. Cada a\u00f1o se lanza, mejora y ampl\u00eda un nuevo conjunto de mapas de cobertura y uso del suelo para el nuevo per\u00edodo correspondiente. LANZAMIENTO COLECCI\u00d3N 1&hellip;","_links":{"self":[{"href":"https:\/\/peru.mapbiomas.org\/en\/wp-json\/wp\/v2\/pages\/138"}],"collection":[{"href":"https:\/\/peru.mapbiomas.org\/en\/wp-json\/wp\/v2\/pages"}],"about":[{"href":"https:\/\/peru.mapbiomas.org\/en\/wp-json\/wp\/v2\/types\/page"}],"author":[{"embeddable":true,"href":"https:\/\/peru.mapbiomas.org\/en\/wp-json\/wp\/v2\/users\/2"}],"replies":[{"embeddable":true,"href":"https:\/\/peru.mapbiomas.org\/en\/wp-json\/wp\/v2\/comments?post=138"}],"version-history":[{"count":27,"href":"https:\/\/peru.mapbiomas.org\/en\/wp-json\/wp\/v2\/pages\/138\/revisions"}],"predecessor-version":[{"id":1581,"href":"https:\/\/peru.mapbiomas.org\/en\/wp-json\/wp\/v2\/pages\/138\/revisions\/1581"}],"wp:attachment":[{"href":"https:\/\/peru.mapbiomas.org\/en\/wp-json\/wp\/v2\/media?parent=138"}],"curies":[{"name":"wp","href":"https:\/\/api.w.org\/{rel}","templated":true}]}}