{"id":1253,"date":"2024-11-27T14:01:46","date_gmt":"2024-11-27T19:01:46","guid":{"rendered":"https:\/\/peru.mapbiomas.org\/?page_id=1253"},"modified":"2026-03-27T12:28:14","modified_gmt":"2026-03-27T17:28:14","slug":"notas-tecnicas-generadas-por-mapbiomas-peru-sobre-temas-especificos","status":"publish","type":"page","link":"https:\/\/peru.mapbiomas.org\/en\/notas-tecnicas-generadas-por-mapbiomas-peru-sobre-temas-especificos\/","title":{"rendered":"Technical notes"},"content":{"rendered":"<p><strong>Technical notes prepared by MapBiomas Peru on specific topics:<\/strong><\/p>\n\n\n\n<p><a href=\"https:\/\/peru.mapbiomas.org\/wp-content\/uploads\/sites\/14\/2025\/10\/Nota-tecnica-Incendios-forestales-en-el-Peru-2002-2025-version-Sept-2025.pdf\" target=\"_blank\" rel=\"noreferrer noopener\">Forest Fires in Peru from 2002 to 2025 (v.12.2025, available in Spanish)<\/a> \u2013 This study presents an analysis of two decades of wildfires in Peru (2002\u20132025). Quantitative data were generated based on information from heat source records, analyzing their relationship with land use.<\/p>\n\n\n\n<p><a rel=\"noreferrer noopener\" href=\"https:\/\/peru.mapbiomas.org\/wp-content\/uploads\/sites\/14\/2024\/11\/Nota-tecnica_-Incendios-forestales-en-el-Peru-2002-2024-1.pdf\" target=\"_blank\">Forest fires in Peru from 2002 to 2024 (v. 25.11.2024, available in Spanish)<\/a><strong> &#8211; <\/strong>Presents an analysis of two decades of fires in Peruvian territory (2002\u20132024). Quantitative data were generated based on information from records of heat sources, analyzing their relationship with land use, emphasis was placed on the months of August and September 2024, the time of year in which the highest occurrence of fires is historically concentrated.<\/p>","protected":false},"excerpt":{"rendered":"<p>Notas t\u00e9cnicas generadas por MapBiomas Per\u00fa sobre temas espec\u00edficos: Incendios forestales en Per\u00fa entre 2002 al 2025 (v.12.2025, disponible en espa\u00f1ol) \u2013 Presenta un an\u00e1lisis de dos d\u00e9cadas de incendios en el territorio peruano (2002\u20132025). Se generaron datos cuantitativos con base en informaci\u00f3n de registros de focos de calor, analizando su relaci\u00f3n con el uso [&hellip;]<\/p>","protected":false},"author":2,"featured_media":0,"parent":0,"menu_order":0,"comment_status":"closed","ping_status":"closed","template":"","meta":{"_uag_custom_page_level_css":""},"acf":[],"uagb_featured_image_src":{"full":false,"thumbnail":false,"medium":false,"medium_large":false,"large":false,"1536x1536":false,"2048x2048":false,"trp-custom-language-flag":false,"infographic":false,"team":false},"uagb_author_info":{"display_name":"Adriel Fernandes","author_link":"https:\/\/peru.mapbiomas.org\/en\/author\/adriel-fernandes\/"},"uagb_comment_info":0,"uagb_excerpt":"Notas t\u00e9cnicas generadas por MapBiomas Per\u00fa sobre temas espec\u00edficos: Incendios forestales en Per\u00fa entre 2002 al 2025 (v.12.2025, disponible en espa\u00f1ol) \u2013 Presenta un an\u00e1lisis de dos d\u00e9cadas de incendios en el territorio peruano (2002\u20132025). Se generaron datos cuantitativos con base en informaci\u00f3n de registros de focos de calor, analizando su relaci\u00f3n con el uso&hellip;","_links":{"self":[{"href":"https:\/\/peru.mapbiomas.org\/en\/wp-json\/wp\/v2\/pages\/1253"}],"collection":[{"href":"https:\/\/peru.mapbiomas.org\/en\/wp-json\/wp\/v2\/pages"}],"about":[{"href":"https:\/\/peru.mapbiomas.org\/en\/wp-json\/wp\/v2\/types\/page"}],"author":[{"embeddable":true,"href":"https:\/\/peru.mapbiomas.org\/en\/wp-json\/wp\/v2\/users\/2"}],"replies":[{"embeddable":true,"href":"https:\/\/peru.mapbiomas.org\/en\/wp-json\/wp\/v2\/comments?post=1253"}],"version-history":[{"count":9,"href":"https:\/\/peru.mapbiomas.org\/en\/wp-json\/wp\/v2\/pages\/1253\/revisions"}],"predecessor-version":[{"id":1764,"href":"https:\/\/peru.mapbiomas.org\/en\/wp-json\/wp\/v2\/pages\/1253\/revisions\/1764"}],"wp:attachment":[{"href":"https:\/\/peru.mapbiomas.org\/en\/wp-json\/wp\/v2\/media?parent=1253"}],"curies":[{"name":"wp","href":"https:\/\/api.w.org\/{rel}","templated":true}]}}