{"id":121,"date":"2023-08-01T20:19:27","date_gmt":"2023-08-01T20:19:27","guid":{"rendered":"https:\/\/staging-peru.mapbiomas.org\/?page_id=121"},"modified":"2025-06-09T14:28:40","modified_gmt":"2025-06-09T19:28:40","slug":"herramientas","status":"publish","type":"page","link":"https:\/\/peru.mapbiomas.org\/en\/herramientas\/","title":{"rendered":"Tools"},"content":{"rendered":"<h2 class=\"wp-block-heading\"><strong>GOOGLE EARTH ENGINE<\/strong><\/h2>\n\n\n\n<p>MapBiomas uses technology from the Google Earth Engine platform. We provide scripts to facilitate access to the MapBiomas collections.<\/p>\n\n\n\n<p>To access and run follow the following instructions:<\/p>\n\n\n\n<ul>\n<li>With a Gmail account sign up for the Google Earth Engine Platform through this link<a href=\"https:\/\/earthengine.google.com\/\"> https:\/\/earthengine.google.com<\/a><\/li>\n\n\n\n<li>A confirmation email will immediately arrive to access the platform.&nbsp;<\/li>\n\n\n\n<li>Upon receiving the confirmation notification, enter the link of the scripts you want to run.<\/li>\n\n\n\n<li>Adjust the parameters according to the requirement to obtain the desired map.<\/li>\n<\/ul>\n\n\n\n<p>We encourage SCRIPT MAPBIOMAS users to send us their suggestions for innovation so that we can constantly improve it.<\/p>\n\n\n\n<figure class=\"wp-block-image size-large\"><img decoding=\"async\" src=\"https:\/\/peru.mapbiomas.org\/wp-content\/uploads\/sites\/14\/2023\/08\/google-earth-engine.jpg\" alt=\"Google Earth Engine\" \/><\/figure>\n\n\n\n<p><strong>Access to MapBiomas collection on Google Earth Engine<\/strong><\/p>\n\n\n\n<p>Las colecciones de im\u00e1genes y mapas de MapBiomas est\u00e1n disponibles como assets directamente en Google Earth Engine, sin la necesidad de descargar o subir datos. Acceda al&nbsp;<a href=\"https:\/\/colombia.mapbiomas.org\/videos\/\">tutorial video<\/a>&nbsp;sobre el uso del toolkit. A continuaci\u00f3n se presentan los productos disponibles y los respectivos IDs de acceso en Google Earth Engine:<\/p>\n\n\n\n<p><strong>Mapas de cobertura y uso de la Colecci\u00f3n 3 MapBiomas Per\u00fa<\/strong><\/p>\n\n\n\n<p>id: projects\/mapbiomas-public\/assets\/peru\/collection3\/mapbiomas_peru_collection3_integration_v1<\/p>\n\n\n\n<p><strong>Mapas de transici\u00f3n entre a\u00f1os seleccionados de la Colecci\u00f3n 3 MapBiomas Per\u00fa<\/strong><\/p>\n\n\n\n<p>id: projects\/mapbiomas-public\/assets\/peru\/collection3\/mapbiomas_peru_collection3_transitions_v1<\/p>\n\n\n\n<p><strong>Mosaico de Im\u00e1genes Landsat para cada a\u00f1o de la Colecci\u00f3n 3 MapBiomas Per\u00fa<\/strong><\/p>\n\n\n\n<p><em>id 1 (1985-2021): &nbsp;projects\/nexgenmap\/MapBiomas2\/LANDSAT\/PANAMAZON\/mosaics-2<\/em><\/p>\n\n\n\n<p><em>id 2 (2022-2024): projects\/mapbiomas-raisg\/MOSAICOS\/mosaics-2<\/em><\/p>\n\n\n\n<h2 class=\"wp-block-heading\"><strong>GITHUB<\/strong><\/h2>\n\n\n\n<p>MapBiomas Peru Processing Code Repository<\/p>\n\n\n\n<p>The codes used by MapBiomas Peru to produce the maps, including classification, spatial and temporal filters, data integration, generation of transitions and calculation of statistics, among others, are available in the code repository on GitHub.<\/p>\n\n\n\n<p>Access <a href=\"https:\/\/github.com\/mapbiomas-peru\">https:\/\/github.com\/mapbiomas-peru<\/a>&nbsp;<\/p>\n\n\n\n<figure class=\"wp-block-image size-large\"><img decoding=\"async\" src=\"https:\/\/peru.mapbiomas.org\/wp-content\/uploads\/sites\/14\/2024\/02\/pasted-image-0.png\" alt=\"\" \/><\/figure>","protected":false},"excerpt":{"rendered":"<p>GOOGLE EARTH ENGINE MapBiomas usa tecnolog\u00eda de la plataforma Google Earth Engine. Pone a disponibilidad del usuario los scripts para facilitar el acceso a las colecciones de mapas. Para acceder y correr el script, siga las siguientes instrucciones: Invitamos a los usuarios de los scripts de MAPBIOMAS a compartir con el equipo sus sugerencias de [&hellip;]<\/p>","protected":false},"author":2,"featured_media":0,"parent":0,"menu_order":0,"comment_status":"closed","ping_status":"closed","template":"","meta":{"_uag_custom_page_level_css":""},"acf":[],"uagb_featured_image_src":{"full":false,"thumbnail":false,"medium":false,"medium_large":false,"large":false,"1536x1536":false,"2048x2048":false,"trp-custom-language-flag":false,"infographic":false,"team":false},"uagb_author_info":{"display_name":"Adriel Fernandes","author_link":"https:\/\/peru.mapbiomas.org\/en\/author\/adriel-fernandes\/"},"uagb_comment_info":0,"uagb_excerpt":"GOOGLE EARTH ENGINE MapBiomas usa tecnolog\u00eda de la plataforma Google Earth Engine. Pone a disponibilidad del usuario los scripts para facilitar el acceso a las colecciones de mapas. Para acceder y correr el script, siga las siguientes instrucciones: Invitamos a los usuarios de los scripts de MAPBIOMAS a compartir con el equipo sus sugerencias de&hellip;","_links":{"self":[{"href":"https:\/\/peru.mapbiomas.org\/en\/wp-json\/wp\/v2\/pages\/121"}],"collection":[{"href":"https:\/\/peru.mapbiomas.org\/en\/wp-json\/wp\/v2\/pages"}],"about":[{"href":"https:\/\/peru.mapbiomas.org\/en\/wp-json\/wp\/v2\/types\/page"}],"author":[{"embeddable":true,"href":"https:\/\/peru.mapbiomas.org\/en\/wp-json\/wp\/v2\/users\/2"}],"replies":[{"embeddable":true,"href":"https:\/\/peru.mapbiomas.org\/en\/wp-json\/wp\/v2\/comments?post=121"}],"version-history":[{"count":23,"href":"https:\/\/peru.mapbiomas.org\/en\/wp-json\/wp\/v2\/pages\/121\/revisions"}],"predecessor-version":[{"id":1496,"href":"https:\/\/peru.mapbiomas.org\/en\/wp-json\/wp\/v2\/pages\/121\/revisions\/1496"}],"wp:attachment":[{"href":"https:\/\/peru.mapbiomas.org\/en\/wp-json\/wp\/v2\/media?parent=121"}],"curies":[{"name":"wp","href":"https:\/\/api.w.org\/{rel}","templated":true}]}}