{"id":1200,"date":"2024-11-19T16:39:22","date_gmt":"2024-11-19T21:39:22","guid":{"rendered":"https:\/\/peru.mapbiomas.org\/?page_id=1200"},"modified":"2025-06-09T13:59:49","modified_gmt":"2025-06-09T18:59:49","slug":"segunda-edicion-del-premio-mapbiomas-peru","status":"publish","type":"page","link":"https:\/\/peru.mapbiomas.org\/en\/segunda-edicion-del-premio-mapbiomas-peru\/","title":{"rendered":"2nd Edition of MapBiomas Peru Award"},"content":{"rendered":"<div class=\"wp-block-uagb-container uagb-block-1e8c033f alignfull uagb-is-root-container\"><div class=\"uagb-container-inner-blocks-wrap\">\n<figure class=\"wp-block-image size-large\"><img decoding=\"async\" loading=\"lazy\" width=\"1024\" height=\"431\" src=\"https:\/\/peru.mapbiomas.org\/wp-content\/uploads\/sites\/14\/2025\/05\/BANNER-PREMIO-MAPBIOMAS-2-1024x431.png\" alt=\"\" class=\"wp-image-1403\" srcset=\"https:\/\/peru.mapbiomas.org\/wp-content\/uploads\/sites\/14\/2025\/05\/BANNER-PREMIO-MAPBIOMAS-2-1024x431.png 1024w, https:\/\/peru.mapbiomas.org\/wp-content\/uploads\/sites\/14\/2025\/05\/BANNER-PREMIO-MAPBIOMAS-2-300x126.png 300w, https:\/\/peru.mapbiomas.org\/wp-content\/uploads\/sites\/14\/2025\/05\/BANNER-PREMIO-MAPBIOMAS-2-768x323.png 768w, https:\/\/peru.mapbiomas.org\/wp-content\/uploads\/sites\/14\/2025\/05\/BANNER-PREMIO-MAPBIOMAS-2-18x8.png 18w, https:\/\/peru.mapbiomas.org\/wp-content\/uploads\/sites\/14\/2025\/05\/BANNER-PREMIO-MAPBIOMAS-2.png 1513w\" sizes=\"(max-width: 1024px) 100vw, 1024px\" \/><\/figure>\n<\/div><a class=\"spectra-container-link-overlay\" rel=\"noopener\" href=\"https:\/\/docs.google.com\/forms\/d\/e\/1FAIpQLSceYp1M5sQyOwDC-YnTCRIXFPwaYo7XvZJButn2a8idEIv3VQ\/viewform\" target=\"_blank\"> <\/a><\/div>\n\n\n\n<p>La segunda edici\u00f3n del Premio MapBiomas Per\u00fa tiene por objetivo promover la investigaci\u00f3n y el uso de datos de monitoreo satelital para aportar a la identificaci\u00f3n de problem\u00e1ticas socioambientales y el planteamiento de soluciones desde la academia, las organizaciones de la sociedad civil y las entidades del Estado. Te invitamos a consultar las bases y a postular tu trabajo.<\/p>\n\n\n\n<p>La fecha l\u00edmite para hacerlo es el 6 de julio de 2025.<\/p>\n\n\n\n<div class=\"wp-block-uagb-container uagb-block-933d08f1 alignfull uagb-is-root-container\"><div class=\"uagb-container-inner-blocks-wrap\">\n<div class=\"wp-block-uagb-container uagb-block-30abad1f\">\n<div class=\"wp-block-buttons is-content-justification-right is-layout-flex wp-container-1\">\n<div class=\"wp-block-button has-custom-width wp-block-button__width-50 is-style-info\"><a class=\"wp-block-button__link wp-element-button\" rel=\"https:\/\/peru.mapbiomas.org\/wp-content\/uploads\/sites\/14\/2025\/05\/bases-del-concurso-rubrica-version-26.05.25.pdf\">             Bases              <\/a><\/div>\n<\/div>\n<a class=\"spectra-container-link-overlay\" rel=\"noopener\" href=\"https:\/\/peru.mapbiomas.org\/wp-content\/uploads\/sites\/14\/2025\/06\/Bases-del-concurso-rubrica-version-0606.pdf\" target=\"_blank\"> <\/a><\/div>\n\n\n\n<div class=\"wp-block-uagb-container uagb-block-36d8247a\">\n<div class=\"wp-block-buttons is-content-justification-left is-layout-flex wp-container-2\">\n<div class=\"wp-block-button has-custom-width wp-block-button__width-50 is-style-info\"><a class=\"wp-block-button__link wp-element-button\" rel=\"https:\/\/docs.google.com\/forms\/d\/e\/1FAIpQLSceYp1M5sQyOwDC-YnTCRIXFPwaYo7XvZJButn2a8idEIv3VQ\/viewform\">Formulario de env\u00edo<\/a><\/div>\n<\/div>\n<a class=\"spectra-container-link-overlay\" rel=\"noopener\" href=\"https:\/\/docs.google.com\/forms\/d\/e\/1FAIpQLSceYp1M5sQyOwDC-YnTCRIXFPwaYo7XvZJButn2a8idEIv3VQ\/viewform\" target=\"_blank\"> <\/a><\/div>\n<\/div><\/div>\n\n\n\n<p>Puedes postular un trabajo, individual o en coautor\u00eda, que utilice los <strong>datos o productos de MapBiomas Per\u00fa <\/strong>en alguna de estas tres categor\u00edas:<\/p>\n\n\n\n<div class=\"wp-block-uagb-container uagb-block-60f0156e alignfull uagb-is-root-container\"><div class=\"uagb-container-inner-blocks-wrap\">\n<figure class=\"wp-block-image size-large\"><img decoding=\"async\" loading=\"lazy\" width=\"1024\" height=\"683\" src=\"https:\/\/peru.mapbiomas.org\/wp-content\/uploads\/sites\/14\/2025\/05\/categorias-1024x683.png\" alt=\"\" class=\"wp-image-1413\" srcset=\"https:\/\/peru.mapbiomas.org\/wp-content\/uploads\/sites\/14\/2025\/05\/categorias-1024x683.png 1024w, https:\/\/peru.mapbiomas.org\/wp-content\/uploads\/sites\/14\/2025\/05\/categorias-300x200.png 300w, https:\/\/peru.mapbiomas.org\/wp-content\/uploads\/sites\/14\/2025\/05\/categorias-768x512.png 768w, https:\/\/peru.mapbiomas.org\/wp-content\/uploads\/sites\/14\/2025\/05\/categorias-18x12.png 18w, https:\/\/peru.mapbiomas.org\/wp-content\/uploads\/sites\/14\/2025\/05\/categorias.png 1536w\" sizes=\"(max-width: 1024px) 100vw, 1024px\" \/><\/figure>\n<\/div><\/div>\n\n\n\n<p><strong>General<\/strong>: Projects carried out by researchers, graduate students, technical professionals, professors or any professional using MapBiomas Peru data or products for research or educational purposes.<\/p>\n\n\n\n<p><strong>Youth<\/strong>Projects carried out by undergraduate and graduate students up to 2023.<\/p>\n\n\n\n<p><strong>Public Policy<\/strong>Projects conducted by members of government agencies that use MapBiomas Peru data or products for the development of public policy in the country.<\/p>\n\n\n\n<p>\u00a1Te invitamos a contribuir con tu investigaci\u00f3n!<\/p>\n\n\n\n<p> <\/p>\n\n\n\n<p> <\/p>\n\n\n\n<p> <\/p>\n\n\n\n<p>Si tienes dudas, te invitamos a contactarnos en <a href=\"mailto:mapbiomas.peru@gmail.com\">mapbiomas.peru@gmail.com<\/a>&nbsp;<\/p>\n\n\n\n<p>Ponemos a disposici\u00f3n un videotutorial para el uso y descarga de datos de la plataforma.<\/p>\n\n\n\n<p>Consulta las <a href=\"https:\/\/peru.mapbiomas.org\/wp-content\/uploads\/sites\/14\/2025\/06\/Bases-del-concurso-rubrica-version-0606.pdf\" target=\"_blank\" rel=\"noreferrer noopener\">bases del premio<\/a> para conocer la informaci\u00f3n de manera detallada.<\/p>\n\n\n\n<p><\/p>","protected":false},"excerpt":{"rendered":"<p>La segunda edici\u00f3n del Premio MapBiomas Per\u00fa tiene por objetivo promover la investigaci\u00f3n y el uso de datos de monitoreo satelital para aportar a la identificaci\u00f3n de problem\u00e1ticas socioambientales y el planteamiento de soluciones desde la academia, las organizaciones de la sociedad civil y las entidades del Estado. Te invitamos a consultar las bases y [&hellip;]<\/p>","protected":false},"author":2,"featured_media":0,"parent":0,"menu_order":0,"comment_status":"closed","ping_status":"closed","template":"","meta":{"_uag_custom_page_level_css":""},"acf":[],"uagb_featured_image_src":{"full":false,"thumbnail":false,"medium":false,"medium_large":false,"large":false,"1536x1536":false,"2048x2048":false,"trp-custom-language-flag":false,"infographic":false,"team":false},"uagb_author_info":{"display_name":"Adriel Fernandes","author_link":"https:\/\/peru.mapbiomas.org\/en\/author\/adriel-fernandes\/"},"uagb_comment_info":0,"uagb_excerpt":"La segunda edici\u00f3n del Premio MapBiomas Per\u00fa tiene por objetivo promover la investigaci\u00f3n y el uso de datos de monitoreo satelital para aportar a la identificaci\u00f3n de problem\u00e1ticas socioambientales y el planteamiento de soluciones desde la academia, las organizaciones de la sociedad civil y las entidades del Estado. Te invitamos a consultar las bases y&hellip;","_links":{"self":[{"href":"https:\/\/peru.mapbiomas.org\/en\/wp-json\/wp\/v2\/pages\/1200"}],"collection":[{"href":"https:\/\/peru.mapbiomas.org\/en\/wp-json\/wp\/v2\/pages"}],"about":[{"href":"https:\/\/peru.mapbiomas.org\/en\/wp-json\/wp\/v2\/types\/page"}],"author":[{"embeddable":true,"href":"https:\/\/peru.mapbiomas.org\/en\/wp-json\/wp\/v2\/users\/2"}],"replies":[{"embeddable":true,"href":"https:\/\/peru.mapbiomas.org\/en\/wp-json\/wp\/v2\/comments?post=1200"}],"version-history":[{"count":24,"href":"https:\/\/peru.mapbiomas.org\/en\/wp-json\/wp\/v2\/pages\/1200\/revisions"}],"predecessor-version":[{"id":1767,"href":"https:\/\/peru.mapbiomas.org\/en\/wp-json\/wp\/v2\/pages\/1200\/revisions\/1767"}],"wp:attachment":[{"href":"https:\/\/peru.mapbiomas.org\/en\/wp-json\/wp\/v2\/media?parent=1200"}],"curies":[{"name":"wp","href":"https:\/\/api.w.org\/{rel}","templated":true}]}}